{"id":496,"date":"2017-04-27T11:07:48","date_gmt":"2017-04-27T09:07:48","guid":{"rendered":"https:\/\/visitpeipsi.com\/?page_id=496\/"},"modified":"2017-04-28T08:24:20","modified_gmt":"2017-04-28T06:24:20","slug":"traveling-in-peipsimaa","status":"publish","type":"page","link":"https:\/\/visitpeipsi.com\/en\/how-to-get-there\/traveling-in-peipsimaa\/","title":{"rendered":"Traveling in Peipsimaa"},"content":{"rendered":"<p>Et teie reis kulgeks ladusalt, siis kindlasti arvestage kohalike tugiteenuste pakkumisega.<\/p>\n<p><strong>Tanklad<\/strong><br \/>\nOlerex Iisaku tankla &#8211; Avatud 06-22<br \/>\nOlerexi Mustvee tankla &#8211; Avatud 06-22<br \/>\nStatoil Mustvee &#8211; Avatud 24 tundi<br \/>\nOlerex Torma automaattankla<br \/>\nOlerex tankla Alatskivil &#8211; Avatud 06-22<br \/>\nOlerex tankla Aovere &#8211; Avatud 24 tundi<br \/>\nOlerex tankla R\u00e4pina &#8211; Avatud 24 tundi;<br \/>\nMahta K\u00fctus AS R\u00e4pina tankla &#8211; Avatud 24h<br \/>\nMahta K\u00fctus AS V\u00e4rska tankla &#8211; Avatud 24h<\/p>\n<p><strong>Apteegid<\/strong><br \/>\nIisaku apteek; Tartu mnt 48, Iisaku<br \/>\nAvinurme haruapteek; V\u00f5idu 6, Avinurme<br \/>\nMustvee Apteek O\u00dc; Tartu 3, Mustvee<br \/>\nPala Apteek; Pala<br \/>\nKallaste Apteek; Oja 17, Kallaste<br \/>\nAlatskivi Apteek; Lossi 3, Alatskivi<br \/>\nKolkja Benu Apteek; Kolkja<br \/>\nKoosa Apteek; Koosa<br \/>\nV\u00f5nnu Apteek O\u00dc &amp; Haruapteegid; Tartu 22, V\u00f5nnu<br \/>\nIlve Paatsi Mehikoorma Apteek; Mehikoorma<br \/>\nR\u00e4pina Apteeks O\u00dc; V\u00f5ru mnt 1, R\u00e4pina<br \/>\nApteek R\u00e4pina Astri kauplsuses; R\u00e4pina<br \/>\nEuroapteek O\u00dc; Pargi 1, R\u00e4pina<br \/>\nV\u00e4rska Apteek; Pikk 30, V\u00e4rska<\/p>\n<p><strong>Rahavahetus<\/strong><br \/>\nRaha saab vahetada l\u00e4himate linnade pangakontorites: J\u00f5hvi, J\u00f5geva, Tartu, R\u00e4pinas, P\u00f5lvas.<\/p>\n<p><strong>Kordonite info<br \/>\n<\/strong>Vasknarva: +372 333 1650, +372 520 3254, ida.vasknarva-krd@list.politsei.ee<br \/>\nAlaj\u00f5e: +372 333 1660, +372 525 2317, ida.alajoe-te@list.politsei.ee<br \/>\nMustvee: +372 3331 670, +372 525 9548, louna.mustvee-krd@list.politsei.ee<strong><br \/>\n<\/strong>Varnja: +372 3331 690, +372 524 1608, louna.varnja-krd@list.politsei.ee<br \/>\nMehikoorma: +372 7861 790, +372 5919 9495, louna.mehikoorma-krd@list.politsei.ee<br \/>\nV\u00e4rska: +372 7861 780, +372 525 2640, louna.varska-krd@list.politsei.ee<\/p>\n<p><strong>Piiriinfo<\/strong><br \/>\nNarva \u2013 1 piiripunkt, +372 333 1600. Avatud 24h<br \/>\nKoidula piiripunkt, +372 786 1800. Avatud 24h<br \/>\nLuhamaa piiripunkt, +372 786 1830. Avatud 24h<br \/>\nNarva-2 piiripunkt: +372 333 1600. Narva-2 piiripunkt on avatud iga p\u00e4ev kl 8.00-20.00 (ainult Eesti Vabariigi ja Vene F\u00f6deratsiooni elanikele, ainult jalgsi piiri \u00fcletavatele inimestele)<br \/>\nSaatse piiripunkt Saatse-Petseri maanteel: +372 786 1775. Saatse piiripunkt on avatud iga p\u00e4ev kl 7.00-17.00 (ainult Eesti Vabariigi ja Vene F\u00f6deratsiooni elanikele, ainult jalgsi piiri \u00fcletavatele inimestele)<\/p>\n","protected":false},"excerpt":{"rendered":"<p>Et teie reis kulgeks ladusalt, siis kindlasti arvestage kohalike tugiteenuste pakkumisega. Tanklad Olerex Iisaku tankla &#8211; Avatud 06-22 Olerexi Mustvee tankla &#8211; Avatud 06-22 Statoil Mustvee &#8211; Avatud 24 tundi Olerex Torma automaattankla Olerex tankla Alatskivil &#8211; Avatud 06-22 Olerex tankla Aovere &#8211; Avatud 24 tundi Olerex tankla R\u00e4pina &#8211; Avatud 24 tundi; Mahta K\u00fctus [&hellip;]<\/p>\n","protected":false},"author":5,"featured_media":2950,"parent":478,"menu_order":0,"comment_status":"closed","ping_status":"closed","template":"","meta":{"footnotes":""},"class_list":["post-496","page","type-page","status-publish","has-post-thumbnail","hentry"],"yoast_head":"<!-- This site is optimized with the Yoast SEO plugin v27.4 - https:\/\/yoast.com\/product\/yoast-seo-wordpress\/ -->\n<title>Traveling in Peipsimaa - Visitpeipsi<\/title>\n<meta name=\"robots\" content=\"index, follow, max-snippet:-1, max-image-preview:large, max-video-preview:-1\" \/>\n<meta property=\"og:locale\" content=\"en_US\" \/>\n<meta property=\"og:type\" content=\"article\" \/>\n<meta property=\"og:title\" content=\"Traveling in Peipsimaa - Visitpeipsi\" \/>\n<meta property=\"og:description\" content=\"Et teie reis kulgeks ladusalt, siis kindlasti arvestage kohalike tugiteenuste pakkumisega. Tanklad Olerex Iisaku tankla &#8211; Avatud 06-22 Olerexi Mustvee tankla &#8211; Avatud 06-22 Statoil Mustvee &#8211; Avatud 24 tundi Olerex Torma automaattankla Olerex tankla Alatskivil &#8211; Avatud 06-22 Olerex tankla Aovere &#8211; Avatud 24 tundi Olerex tankla R\u00e4pina &#8211; Avatud 24 tundi; Mahta K\u00fctus [&hellip;]\" \/>\n<meta property=\"og:url\" content=\"https:\/\/visitpeipsi.com\/en\/how-to-get-there\/traveling-in-peipsimaa\/\" \/>\n<meta property=\"og:site_name\" content=\"Visitpeipsi\" \/>\n<meta property=\"article:publisher\" content=\"https:\/\/www.facebook.com\/visitpeipsi\" \/>\n<meta property=\"article:modified_time\" content=\"2017-04-28T06:24:20+00:00\" \/>\n<meta property=\"og:image\" content=\"https:\/\/visitpeipsi.com\/wp-content\/uploads\/2017\/01\/village.jpg\" \/>\n\t<meta property=\"og:image:width\" content=\"1400\" \/>\n\t<meta property=\"og:image:height\" content=\"610\" \/>\n\t<meta property=\"og:image:type\" content=\"image\/jpeg\" \/>\n<meta name=\"twitter:card\" content=\"summary_large_image\" \/>\n<meta name=\"twitter:label1\" content=\"Est. reading time\" \/>\n\t<meta name=\"twitter:data1\" content=\"1 minute\" \/>\n<script type=\"application\/ld+json\" class=\"yoast-schema-graph\">{\"@context\":\"https:\\\/\\\/schema.org\",\"@graph\":[{\"@type\":\"WebPage\",\"@id\":\"https:\\\/\\\/visitpeipsi.com\\\/en\\\/how-to-get-there\\\/traveling-in-peipsimaa\\\/\",\"url\":\"https:\\\/\\\/visitpeipsi.com\\\/en\\\/how-to-get-there\\\/traveling-in-peipsimaa\\\/\",\"name\":\"Traveling in Peipsimaa - Visitpeipsi\",\"isPartOf\":{\"@id\":\"https:\\\/\\\/visitpeipsi.com\\\/#website\"},\"primaryImageOfPage\":{\"@id\":\"https:\\\/\\\/visitpeipsi.com\\\/en\\\/how-to-get-there\\\/traveling-in-peipsimaa\\\/#primaryimage\"},\"image\":{\"@id\":\"https:\\\/\\\/visitpeipsi.com\\\/en\\\/how-to-get-there\\\/traveling-in-peipsimaa\\\/#primaryimage\"},\"thumbnailUrl\":\"https:\\\/\\\/visitpeipsi.com\\\/wp-content\\\/uploads\\\/2025\\\/01\\\/village.jpg\",\"datePublished\":\"2017-04-27T09:07:48+00:00\",\"dateModified\":\"2017-04-28T06:24:20+00:00\",\"breadcrumb\":{\"@id\":\"https:\\\/\\\/visitpeipsi.com\\\/en\\\/how-to-get-there\\\/traveling-in-peipsimaa\\\/#breadcrumb\"},\"inLanguage\":\"en-US\",\"potentialAction\":[{\"@type\":\"ReadAction\",\"target\":[\"https:\\\/\\\/visitpeipsi.com\\\/en\\\/how-to-get-there\\\/traveling-in-peipsimaa\\\/\"]}]},{\"@type\":\"ImageObject\",\"inLanguage\":\"en-US\",\"@id\":\"https:\\\/\\\/visitpeipsi.com\\\/en\\\/how-to-get-there\\\/traveling-in-peipsimaa\\\/#primaryimage\",\"url\":\"https:\\\/\\\/visitpeipsi.com\\\/wp-content\\\/uploads\\\/2025\\\/01\\\/village.jpg\",\"contentUrl\":\"https:\\\/\\\/visitpeipsi.com\\\/wp-content\\\/uploads\\\/2025\\\/01\\\/village.jpg\",\"width\":1900,\"height\":500},{\"@type\":\"BreadcrumbList\",\"@id\":\"https:\\\/\\\/visitpeipsi.com\\\/en\\\/how-to-get-there\\\/traveling-in-peipsimaa\\\/#breadcrumb\",\"itemListElement\":[{\"@type\":\"ListItem\",\"position\":1,\"name\":\"How to get there?\",\"item\":\"https:\\\/\\\/visitpeipsi.com\\\/en\\\/how-to-get-there\\\/\"},{\"@type\":\"ListItem\",\"position\":2,\"name\":\"Traveling in Peipsimaa\"}]},{\"@type\":\"WebSite\",\"@id\":\"https:\\\/\\\/visitpeipsi.com\\\/#website\",\"url\":\"https:\\\/\\\/visitpeipsi.com\\\/\",\"name\":\"Visitpeipsi\",\"description\":\"turism, peipsi, vanausulised, kultuur, culture, onion, fish, kala, sibul\",\"publisher\":{\"@id\":\"https:\\\/\\\/visitpeipsi.com\\\/#organization\"},\"potentialAction\":[{\"@type\":\"SearchAction\",\"target\":{\"@type\":\"EntryPoint\",\"urlTemplate\":\"https:\\\/\\\/visitpeipsi.com\\\/?s={search_term_string}\"},\"query-input\":{\"@type\":\"PropertyValueSpecification\",\"valueRequired\":true,\"valueName\":\"search_term_string\"}}],\"inLanguage\":\"en-US\"},{\"@type\":\"Organization\",\"@id\":\"https:\\\/\\\/visitpeipsi.com\\\/#organization\",\"name\":\"Peipsimaa turism\",\"url\":\"https:\\\/\\\/visitpeipsi.com\\\/\",\"logo\":{\"@type\":\"ImageObject\",\"inLanguage\":\"en-US\",\"@id\":\"https:\\\/\\\/visitpeipsi.com\\\/#\\\/schema\\\/logo\\\/image\\\/\",\"url\":\"https:\\\/\\\/visitpeipsi.com\\\/wp-content\\\/uploads\\\/2020\\\/12\\\/favicon-3.png\",\"contentUrl\":\"https:\\\/\\\/visitpeipsi.com\\\/wp-content\\\/uploads\\\/2020\\\/12\\\/favicon-3.png\",\"width\":512,\"height\":512,\"caption\":\"Peipsimaa turism\"},\"image\":{\"@id\":\"https:\\\/\\\/visitpeipsi.com\\\/#\\\/schema\\\/logo\\\/image\\\/\"},\"sameAs\":[\"https:\\\/\\\/www.facebook.com\\\/visitpeipsi\",\"https:\\\/\\\/www.instagram.com\\\/visitpeipsi\\\/\"]}]}<\/script>\n<!-- \/ Yoast SEO plugin. -->","yoast_head_json":{"title":"Traveling in Peipsimaa - Visitpeipsi","robots":{"index":"index","follow":"follow","max-snippet":"max-snippet:-1","max-image-preview":"max-image-preview:large","max-video-preview":"max-video-preview:-1"},"og_locale":"en_US","og_type":"article","og_title":"Traveling in Peipsimaa - Visitpeipsi","og_description":"Et teie reis kulgeks ladusalt, siis kindlasti arvestage kohalike tugiteenuste pakkumisega. Tanklad Olerex Iisaku tankla &#8211; Avatud 06-22 Olerexi Mustvee tankla &#8211; Avatud 06-22 Statoil Mustvee &#8211; Avatud 24 tundi Olerex Torma automaattankla Olerex tankla Alatskivil &#8211; Avatud 06-22 Olerex tankla Aovere &#8211; Avatud 24 tundi Olerex tankla R\u00e4pina &#8211; Avatud 24 tundi; Mahta K\u00fctus [&hellip;]","og_url":"https:\/\/visitpeipsi.com\/en\/how-to-get-there\/traveling-in-peipsimaa\/","og_site_name":"Visitpeipsi","article_publisher":"https:\/\/www.facebook.com\/visitpeipsi","article_modified_time":"2017-04-28T06:24:20+00:00","og_image":[{"width":1400,"height":610,"url":"https:\/\/visitpeipsi.com\/wp-content\/uploads\/2017\/01\/village.jpg","type":"image\/jpeg"}],"twitter_card":"summary_large_image","twitter_misc":{"Est. reading time":"1 minute"},"schema":{"@context":"https:\/\/schema.org","@graph":[{"@type":"WebPage","@id":"https:\/\/visitpeipsi.com\/en\/how-to-get-there\/traveling-in-peipsimaa\/","url":"https:\/\/visitpeipsi.com\/en\/how-to-get-there\/traveling-in-peipsimaa\/","name":"Traveling in Peipsimaa - Visitpeipsi","isPartOf":{"@id":"https:\/\/visitpeipsi.com\/#website"},"primaryImageOfPage":{"@id":"https:\/\/visitpeipsi.com\/en\/how-to-get-there\/traveling-in-peipsimaa\/#primaryimage"},"image":{"@id":"https:\/\/visitpeipsi.com\/en\/how-to-get-there\/traveling-in-peipsimaa\/#primaryimage"},"thumbnailUrl":"https:\/\/visitpeipsi.com\/wp-content\/uploads\/2025\/01\/village.jpg","datePublished":"2017-04-27T09:07:48+00:00","dateModified":"2017-04-28T06:24:20+00:00","breadcrumb":{"@id":"https:\/\/visitpeipsi.com\/en\/how-to-get-there\/traveling-in-peipsimaa\/#breadcrumb"},"inLanguage":"en-US","potentialAction":[{"@type":"ReadAction","target":["https:\/\/visitpeipsi.com\/en\/how-to-get-there\/traveling-in-peipsimaa\/"]}]},{"@type":"ImageObject","inLanguage":"en-US","@id":"https:\/\/visitpeipsi.com\/en\/how-to-get-there\/traveling-in-peipsimaa\/#primaryimage","url":"https:\/\/visitpeipsi.com\/wp-content\/uploads\/2025\/01\/village.jpg","contentUrl":"https:\/\/visitpeipsi.com\/wp-content\/uploads\/2025\/01\/village.jpg","width":1900,"height":500},{"@type":"BreadcrumbList","@id":"https:\/\/visitpeipsi.com\/en\/how-to-get-there\/traveling-in-peipsimaa\/#breadcrumb","itemListElement":[{"@type":"ListItem","position":1,"name":"How to get there?","item":"https:\/\/visitpeipsi.com\/en\/how-to-get-there\/"},{"@type":"ListItem","position":2,"name":"Traveling in Peipsimaa"}]},{"@type":"WebSite","@id":"https:\/\/visitpeipsi.com\/#website","url":"https:\/\/visitpeipsi.com\/","name":"Visitpeipsi","description":"turism, peipsi, vanausulised, kultuur, culture, onion, fish, kala, sibul","publisher":{"@id":"https:\/\/visitpeipsi.com\/#organization"},"potentialAction":[{"@type":"SearchAction","target":{"@type":"EntryPoint","urlTemplate":"https:\/\/visitpeipsi.com\/?s={search_term_string}"},"query-input":{"@type":"PropertyValueSpecification","valueRequired":true,"valueName":"search_term_string"}}],"inLanguage":"en-US"},{"@type":"Organization","@id":"https:\/\/visitpeipsi.com\/#organization","name":"Peipsimaa turism","url":"https:\/\/visitpeipsi.com\/","logo":{"@type":"ImageObject","inLanguage":"en-US","@id":"https:\/\/visitpeipsi.com\/#\/schema\/logo\/image\/","url":"https:\/\/visitpeipsi.com\/wp-content\/uploads\/2020\/12\/favicon-3.png","contentUrl":"https:\/\/visitpeipsi.com\/wp-content\/uploads\/2020\/12\/favicon-3.png","width":512,"height":512,"caption":"Peipsimaa turism"},"image":{"@id":"https:\/\/visitpeipsi.com\/#\/schema\/logo\/image\/"},"sameAs":["https:\/\/www.facebook.com\/visitpeipsi","https:\/\/www.instagram.com\/visitpeipsi\/"]}]}},"_links":{"self":[{"href":"https:\/\/visitpeipsi.com\/en\/wp-json\/wp\/v2\/pages\/496","targetHints":{"allow":["GET"]}}],"collection":[{"href":"https:\/\/visitpeipsi.com\/en\/wp-json\/wp\/v2\/pages"}],"about":[{"href":"https:\/\/visitpeipsi.com\/en\/wp-json\/wp\/v2\/types\/page"}],"author":[{"embeddable":true,"href":"https:\/\/visitpeipsi.com\/en\/wp-json\/wp\/v2\/users\/5"}],"replies":[{"embeddable":true,"href":"https:\/\/visitpeipsi.com\/en\/wp-json\/wp\/v2\/comments?post=496"}],"version-history":[{"count":0,"href":"https:\/\/visitpeipsi.com\/en\/wp-json\/wp\/v2\/pages\/496\/revisions"}],"up":[{"embeddable":true,"href":"https:\/\/visitpeipsi.com\/en\/wp-json\/wp\/v2\/pages\/478"}],"wp:featuredmedia":[{"embeddable":true,"href":"https:\/\/visitpeipsi.com\/en\/wp-json\/wp\/v2\/media\/2950"}],"wp:attachment":[{"href":"https:\/\/visitpeipsi.com\/en\/wp-json\/wp\/v2\/media?parent=496"}],"curies":[{"name":"wp","href":"https:\/\/api.w.org\/{rel}","templated":true}]}}