{"id":556,"date":"2017-04-27T22:02:40","date_gmt":"2017-04-27T20:02:40","guid":{"rendered":"https:\/\/visitpeipsi.com\/?page_id=556\/"},"modified":"2017-04-27T22:02:40","modified_gmt":"2017-04-27T20:02:40","slug":"where-to-eat","status":"publish","type":"page","link":"https:\/\/visitpeipsi.com\/en\/food-of-peipsi\/where-to-eat\/","title":{"rendered":"Where to eat"},"content":{"rendered":"<p>Peipsimaal saavad kokku kolm kultuuri ja kolm k\u00f6\u00f6ki: eestlaste, vene vanausuliste ja setode traditsioonid. T\u00e4naseks on neist kujunenud piirkondlik toidukultuur, kus \u00fchelt ja teiselt laenatud s\u00f6\u00f6gid on hakanud oma elu elama, olles mitte enam kitsa piirkonna tunnuseks. Aimata ju v\u00f5ib, kuid tihtipeale ei oska mitmete toitude puhul isegi t\u00e4pset algup\u00e4ra v\u00e4lja m\u00f5elda. K\u00e4isid ju Peipsi\u00e4\u00e4re hinnatud ehitusmeistrid sisemaal t\u00f6\u00f6d tegemas, s\u00fcgisel vahetati sibulat vilja vastu, k\u00fcllap levisid lisaks muudele juttudele ka k\u00f6\u00f6gijutud.<\/p>\n<p>Peipsimaa toidulauale on iseloomulik muidugi kala- ja sibulas\u00f6\u00f6mine, k\u00f5ikv\u00f5imalikud pirukad ja rohke metsaandide kasutus. Peipsimaa toidud olid ka ehk natuke uuenduslikumad kui sisemaal, kuna eriti just kaldapiirkonnas tuli \u00fcsna palju toiduaineid osta v\u00f5i kala-sibula vastu vahetada. Toidud olid hooajalisest toorainest ja pidid vanausuliste ja \u00f5igeusuliste setode puhul vastama ka kirikuaasta seadustele.<\/p>\n","protected":false},"excerpt":{"rendered":"<p>Peipsimaal saavad kokku kolm kultuuri ja kolm k\u00f6\u00f6ki: eestlaste, vene vanausuliste ja setode traditsioonid. T\u00e4naseks on neist kujunenud piirkondlik toidukultuur, kus \u00fchelt ja teiselt laenatud s\u00f6\u00f6gid on hakanud oma elu elama, olles mitte enam kitsa piirkonna tunnuseks. Aimata ju v\u00f5ib, kuid tihtipeale ei oska mitmete toitude puhul isegi t\u00e4pset algup\u00e4ra v\u00e4lja m\u00f5elda. K\u00e4isid ju Peipsi\u00e4\u00e4re [&hellip;]<\/p>\n","protected":false},"author":5,"featured_media":3002,"parent":544,"menu_order":0,"comment_status":"closed","ping_status":"closed","template":"","meta":{"footnotes":""},"class_list":["post-556","page","type-page","status-publish","has-post-thumbnail","hentry"],"yoast_head":"<!-- This site is optimized with the Yoast SEO plugin v26.7 - https:\/\/yoast.com\/wordpress\/plugins\/seo\/ -->\n<title>Where to eat - Visitpeipsi<\/title>\n<meta name=\"robots\" content=\"index, follow, max-snippet:-1, max-image-preview:large, max-video-preview:-1\" \/>\n<meta property=\"og:locale\" content=\"en_US\" \/>\n<meta property=\"og:type\" content=\"article\" \/>\n<meta property=\"og:title\" content=\"Where to eat - Visitpeipsi\" \/>\n<meta property=\"og:description\" content=\"Peipsimaal saavad kokku kolm kultuuri ja kolm k\u00f6\u00f6ki: eestlaste, vene vanausuliste ja setode traditsioonid. T\u00e4naseks on neist kujunenud piirkondlik toidukultuur, kus \u00fchelt ja teiselt laenatud s\u00f6\u00f6gid on hakanud oma elu elama, olles mitte enam kitsa piirkonna tunnuseks. Aimata ju v\u00f5ib, kuid tihtipeale ei oska mitmete toitude puhul isegi t\u00e4pset algup\u00e4ra v\u00e4lja m\u00f5elda. K\u00e4isid ju Peipsi\u00e4\u00e4re [&hellip;]\" \/>\n<meta property=\"og:url\" content=\"https:\/\/visitpeipsi.com\/en\/food-of-peipsi\/where-to-eat\/\" \/>\n<meta property=\"og:site_name\" content=\"Visitpeipsi\" \/>\n<meta property=\"article:publisher\" content=\"https:\/\/www.facebook.com\/visitpeipsi\" \/>\n<meta property=\"og:image\" content=\"https:\/\/visitpeipsi.com\/wp-content\/uploads\/2017\/03\/29096639071_02924f8c8d_o.jpg\" \/>\n\t<meta property=\"og:image:width\" content=\"1400\" \/>\n\t<meta property=\"og:image:height\" content=\"610\" \/>\n\t<meta property=\"og:image:type\" content=\"image\/jpeg\" \/>\n<meta name=\"twitter:card\" content=\"summary_large_image\" \/>\n<meta name=\"twitter:label1\" content=\"Est. reading time\" \/>\n\t<meta name=\"twitter:data1\" content=\"1 minute\" \/>\n<script type=\"application\/ld+json\" class=\"yoast-schema-graph\">{\"@context\":\"https:\/\/schema.org\",\"@graph\":[{\"@type\":\"WebPage\",\"@id\":\"https:\/\/visitpeipsi.com\/en\/food-of-peipsi\/where-to-eat\/\",\"url\":\"https:\/\/visitpeipsi.com\/en\/food-of-peipsi\/where-to-eat\/\",\"name\":\"Where to eat - Visitpeipsi\",\"isPartOf\":{\"@id\":\"https:\/\/visitpeipsi.com\/#website\"},\"primaryImageOfPage\":{\"@id\":\"https:\/\/visitpeipsi.com\/en\/food-of-peipsi\/where-to-eat\/#primaryimage\"},\"image\":{\"@id\":\"https:\/\/visitpeipsi.com\/en\/food-of-peipsi\/where-to-eat\/#primaryimage\"},\"thumbnailUrl\":\"https:\/\/visitpeipsi.com\/wp-content\/uploads\/2025\/01\/Toit.jpg\",\"datePublished\":\"2017-04-27T20:02:40+00:00\",\"breadcrumb\":{\"@id\":\"https:\/\/visitpeipsi.com\/en\/food-of-peipsi\/where-to-eat\/#breadcrumb\"},\"inLanguage\":\"en-US\",\"potentialAction\":[{\"@type\":\"ReadAction\",\"target\":[\"https:\/\/visitpeipsi.com\/en\/food-of-peipsi\/where-to-eat\/\"]}]},{\"@type\":\"ImageObject\",\"inLanguage\":\"en-US\",\"@id\":\"https:\/\/visitpeipsi.com\/en\/food-of-peipsi\/where-to-eat\/#primaryimage\",\"url\":\"https:\/\/visitpeipsi.com\/wp-content\/uploads\/2025\/01\/Toit.jpg\",\"contentUrl\":\"https:\/\/visitpeipsi.com\/wp-content\/uploads\/2025\/01\/Toit.jpg\",\"width\":1900,\"height\":500},{\"@type\":\"BreadcrumbList\",\"@id\":\"https:\/\/visitpeipsi.com\/en\/food-of-peipsi\/where-to-eat\/#breadcrumb\",\"itemListElement\":[{\"@type\":\"ListItem\",\"position\":1,\"name\":\"Food of Peipsi\",\"item\":\"https:\/\/visitpeipsi.com\/en\/food-of-peipsi\/\"},{\"@type\":\"ListItem\",\"position\":2,\"name\":\"Where to eat\"}]},{\"@type\":\"WebSite\",\"@id\":\"https:\/\/visitpeipsi.com\/#website\",\"url\":\"https:\/\/visitpeipsi.com\/\",\"name\":\"Visitpeipsi\",\"description\":\"turism, peipsi, vanausulised, kultuur, culture, onion, fish, kala, sibul\",\"publisher\":{\"@id\":\"https:\/\/visitpeipsi.com\/#organization\"},\"potentialAction\":[{\"@type\":\"SearchAction\",\"target\":{\"@type\":\"EntryPoint\",\"urlTemplate\":\"https:\/\/visitpeipsi.com\/?s={search_term_string}\"},\"query-input\":{\"@type\":\"PropertyValueSpecification\",\"valueRequired\":true,\"valueName\":\"search_term_string\"}}],\"inLanguage\":\"en-US\"},{\"@type\":\"Organization\",\"@id\":\"https:\/\/visitpeipsi.com\/#organization\",\"name\":\"Peipsimaa turism\",\"url\":\"https:\/\/visitpeipsi.com\/\",\"logo\":{\"@type\":\"ImageObject\",\"inLanguage\":\"en-US\",\"@id\":\"https:\/\/visitpeipsi.com\/#\/schema\/logo\/image\/\",\"url\":\"https:\/\/visitpeipsi.com\/wp-content\/uploads\/2020\/12\/favicon-3.png\",\"contentUrl\":\"https:\/\/visitpeipsi.com\/wp-content\/uploads\/2020\/12\/favicon-3.png\",\"width\":512,\"height\":512,\"caption\":\"Peipsimaa turism\"},\"image\":{\"@id\":\"https:\/\/visitpeipsi.com\/#\/schema\/logo\/image\/\"},\"sameAs\":[\"https:\/\/www.facebook.com\/visitpeipsi\",\"https:\/\/www.instagram.com\/visitpeipsi\/\"]}]}<\/script>\n<!-- \/ Yoast SEO plugin. -->","yoast_head_json":{"title":"Where to eat - Visitpeipsi","robots":{"index":"index","follow":"follow","max-snippet":"max-snippet:-1","max-image-preview":"max-image-preview:large","max-video-preview":"max-video-preview:-1"},"og_locale":"en_US","og_type":"article","og_title":"Where to eat - Visitpeipsi","og_description":"Peipsimaal saavad kokku kolm kultuuri ja kolm k\u00f6\u00f6ki: eestlaste, vene vanausuliste ja setode traditsioonid. T\u00e4naseks on neist kujunenud piirkondlik toidukultuur, kus \u00fchelt ja teiselt laenatud s\u00f6\u00f6gid on hakanud oma elu elama, olles mitte enam kitsa piirkonna tunnuseks. Aimata ju v\u00f5ib, kuid tihtipeale ei oska mitmete toitude puhul isegi t\u00e4pset algup\u00e4ra v\u00e4lja m\u00f5elda. K\u00e4isid ju Peipsi\u00e4\u00e4re [&hellip;]","og_url":"https:\/\/visitpeipsi.com\/en\/food-of-peipsi\/where-to-eat\/","og_site_name":"Visitpeipsi","article_publisher":"https:\/\/www.facebook.com\/visitpeipsi","og_image":[{"width":1400,"height":610,"url":"https:\/\/visitpeipsi.com\/wp-content\/uploads\/2017\/03\/29096639071_02924f8c8d_o.jpg","type":"image\/jpeg"}],"twitter_card":"summary_large_image","twitter_misc":{"Est. reading time":"1 minute"},"schema":{"@context":"https:\/\/schema.org","@graph":[{"@type":"WebPage","@id":"https:\/\/visitpeipsi.com\/en\/food-of-peipsi\/where-to-eat\/","url":"https:\/\/visitpeipsi.com\/en\/food-of-peipsi\/where-to-eat\/","name":"Where to eat - Visitpeipsi","isPartOf":{"@id":"https:\/\/visitpeipsi.com\/#website"},"primaryImageOfPage":{"@id":"https:\/\/visitpeipsi.com\/en\/food-of-peipsi\/where-to-eat\/#primaryimage"},"image":{"@id":"https:\/\/visitpeipsi.com\/en\/food-of-peipsi\/where-to-eat\/#primaryimage"},"thumbnailUrl":"https:\/\/visitpeipsi.com\/wp-content\/uploads\/2025\/01\/Toit.jpg","datePublished":"2017-04-27T20:02:40+00:00","breadcrumb":{"@id":"https:\/\/visitpeipsi.com\/en\/food-of-peipsi\/where-to-eat\/#breadcrumb"},"inLanguage":"en-US","potentialAction":[{"@type":"ReadAction","target":["https:\/\/visitpeipsi.com\/en\/food-of-peipsi\/where-to-eat\/"]}]},{"@type":"ImageObject","inLanguage":"en-US","@id":"https:\/\/visitpeipsi.com\/en\/food-of-peipsi\/where-to-eat\/#primaryimage","url":"https:\/\/visitpeipsi.com\/wp-content\/uploads\/2025\/01\/Toit.jpg","contentUrl":"https:\/\/visitpeipsi.com\/wp-content\/uploads\/2025\/01\/Toit.jpg","width":1900,"height":500},{"@type":"BreadcrumbList","@id":"https:\/\/visitpeipsi.com\/en\/food-of-peipsi\/where-to-eat\/#breadcrumb","itemListElement":[{"@type":"ListItem","position":1,"name":"Food of Peipsi","item":"https:\/\/visitpeipsi.com\/en\/food-of-peipsi\/"},{"@type":"ListItem","position":2,"name":"Where to eat"}]},{"@type":"WebSite","@id":"https:\/\/visitpeipsi.com\/#website","url":"https:\/\/visitpeipsi.com\/","name":"Visitpeipsi","description":"turism, peipsi, vanausulised, kultuur, culture, onion, fish, kala, sibul","publisher":{"@id":"https:\/\/visitpeipsi.com\/#organization"},"potentialAction":[{"@type":"SearchAction","target":{"@type":"EntryPoint","urlTemplate":"https:\/\/visitpeipsi.com\/?s={search_term_string}"},"query-input":{"@type":"PropertyValueSpecification","valueRequired":true,"valueName":"search_term_string"}}],"inLanguage":"en-US"},{"@type":"Organization","@id":"https:\/\/visitpeipsi.com\/#organization","name":"Peipsimaa turism","url":"https:\/\/visitpeipsi.com\/","logo":{"@type":"ImageObject","inLanguage":"en-US","@id":"https:\/\/visitpeipsi.com\/#\/schema\/logo\/image\/","url":"https:\/\/visitpeipsi.com\/wp-content\/uploads\/2020\/12\/favicon-3.png","contentUrl":"https:\/\/visitpeipsi.com\/wp-content\/uploads\/2020\/12\/favicon-3.png","width":512,"height":512,"caption":"Peipsimaa turism"},"image":{"@id":"https:\/\/visitpeipsi.com\/#\/schema\/logo\/image\/"},"sameAs":["https:\/\/www.facebook.com\/visitpeipsi","https:\/\/www.instagram.com\/visitpeipsi\/"]}]}},"_links":{"self":[{"href":"https:\/\/visitpeipsi.com\/en\/wp-json\/wp\/v2\/pages\/556","targetHints":{"allow":["GET"]}}],"collection":[{"href":"https:\/\/visitpeipsi.com\/en\/wp-json\/wp\/v2\/pages"}],"about":[{"href":"https:\/\/visitpeipsi.com\/en\/wp-json\/wp\/v2\/types\/page"}],"author":[{"embeddable":true,"href":"https:\/\/visitpeipsi.com\/en\/wp-json\/wp\/v2\/users\/5"}],"replies":[{"embeddable":true,"href":"https:\/\/visitpeipsi.com\/en\/wp-json\/wp\/v2\/comments?post=556"}],"version-history":[{"count":0,"href":"https:\/\/visitpeipsi.com\/en\/wp-json\/wp\/v2\/pages\/556\/revisions"}],"up":[{"embeddable":true,"href":"https:\/\/visitpeipsi.com\/en\/wp-json\/wp\/v2\/pages\/544"}],"wp:featuredmedia":[{"embeddable":true,"href":"https:\/\/visitpeipsi.com\/en\/wp-json\/wp\/v2\/media\/3002"}],"wp:attachment":[{"href":"https:\/\/visitpeipsi.com\/en\/wp-json\/wp\/v2\/media?parent=556"}],"curies":[{"name":"wp","href":"https:\/\/api.w.org\/{rel}","templated":true}]}}