{"id":592,"date":"2017-04-27T22:24:35","date_gmt":"2017-04-27T20:24:35","guid":{"rendered":"https:\/\/visitpeipsi.com\/?page_id=592\/"},"modified":"2017-04-27T22:24:35","modified_gmt":"2017-04-27T20:24:35","slug":"life-border-two-worlds","status":"publish","type":"page","link":"https:\/\/visitpeipsi.com\/en\/adventures-in-peipsimaa\/life-border-two-worlds\/","title":{"rendered":"Life on border of two worlds"},"content":{"rendered":"<p><strong>\u201eElu kahe maailma piiril\u201d<\/strong><\/p>\n<p><strong>L\u00f5una-Eesti kuues maakonnas, nii linnades kui ka maakohtades, p\u00fc\u00fcavad r\u00e4ndajate pilku National Geographicu kollased aknad, mis kutsuvad tutvust tegema piirkonna rikkaliku kultuurip\u00e4randi, imelise looduse ja uuendusmeelsete ettev\u00f5tetega.<\/strong><\/p>\n<p>Kollaste akende puhul on tegu rahvusvahelise koost\u00f6\u00f6projektiga \u201eElu kahe maailma piiril\u201c, mis on algatatud L\u00f5una-Eesti Leader-tegevusgruppide ja ajakirja National Geographic Eesti poolt.<\/p>\n<p>Idee sai alguse Hollandist, kus maastikule paigaldatud akende eesm\u00e4rk oli juhtida k\u00fclastajate t\u00e4helepanu paikadele, mis jutustavad k\u00f5ige paremini piirkonna lugu. Hollandit k\u00fclastades saab seal t\u00e4na l\u00e4bi kollase akna vaadata UNESCO maailmap\u00e4randi nimistusse kuuluvaid paiku.<\/p>\n<p>Projekti eesm\u00e4rk on tugevdada piirkonna identiteeti , tuua piirkonnale tuntust ja k\u00fclastajaid ning turundada L\u00f5una-Eestit nii sise- kui ka v\u00e4listuristile.<\/p>\n<p>L\u00f5una-Eesti puhul on olulised v\u00e4\u00e4rtused loodus, kultuurip\u00e4rand ja rahvuslikud traditsioonid, kohalik toit, ehedad ja naturaalsed tooted, s\u00e4\u00e4stev ja j\u00e4tkusuutlik elustiil ning tervis ja aktiivne puhkus \u2013 nendest v\u00e4\u00e4rtustest l\u00e4htuti ka kollaste akende asukohtade valikul.<\/p>\n<p>Teekond \u201eElu kahe maailma piiril\u201c on s\u00fcndinud kogukondade algatusena. 2013. a talvel toimus ideevoor, et selgitada v\u00e4lja sobivaimad kohad kollaste akende paigaldamiseks. Meie kogukondade poolt esitati kokku 125 v\u00f5imalikku asukohta, millest koost\u00f6\u00f6projekti partneritest koosnev komisjon valis v\u00e4lja 23 paika, mis esitavad k\u00f5ige paremini L\u00f5una-Eesti lugu ja v\u00e4\u00e4rtusi.<\/p>\n<p>Kui L\u00f5una-Eestis r\u00e4nnates m\u00e4rkate kollast akent, siis tasub peatuda, et l\u00e4bi selle akna tunnetada elamist erilises paigas Venemaa ja L\u00e4ti naabruses ning Euroopa Liidu piiril.<\/p>\n<p>Elu erinevate keelte, kultuuride, m\u00f5tteviiside ja maailmavaadete piiril pakub alati \u00fcllatusi ning avastamist.<\/p>\n<p><strong>Kollased aknad Peipsimaal:<\/strong><br \/>\n\u2022 Peipsi j\u00e4rve rand Mustvees<br \/>\n\u2022 R\u00e4pina ajalooline s\u00fcda<br \/>\n\u2022\u00a0Alatskivi loss ja Sibulatee piirkond<br \/>\n\u2022\u00a0J\u00e4rvselja \u00fcrgmets<br \/>\n\u2022\u00a0Podmotsa k\u00fcla<\/p>\n<p><a href=\"http:\/\/www.visitsouthestonia.com\">www.visitsouthestonia.com<\/a><\/p>\n","protected":false},"excerpt":{"rendered":"<p>\u201eElu kahe maailma piiril\u201d L\u00f5una-Eesti kuues maakonnas, nii linnades kui ka maakohtades, p\u00fc\u00fcavad r\u00e4ndajate pilku National Geographicu kollased aknad, mis kutsuvad tutvust tegema piirkonna rikkaliku kultuurip\u00e4randi, imelise looduse ja uuendusmeelsete ettev\u00f5tetega. Kollaste akende puhul on tegu rahvusvahelise koost\u00f6\u00f6projektiga \u201eElu kahe maailma piiril\u201c, mis on algatatud L\u00f5una-Eesti Leader-tegevusgruppide ja ajakirja National Geographic Eesti poolt. Idee sai [&hellip;]<\/p>\n","protected":false},"author":5,"featured_media":65,"parent":588,"menu_order":0,"comment_status":"closed","ping_status":"closed","template":"","meta":{"footnotes":""},"class_list":["post-592","page","type-page","status-publish","has-post-thumbnail","hentry"],"yoast_head":"<!-- This site is optimized with the Yoast SEO plugin v26.7 - https:\/\/yoast.com\/wordpress\/plugins\/seo\/ -->\n<title>Life on border of two worlds - Visitpeipsi<\/title>\n<meta name=\"robots\" content=\"index, follow, max-snippet:-1, max-image-preview:large, max-video-preview:-1\" \/>\n<meta property=\"og:locale\" content=\"en_US\" \/>\n<meta property=\"og:type\" content=\"article\" \/>\n<meta property=\"og:title\" content=\"Life on border of two worlds - Visitpeipsi\" \/>\n<meta property=\"og:description\" content=\"\u201eElu kahe maailma piiril\u201d L\u00f5una-Eesti kuues maakonnas, nii linnades kui ka maakohtades, p\u00fc\u00fcavad r\u00e4ndajate pilku National Geographicu kollased aknad, mis kutsuvad tutvust tegema piirkonna rikkaliku kultuurip\u00e4randi, imelise looduse ja uuendusmeelsete ettev\u00f5tetega. Kollaste akende puhul on tegu rahvusvahelise koost\u00f6\u00f6projektiga \u201eElu kahe maailma piiril\u201c, mis on algatatud L\u00f5una-Eesti Leader-tegevusgruppide ja ajakirja National Geographic Eesti poolt. Idee sai [&hellip;]\" \/>\n<meta property=\"og:url\" content=\"https:\/\/visitpeipsi.com\/en\/adventures-in-peipsimaa\/life-border-two-worlds\/\" \/>\n<meta property=\"og:site_name\" content=\"Visitpeipsi\" \/>\n<meta property=\"article:publisher\" content=\"https:\/\/www.facebook.com\/visitpeipsi\" \/>\n<meta property=\"og:image\" content=\"https:\/\/visitpeipsi.com\/wp-content\/uploads\/2017\/01\/village2.jpg\" \/>\n\t<meta property=\"og:image:width\" content=\"513\" \/>\n\t<meta property=\"og:image:height\" content=\"330\" \/>\n\t<meta property=\"og:image:type\" content=\"image\/jpeg\" \/>\n<meta name=\"twitter:card\" content=\"summary_large_image\" \/>\n<meta name=\"twitter:label1\" content=\"Est. reading time\" \/>\n\t<meta name=\"twitter:data1\" content=\"1 minute\" \/>\n<script type=\"application\/ld+json\" class=\"yoast-schema-graph\">{\"@context\":\"https:\/\/schema.org\",\"@graph\":[{\"@type\":\"WebPage\",\"@id\":\"https:\/\/visitpeipsi.com\/en\/adventures-in-peipsimaa\/life-border-two-worlds\/\",\"url\":\"https:\/\/visitpeipsi.com\/en\/adventures-in-peipsimaa\/life-border-two-worlds\/\",\"name\":\"Life on border of two worlds - Visitpeipsi\",\"isPartOf\":{\"@id\":\"https:\/\/visitpeipsi.com\/#website\"},\"primaryImageOfPage\":{\"@id\":\"https:\/\/visitpeipsi.com\/en\/adventures-in-peipsimaa\/life-border-two-worlds\/#primaryimage\"},\"image\":{\"@id\":\"https:\/\/visitpeipsi.com\/en\/adventures-in-peipsimaa\/life-border-two-worlds\/#primaryimage\"},\"thumbnailUrl\":\"https:\/\/visitpeipsi.com\/wp-content\/uploads\/2017\/01\/village2.jpg\",\"datePublished\":\"2017-04-27T20:24:35+00:00\",\"breadcrumb\":{\"@id\":\"https:\/\/visitpeipsi.com\/en\/adventures-in-peipsimaa\/life-border-two-worlds\/#breadcrumb\"},\"inLanguage\":\"en-US\",\"potentialAction\":[{\"@type\":\"ReadAction\",\"target\":[\"https:\/\/visitpeipsi.com\/en\/adventures-in-peipsimaa\/life-border-two-worlds\/\"]}]},{\"@type\":\"ImageObject\",\"inLanguage\":\"en-US\",\"@id\":\"https:\/\/visitpeipsi.com\/en\/adventures-in-peipsimaa\/life-border-two-worlds\/#primaryimage\",\"url\":\"https:\/\/visitpeipsi.com\/wp-content\/uploads\/2017\/01\/village2.jpg\",\"contentUrl\":\"https:\/\/visitpeipsi.com\/wp-content\/uploads\/2017\/01\/village2.jpg\",\"width\":513,\"height\":330},{\"@type\":\"BreadcrumbList\",\"@id\":\"https:\/\/visitpeipsi.com\/en\/adventures-in-peipsimaa\/life-border-two-worlds\/#breadcrumb\",\"itemListElement\":[{\"@type\":\"ListItem\",\"position\":1,\"name\":\"Adventures in Peipsimaa\",\"item\":\"https:\/\/visitpeipsi.com\/en\/adventures-in-peipsimaa\/\"},{\"@type\":\"ListItem\",\"position\":2,\"name\":\"Life on border of two worlds\"}]},{\"@type\":\"WebSite\",\"@id\":\"https:\/\/visitpeipsi.com\/#website\",\"url\":\"https:\/\/visitpeipsi.com\/\",\"name\":\"Visitpeipsi\",\"description\":\"turism, peipsi, vanausulised, kultuur, culture, onion, fish, kala, sibul\",\"publisher\":{\"@id\":\"https:\/\/visitpeipsi.com\/#organization\"},\"potentialAction\":[{\"@type\":\"SearchAction\",\"target\":{\"@type\":\"EntryPoint\",\"urlTemplate\":\"https:\/\/visitpeipsi.com\/?s={search_term_string}\"},\"query-input\":{\"@type\":\"PropertyValueSpecification\",\"valueRequired\":true,\"valueName\":\"search_term_string\"}}],\"inLanguage\":\"en-US\"},{\"@type\":\"Organization\",\"@id\":\"https:\/\/visitpeipsi.com\/#organization\",\"name\":\"Peipsimaa turism\",\"url\":\"https:\/\/visitpeipsi.com\/\",\"logo\":{\"@type\":\"ImageObject\",\"inLanguage\":\"en-US\",\"@id\":\"https:\/\/visitpeipsi.com\/#\/schema\/logo\/image\/\",\"url\":\"https:\/\/visitpeipsi.com\/wp-content\/uploads\/2020\/12\/favicon-3.png\",\"contentUrl\":\"https:\/\/visitpeipsi.com\/wp-content\/uploads\/2020\/12\/favicon-3.png\",\"width\":512,\"height\":512,\"caption\":\"Peipsimaa turism\"},\"image\":{\"@id\":\"https:\/\/visitpeipsi.com\/#\/schema\/logo\/image\/\"},\"sameAs\":[\"https:\/\/www.facebook.com\/visitpeipsi\",\"https:\/\/www.instagram.com\/visitpeipsi\/\"]}]}<\/script>\n<!-- \/ Yoast SEO plugin. -->","yoast_head_json":{"title":"Life on border of two worlds - Visitpeipsi","robots":{"index":"index","follow":"follow","max-snippet":"max-snippet:-1","max-image-preview":"max-image-preview:large","max-video-preview":"max-video-preview:-1"},"og_locale":"en_US","og_type":"article","og_title":"Life on border of two worlds - Visitpeipsi","og_description":"\u201eElu kahe maailma piiril\u201d L\u00f5una-Eesti kuues maakonnas, nii linnades kui ka maakohtades, p\u00fc\u00fcavad r\u00e4ndajate pilku National Geographicu kollased aknad, mis kutsuvad tutvust tegema piirkonna rikkaliku kultuurip\u00e4randi, imelise looduse ja uuendusmeelsete ettev\u00f5tetega. Kollaste akende puhul on tegu rahvusvahelise koost\u00f6\u00f6projektiga \u201eElu kahe maailma piiril\u201c, mis on algatatud L\u00f5una-Eesti Leader-tegevusgruppide ja ajakirja National Geographic Eesti poolt. Idee sai [&hellip;]","og_url":"https:\/\/visitpeipsi.com\/en\/adventures-in-peipsimaa\/life-border-two-worlds\/","og_site_name":"Visitpeipsi","article_publisher":"https:\/\/www.facebook.com\/visitpeipsi","og_image":[{"width":513,"height":330,"url":"https:\/\/visitpeipsi.com\/wp-content\/uploads\/2017\/01\/village2.jpg","type":"image\/jpeg"}],"twitter_card":"summary_large_image","twitter_misc":{"Est. reading time":"1 minute"},"schema":{"@context":"https:\/\/schema.org","@graph":[{"@type":"WebPage","@id":"https:\/\/visitpeipsi.com\/en\/adventures-in-peipsimaa\/life-border-two-worlds\/","url":"https:\/\/visitpeipsi.com\/en\/adventures-in-peipsimaa\/life-border-two-worlds\/","name":"Life on border of two worlds - Visitpeipsi","isPartOf":{"@id":"https:\/\/visitpeipsi.com\/#website"},"primaryImageOfPage":{"@id":"https:\/\/visitpeipsi.com\/en\/adventures-in-peipsimaa\/life-border-two-worlds\/#primaryimage"},"image":{"@id":"https:\/\/visitpeipsi.com\/en\/adventures-in-peipsimaa\/life-border-two-worlds\/#primaryimage"},"thumbnailUrl":"https:\/\/visitpeipsi.com\/wp-content\/uploads\/2017\/01\/village2.jpg","datePublished":"2017-04-27T20:24:35+00:00","breadcrumb":{"@id":"https:\/\/visitpeipsi.com\/en\/adventures-in-peipsimaa\/life-border-two-worlds\/#breadcrumb"},"inLanguage":"en-US","potentialAction":[{"@type":"ReadAction","target":["https:\/\/visitpeipsi.com\/en\/adventures-in-peipsimaa\/life-border-two-worlds\/"]}]},{"@type":"ImageObject","inLanguage":"en-US","@id":"https:\/\/visitpeipsi.com\/en\/adventures-in-peipsimaa\/life-border-two-worlds\/#primaryimage","url":"https:\/\/visitpeipsi.com\/wp-content\/uploads\/2017\/01\/village2.jpg","contentUrl":"https:\/\/visitpeipsi.com\/wp-content\/uploads\/2017\/01\/village2.jpg","width":513,"height":330},{"@type":"BreadcrumbList","@id":"https:\/\/visitpeipsi.com\/en\/adventures-in-peipsimaa\/life-border-two-worlds\/#breadcrumb","itemListElement":[{"@type":"ListItem","position":1,"name":"Adventures in Peipsimaa","item":"https:\/\/visitpeipsi.com\/en\/adventures-in-peipsimaa\/"},{"@type":"ListItem","position":2,"name":"Life on border of two worlds"}]},{"@type":"WebSite","@id":"https:\/\/visitpeipsi.com\/#website","url":"https:\/\/visitpeipsi.com\/","name":"Visitpeipsi","description":"turism, peipsi, vanausulised, kultuur, culture, onion, fish, kala, sibul","publisher":{"@id":"https:\/\/visitpeipsi.com\/#organization"},"potentialAction":[{"@type":"SearchAction","target":{"@type":"EntryPoint","urlTemplate":"https:\/\/visitpeipsi.com\/?s={search_term_string}"},"query-input":{"@type":"PropertyValueSpecification","valueRequired":true,"valueName":"search_term_string"}}],"inLanguage":"en-US"},{"@type":"Organization","@id":"https:\/\/visitpeipsi.com\/#organization","name":"Peipsimaa turism","url":"https:\/\/visitpeipsi.com\/","logo":{"@type":"ImageObject","inLanguage":"en-US","@id":"https:\/\/visitpeipsi.com\/#\/schema\/logo\/image\/","url":"https:\/\/visitpeipsi.com\/wp-content\/uploads\/2020\/12\/favicon-3.png","contentUrl":"https:\/\/visitpeipsi.com\/wp-content\/uploads\/2020\/12\/favicon-3.png","width":512,"height":512,"caption":"Peipsimaa turism"},"image":{"@id":"https:\/\/visitpeipsi.com\/#\/schema\/logo\/image\/"},"sameAs":["https:\/\/www.facebook.com\/visitpeipsi","https:\/\/www.instagram.com\/visitpeipsi\/"]}]}},"_links":{"self":[{"href":"https:\/\/visitpeipsi.com\/en\/wp-json\/wp\/v2\/pages\/592","targetHints":{"allow":["GET"]}}],"collection":[{"href":"https:\/\/visitpeipsi.com\/en\/wp-json\/wp\/v2\/pages"}],"about":[{"href":"https:\/\/visitpeipsi.com\/en\/wp-json\/wp\/v2\/types\/page"}],"author":[{"embeddable":true,"href":"https:\/\/visitpeipsi.com\/en\/wp-json\/wp\/v2\/users\/5"}],"replies":[{"embeddable":true,"href":"https:\/\/visitpeipsi.com\/en\/wp-json\/wp\/v2\/comments?post=592"}],"version-history":[{"count":0,"href":"https:\/\/visitpeipsi.com\/en\/wp-json\/wp\/v2\/pages\/592\/revisions"}],"up":[{"embeddable":true,"href":"https:\/\/visitpeipsi.com\/en\/wp-json\/wp\/v2\/pages\/588"}],"wp:featuredmedia":[{"embeddable":true,"href":"https:\/\/visitpeipsi.com\/en\/wp-json\/wp\/v2\/media\/65"}],"wp:attachment":[{"href":"https:\/\/visitpeipsi.com\/en\/wp-json\/wp\/v2\/media?parent=592"}],"curies":[{"name":"wp","href":"https:\/\/api.w.org\/{rel}","templated":true}]}}