{"id":612,"date":"2017-04-27T22:39:24","date_gmt":"2017-04-27T20:39:24","guid":{"rendered":"https:\/\/visitpeipsi.com\/?page_id=612\/"},"modified":"2017-04-27T22:39:24","modified_gmt":"2017-04-27T20:39:24","slug":"summer-on-peipsimaa","status":"publish","type":"page","link":"https:\/\/visitpeipsi.com\/en\/adventures-in-peipsimaa\/summer-on-peipsimaa\/","title":{"rendered":"Summer on Peipsimaa"},"content":{"rendered":"<p>Peipsi suvi. Juunis on palju s\u00e4\u00e4ski, jahedad \u00f5htud, aga k\u00f5ige \u00e4kilisema p\u00e4ikesega p\u00e4evad. Esimesed metsmaasikad. Suvi on alles ees.<\/p>\n<p>Juuli &#8211; klassikaline suvituskuu. Palju s\u00f5pru, grillimist, jutuvada. Mustikaid ja vaarikaid korjamas k\u00e4ies on \u00f5hk putukate suminat t\u00e4is, rohutirtsud saevad otse p\u00e4evitajatele k\u00f5rva. Magus elu!<br \/>\nTore on Peipsi ilusal juulip\u00e4eval, mis p\u00e4ike ripub pilvitus taevas, puhub hingtasa l\u00f5unatuul ja p\u00f5uavina senendab pauguses. Nagu hiiglapeegel s\u00e4rab siis ta pind ja m\u00f5ni kauge lodjapuri paistab kui valge monument \u00f5rnsinisel pinnal. Juulikuus seob Peipsi j\u00e4rvefestival \u00fcheks pikaks teekonnaks kokku sadamad, kultuurid, inimesed ja maitsed.<\/p>\n<p>Augustis on \u00e4ike. Kaldaservalt saab imetleda valgusem\u00e4ngu j\u00e4rve kohal, mis on nii v\u00f5imas, et isegi hirm m\u00f5ristamise ees kaob \u00e4ra. P\u00e4eval ilmuvad sedav\u00f5rd v\u00f5imsad vikerkaared, et tahaks v\u00e4gisi nendeni ujuda.<\/p>\n","protected":false},"excerpt":{"rendered":"<p>Peipsi suvi. Juunis on palju s\u00e4\u00e4ski, jahedad \u00f5htud, aga k\u00f5ige \u00e4kilisema p\u00e4ikesega p\u00e4evad. Esimesed metsmaasikad. Suvi on alles ees. Juuli &#8211; klassikaline suvituskuu. Palju s\u00f5pru, grillimist, jutuvada. Mustikaid ja vaarikaid korjamas k\u00e4ies on \u00f5hk putukate suminat t\u00e4is, rohutirtsud saevad otse p\u00e4evitajatele k\u00f5rva. Magus elu! Tore on Peipsi ilusal juulip\u00e4eval, mis p\u00e4ike ripub pilvitus taevas, puhub [&hellip;]<\/p>\n","protected":false},"author":5,"featured_media":2921,"parent":588,"menu_order":0,"comment_status":"closed","ping_status":"closed","template":"","meta":{"footnotes":""},"class_list":["post-612","page","type-page","status-publish","has-post-thumbnail","hentry"],"yoast_head":"<!-- This site is optimized with the Yoast SEO plugin v26.7 - https:\/\/yoast.com\/wordpress\/plugins\/seo\/ -->\n<title>Summer on Peipsimaa - Visitpeipsi<\/title>\n<meta name=\"robots\" content=\"index, follow, max-snippet:-1, max-image-preview:large, max-video-preview:-1\" \/>\n<meta property=\"og:locale\" content=\"en_US\" \/>\n<meta property=\"og:type\" content=\"article\" \/>\n<meta property=\"og:title\" content=\"Summer on Peipsimaa - Visitpeipsi\" \/>\n<meta property=\"og:description\" content=\"Peipsi suvi. Juunis on palju s\u00e4\u00e4ski, jahedad \u00f5htud, aga k\u00f5ige \u00e4kilisema p\u00e4ikesega p\u00e4evad. Esimesed metsmaasikad. Suvi on alles ees. Juuli &#8211; klassikaline suvituskuu. Palju s\u00f5pru, grillimist, jutuvada. Mustikaid ja vaarikaid korjamas k\u00e4ies on \u00f5hk putukate suminat t\u00e4is, rohutirtsud saevad otse p\u00e4evitajatele k\u00f5rva. Magus elu! Tore on Peipsi ilusal juulip\u00e4eval, mis p\u00e4ike ripub pilvitus taevas, puhub [&hellip;]\" \/>\n<meta property=\"og:url\" content=\"https:\/\/visitpeipsi.com\/en\/adventures-in-peipsimaa\/summer-on-peipsimaa\/\" \/>\n<meta property=\"og:site_name\" content=\"Visitpeipsi\" \/>\n<meta property=\"article:publisher\" content=\"https:\/\/www.facebook.com\/visitpeipsi\" \/>\n<meta property=\"og:image\" content=\"https:\/\/visitpeipsi.com\/wp-content\/uploads\/2017\/03\/peipsilained.jpg\" \/>\n\t<meta property=\"og:image:width\" content=\"1400\" \/>\n\t<meta property=\"og:image:height\" content=\"609\" \/>\n\t<meta property=\"og:image:type\" content=\"image\/jpeg\" \/>\n<meta name=\"twitter:card\" content=\"summary_large_image\" \/>\n<meta name=\"twitter:label1\" content=\"Est. reading time\" \/>\n\t<meta name=\"twitter:data1\" content=\"1 minute\" \/>\n<script type=\"application\/ld+json\" class=\"yoast-schema-graph\">{\"@context\":\"https:\/\/schema.org\",\"@graph\":[{\"@type\":\"WebPage\",\"@id\":\"https:\/\/visitpeipsi.com\/en\/adventures-in-peipsimaa\/summer-on-peipsimaa\/\",\"url\":\"https:\/\/visitpeipsi.com\/en\/adventures-in-peipsimaa\/summer-on-peipsimaa\/\",\"name\":\"Summer on Peipsimaa - Visitpeipsi\",\"isPartOf\":{\"@id\":\"https:\/\/visitpeipsi.com\/#website\"},\"primaryImageOfPage\":{\"@id\":\"https:\/\/visitpeipsi.com\/en\/adventures-in-peipsimaa\/summer-on-peipsimaa\/#primaryimage\"},\"image\":{\"@id\":\"https:\/\/visitpeipsi.com\/en\/adventures-in-peipsimaa\/summer-on-peipsimaa\/#primaryimage\"},\"thumbnailUrl\":\"https:\/\/visitpeipsi.com\/wp-content\/uploads\/2025\/01\/peipsilained.jpg\",\"datePublished\":\"2017-04-27T20:39:24+00:00\",\"breadcrumb\":{\"@id\":\"https:\/\/visitpeipsi.com\/en\/adventures-in-peipsimaa\/summer-on-peipsimaa\/#breadcrumb\"},\"inLanguage\":\"en-US\",\"potentialAction\":[{\"@type\":\"ReadAction\",\"target\":[\"https:\/\/visitpeipsi.com\/en\/adventures-in-peipsimaa\/summer-on-peipsimaa\/\"]}]},{\"@type\":\"ImageObject\",\"inLanguage\":\"en-US\",\"@id\":\"https:\/\/visitpeipsi.com\/en\/adventures-in-peipsimaa\/summer-on-peipsimaa\/#primaryimage\",\"url\":\"https:\/\/visitpeipsi.com\/wp-content\/uploads\/2025\/01\/peipsilained.jpg\",\"contentUrl\":\"https:\/\/visitpeipsi.com\/wp-content\/uploads\/2025\/01\/peipsilained.jpg\",\"width\":1900,\"height\":500},{\"@type\":\"BreadcrumbList\",\"@id\":\"https:\/\/visitpeipsi.com\/en\/adventures-in-peipsimaa\/summer-on-peipsimaa\/#breadcrumb\",\"itemListElement\":[{\"@type\":\"ListItem\",\"position\":1,\"name\":\"Adventures in Peipsimaa\",\"item\":\"https:\/\/visitpeipsi.com\/en\/adventures-in-peipsimaa\/\"},{\"@type\":\"ListItem\",\"position\":2,\"name\":\"Summer on Peipsimaa\"}]},{\"@type\":\"WebSite\",\"@id\":\"https:\/\/visitpeipsi.com\/#website\",\"url\":\"https:\/\/visitpeipsi.com\/\",\"name\":\"Visitpeipsi\",\"description\":\"turism, peipsi, vanausulised, kultuur, culture, onion, fish, kala, sibul\",\"publisher\":{\"@id\":\"https:\/\/visitpeipsi.com\/#organization\"},\"potentialAction\":[{\"@type\":\"SearchAction\",\"target\":{\"@type\":\"EntryPoint\",\"urlTemplate\":\"https:\/\/visitpeipsi.com\/?s={search_term_string}\"},\"query-input\":{\"@type\":\"PropertyValueSpecification\",\"valueRequired\":true,\"valueName\":\"search_term_string\"}}],\"inLanguage\":\"en-US\"},{\"@type\":\"Organization\",\"@id\":\"https:\/\/visitpeipsi.com\/#organization\",\"name\":\"Peipsimaa turism\",\"url\":\"https:\/\/visitpeipsi.com\/\",\"logo\":{\"@type\":\"ImageObject\",\"inLanguage\":\"en-US\",\"@id\":\"https:\/\/visitpeipsi.com\/#\/schema\/logo\/image\/\",\"url\":\"https:\/\/visitpeipsi.com\/wp-content\/uploads\/2020\/12\/favicon-3.png\",\"contentUrl\":\"https:\/\/visitpeipsi.com\/wp-content\/uploads\/2020\/12\/favicon-3.png\",\"width\":512,\"height\":512,\"caption\":\"Peipsimaa turism\"},\"image\":{\"@id\":\"https:\/\/visitpeipsi.com\/#\/schema\/logo\/image\/\"},\"sameAs\":[\"https:\/\/www.facebook.com\/visitpeipsi\",\"https:\/\/www.instagram.com\/visitpeipsi\/\"]}]}<\/script>\n<!-- \/ Yoast SEO plugin. -->","yoast_head_json":{"title":"Summer on Peipsimaa - Visitpeipsi","robots":{"index":"index","follow":"follow","max-snippet":"max-snippet:-1","max-image-preview":"max-image-preview:large","max-video-preview":"max-video-preview:-1"},"og_locale":"en_US","og_type":"article","og_title":"Summer on Peipsimaa - Visitpeipsi","og_description":"Peipsi suvi. Juunis on palju s\u00e4\u00e4ski, jahedad \u00f5htud, aga k\u00f5ige \u00e4kilisema p\u00e4ikesega p\u00e4evad. Esimesed metsmaasikad. Suvi on alles ees. Juuli &#8211; klassikaline suvituskuu. Palju s\u00f5pru, grillimist, jutuvada. Mustikaid ja vaarikaid korjamas k\u00e4ies on \u00f5hk putukate suminat t\u00e4is, rohutirtsud saevad otse p\u00e4evitajatele k\u00f5rva. Magus elu! Tore on Peipsi ilusal juulip\u00e4eval, mis p\u00e4ike ripub pilvitus taevas, puhub [&hellip;]","og_url":"https:\/\/visitpeipsi.com\/en\/adventures-in-peipsimaa\/summer-on-peipsimaa\/","og_site_name":"Visitpeipsi","article_publisher":"https:\/\/www.facebook.com\/visitpeipsi","og_image":[{"width":1400,"height":609,"url":"https:\/\/visitpeipsi.com\/wp-content\/uploads\/2017\/03\/peipsilained.jpg","type":"image\/jpeg"}],"twitter_card":"summary_large_image","twitter_misc":{"Est. reading time":"1 minute"},"schema":{"@context":"https:\/\/schema.org","@graph":[{"@type":"WebPage","@id":"https:\/\/visitpeipsi.com\/en\/adventures-in-peipsimaa\/summer-on-peipsimaa\/","url":"https:\/\/visitpeipsi.com\/en\/adventures-in-peipsimaa\/summer-on-peipsimaa\/","name":"Summer on Peipsimaa - Visitpeipsi","isPartOf":{"@id":"https:\/\/visitpeipsi.com\/#website"},"primaryImageOfPage":{"@id":"https:\/\/visitpeipsi.com\/en\/adventures-in-peipsimaa\/summer-on-peipsimaa\/#primaryimage"},"image":{"@id":"https:\/\/visitpeipsi.com\/en\/adventures-in-peipsimaa\/summer-on-peipsimaa\/#primaryimage"},"thumbnailUrl":"https:\/\/visitpeipsi.com\/wp-content\/uploads\/2025\/01\/peipsilained.jpg","datePublished":"2017-04-27T20:39:24+00:00","breadcrumb":{"@id":"https:\/\/visitpeipsi.com\/en\/adventures-in-peipsimaa\/summer-on-peipsimaa\/#breadcrumb"},"inLanguage":"en-US","potentialAction":[{"@type":"ReadAction","target":["https:\/\/visitpeipsi.com\/en\/adventures-in-peipsimaa\/summer-on-peipsimaa\/"]}]},{"@type":"ImageObject","inLanguage":"en-US","@id":"https:\/\/visitpeipsi.com\/en\/adventures-in-peipsimaa\/summer-on-peipsimaa\/#primaryimage","url":"https:\/\/visitpeipsi.com\/wp-content\/uploads\/2025\/01\/peipsilained.jpg","contentUrl":"https:\/\/visitpeipsi.com\/wp-content\/uploads\/2025\/01\/peipsilained.jpg","width":1900,"height":500},{"@type":"BreadcrumbList","@id":"https:\/\/visitpeipsi.com\/en\/adventures-in-peipsimaa\/summer-on-peipsimaa\/#breadcrumb","itemListElement":[{"@type":"ListItem","position":1,"name":"Adventures in Peipsimaa","item":"https:\/\/visitpeipsi.com\/en\/adventures-in-peipsimaa\/"},{"@type":"ListItem","position":2,"name":"Summer on Peipsimaa"}]},{"@type":"WebSite","@id":"https:\/\/visitpeipsi.com\/#website","url":"https:\/\/visitpeipsi.com\/","name":"Visitpeipsi","description":"turism, peipsi, vanausulised, kultuur, culture, onion, fish, kala, sibul","publisher":{"@id":"https:\/\/visitpeipsi.com\/#organization"},"potentialAction":[{"@type":"SearchAction","target":{"@type":"EntryPoint","urlTemplate":"https:\/\/visitpeipsi.com\/?s={search_term_string}"},"query-input":{"@type":"PropertyValueSpecification","valueRequired":true,"valueName":"search_term_string"}}],"inLanguage":"en-US"},{"@type":"Organization","@id":"https:\/\/visitpeipsi.com\/#organization","name":"Peipsimaa turism","url":"https:\/\/visitpeipsi.com\/","logo":{"@type":"ImageObject","inLanguage":"en-US","@id":"https:\/\/visitpeipsi.com\/#\/schema\/logo\/image\/","url":"https:\/\/visitpeipsi.com\/wp-content\/uploads\/2020\/12\/favicon-3.png","contentUrl":"https:\/\/visitpeipsi.com\/wp-content\/uploads\/2020\/12\/favicon-3.png","width":512,"height":512,"caption":"Peipsimaa turism"},"image":{"@id":"https:\/\/visitpeipsi.com\/#\/schema\/logo\/image\/"},"sameAs":["https:\/\/www.facebook.com\/visitpeipsi","https:\/\/www.instagram.com\/visitpeipsi\/"]}]}},"_links":{"self":[{"href":"https:\/\/visitpeipsi.com\/en\/wp-json\/wp\/v2\/pages\/612","targetHints":{"allow":["GET"]}}],"collection":[{"href":"https:\/\/visitpeipsi.com\/en\/wp-json\/wp\/v2\/pages"}],"about":[{"href":"https:\/\/visitpeipsi.com\/en\/wp-json\/wp\/v2\/types\/page"}],"author":[{"embeddable":true,"href":"https:\/\/visitpeipsi.com\/en\/wp-json\/wp\/v2\/users\/5"}],"replies":[{"embeddable":true,"href":"https:\/\/visitpeipsi.com\/en\/wp-json\/wp\/v2\/comments?post=612"}],"version-history":[{"count":0,"href":"https:\/\/visitpeipsi.com\/en\/wp-json\/wp\/v2\/pages\/612\/revisions"}],"up":[{"embeddable":true,"href":"https:\/\/visitpeipsi.com\/en\/wp-json\/wp\/v2\/pages\/588"}],"wp:featuredmedia":[{"embeddable":true,"href":"https:\/\/visitpeipsi.com\/en\/wp-json\/wp\/v2\/media\/2921"}],"wp:attachment":[{"href":"https:\/\/visitpeipsi.com\/en\/wp-json\/wp\/v2\/media?parent=612"}],"curies":[{"name":"wp","href":"https:\/\/api.w.org\/{rel}","templated":true}]}}