{"id":493,"date":"2017-04-27T11:06:23","date_gmt":"2017-04-27T09:06:23","guid":{"rendered":"https:\/\/visitpeipsi.com\/?page_id=493\/"},"modified":"2017-04-28T08:23:33","modified_gmt":"2017-04-28T06:23:33","slug":"%d0%ba%d0%be%d0%bd%d1%82%d0%b0%d0%ba%d1%82","status":"publish","type":"page","link":"https:\/\/visitpeipsi.com\/ru\/%d0%ba%d0%b0%d0%ba-%d1%82%d1%83%d0%b4%d0%b0-%d0%b4%d0%be%d0%b1%d1%80%d0%b0%d1%82%d1%8c%d1%81%d1%8f\/%d0%ba%d0%be%d0%bd%d1%82%d0%b0%d0%ba%d1%82\/","title":{"rendered":"\u041a\u043e\u043d\u0442\u0430\u043a\u0442"},"content":{"rendered":"<p><strong>MT\u00dc Peipsimaa Turism<\/strong><\/p>\n<p>&nbsp;<\/p>\n<p><strong>\u00dchingu p\u00f5hieesm\u00e4rk<br \/>\n<\/strong>MT\u00dc Peipsimaa Turism p\u00f5hieesm\u00e4rk on koordineerida Peipsi regiooni (Peipsimaa) turismialast arendust\u00f6\u00f6d, sh \u00a0tegeleda regiooni turunduse ja turismitoodete arendusega ning piirkonna maine kujundamise ja turismialase informatsiooni kogumise, anal\u00fc\u00fcsi ja levitamisega ning toetada igati Peipsimaa regiooni tasakaalustatud arengut.<\/p>\n<p><strong>Peipsimaa Turismi juhatus<\/strong><br \/>\nKadi Ploom, juhataja, kadi@visitpeipsi.com, +372 56964686<\/p>\n<p><strong>MT\u00dc Peipsimaa Turism kontaktid ja rekvisiidid<br \/>\n<\/strong>aadress: Vaksali 17A, Tartu<br \/>\ne-post:\u00a0info@visitpeipsi.com<br \/>\ntelefon: +372 5696 4686<br \/>\nveebileht: www.visitpeipsi.com<\/p>\n<p>registrikood: 80330728<br \/>\narveldusarve Swedbank:\u00a0EE322200221053115608<br \/>\narveldusarve SEB:\u00a0EE741010220205104225<\/p>\n","protected":false},"excerpt":{"rendered":"<p>MT\u00dc Peipsimaa Turism &nbsp; \u00dchingu p\u00f5hieesm\u00e4rk MT\u00dc Peipsimaa Turism p\u00f5hieesm\u00e4rk on koordineerida Peipsi regiooni (Peipsimaa) turismialast arendust\u00f6\u00f6d, sh \u00a0tegeleda regiooni turunduse ja turismitoodete arendusega ning piirkonna maine kujundamise ja turismialase informatsiooni kogumise, anal\u00fc\u00fcsi ja levitamisega ning toetada igati Peipsimaa regiooni tasakaalustatud arengut. Peipsimaa Turismi juhatus Kadi Ploom, juhataja, kadi@visitpeipsi.com, +372 56964686 MT\u00dc Peipsimaa Turism kontaktid [&hellip;]<\/p>\n","protected":false},"author":5,"featured_media":2959,"parent":480,"menu_order":0,"comment_status":"closed","ping_status":"closed","template":"","meta":{"footnotes":""},"class_list":["post-493","page","type-page","status-publish","has-post-thumbnail","hentry"],"yoast_head":"<!-- This site is optimized with the Yoast SEO plugin v26.7 - https:\/\/yoast.com\/wordpress\/plugins\/seo\/ -->\n<title>\u041a\u043e\u043d\u0442\u0430\u043a\u0442 - Visitpeipsi<\/title>\n<meta name=\"robots\" content=\"index, follow, max-snippet:-1, max-image-preview:large, max-video-preview:-1\" \/>\n<meta property=\"og:locale\" content=\"ru_RU\" \/>\n<meta property=\"og:type\" content=\"article\" \/>\n<meta property=\"og:title\" content=\"\u041a\u043e\u043d\u0442\u0430\u043a\u0442 - Visitpeipsi\" \/>\n<meta property=\"og:description\" content=\"MT\u00dc Peipsimaa Turism &nbsp; \u00dchingu p\u00f5hieesm\u00e4rk MT\u00dc Peipsimaa Turism p\u00f5hieesm\u00e4rk on koordineerida Peipsi regiooni (Peipsimaa) turismialast arendust\u00f6\u00f6d, sh \u00a0tegeleda regiooni turunduse ja turismitoodete arendusega ning piirkonna maine kujundamise ja turismialase informatsiooni kogumise, anal\u00fc\u00fcsi ja levitamisega ning toetada igati Peipsimaa regiooni tasakaalustatud arengut. Peipsimaa Turismi juhatus Kadi Ploom, juhataja, kadi@visitpeipsi.com, +372 56964686 MT\u00dc Peipsimaa Turism kontaktid [&hellip;]\" \/>\n<meta property=\"og:url\" content=\"https:\/\/visitpeipsi.com\/ru\/\u043a\u0430\u043a-\u0442\u0443\u0434\u0430-\u0434\u043e\u0431\u0440\u0430\u0442\u044c\u0441\u044f\/\u043a\u043e\u043d\u0442\u0430\u043a\u0442\/\" \/>\n<meta property=\"og:site_name\" content=\"Visitpeipsi\" \/>\n<meta property=\"article:publisher\" content=\"https:\/\/www.facebook.com\/visitpeipsi\" \/>\n<meta property=\"article:modified_time\" content=\"2017-04-28T06:23:33+00:00\" \/>\n<meta property=\"og:image\" content=\"https:\/\/visitpeipsi.com\/wp-content\/uploads\/2017\/04\/pohlad.jpg\" \/>\n\t<meta property=\"og:image:width\" content=\"1400\" \/>\n\t<meta property=\"og:image:height\" content=\"610\" \/>\n\t<meta property=\"og:image:type\" content=\"image\/jpeg\" \/>\n<meta name=\"twitter:card\" content=\"summary_large_image\" \/>\n<script type=\"application\/ld+json\" class=\"yoast-schema-graph\">{\"@context\":\"https:\/\/schema.org\",\"@graph\":[{\"@type\":\"WebPage\",\"@id\":\"https:\/\/visitpeipsi.com\/ru\/%d0%ba%d0%b0%d0%ba-%d1%82%d1%83%d0%b4%d0%b0-%d0%b4%d0%be%d0%b1%d1%80%d0%b0%d1%82%d1%8c%d1%81%d1%8f\/%d0%ba%d0%be%d0%bd%d1%82%d0%b0%d0%ba%d1%82\/\",\"url\":\"https:\/\/visitpeipsi.com\/ru\/%d0%ba%d0%b0%d0%ba-%d1%82%d1%83%d0%b4%d0%b0-%d0%b4%d0%be%d0%b1%d1%80%d0%b0%d1%82%d1%8c%d1%81%d1%8f\/%d0%ba%d0%be%d0%bd%d1%82%d0%b0%d0%ba%d1%82\/\",\"name\":\"\u041a\u043e\u043d\u0442\u0430\u043a\u0442 - Visitpeipsi\",\"isPartOf\":{\"@id\":\"https:\/\/visitpeipsi.com\/#website\"},\"primaryImageOfPage\":{\"@id\":\"https:\/\/visitpeipsi.com\/ru\/%d0%ba%d0%b0%d0%ba-%d1%82%d1%83%d0%b4%d0%b0-%d0%b4%d0%be%d0%b1%d1%80%d0%b0%d1%82%d1%8c%d1%81%d1%8f\/%d0%ba%d0%be%d0%bd%d1%82%d0%b0%d0%ba%d1%82\/#primaryimage\"},\"image\":{\"@id\":\"https:\/\/visitpeipsi.com\/ru\/%d0%ba%d0%b0%d0%ba-%d1%82%d1%83%d0%b4%d0%b0-%d0%b4%d0%be%d0%b1%d1%80%d0%b0%d1%82%d1%8c%d1%81%d1%8f\/%d0%ba%d0%be%d0%bd%d1%82%d0%b0%d0%ba%d1%82\/#primaryimage\"},\"thumbnailUrl\":\"https:\/\/visitpeipsi.com\/wp-content\/uploads\/2025\/01\/pohlad.jpg\",\"datePublished\":\"2017-04-27T09:06:23+00:00\",\"dateModified\":\"2017-04-28T06:23:33+00:00\",\"breadcrumb\":{\"@id\":\"https:\/\/visitpeipsi.com\/ru\/%d0%ba%d0%b0%d0%ba-%d1%82%d1%83%d0%b4%d0%b0-%d0%b4%d0%be%d0%b1%d1%80%d0%b0%d1%82%d1%8c%d1%81%d1%8f\/%d0%ba%d0%be%d0%bd%d1%82%d0%b0%d0%ba%d1%82\/#breadcrumb\"},\"inLanguage\":\"ru-RU\",\"potentialAction\":[{\"@type\":\"ReadAction\",\"target\":[\"https:\/\/visitpeipsi.com\/ru\/%d0%ba%d0%b0%d0%ba-%d1%82%d1%83%d0%b4%d0%b0-%d0%b4%d0%be%d0%b1%d1%80%d0%b0%d1%82%d1%8c%d1%81%d1%8f\/%d0%ba%d0%be%d0%bd%d1%82%d0%b0%d0%ba%d1%82\/\"]}]},{\"@type\":\"ImageObject\",\"inLanguage\":\"ru-RU\",\"@id\":\"https:\/\/visitpeipsi.com\/ru\/%d0%ba%d0%b0%d0%ba-%d1%82%d1%83%d0%b4%d0%b0-%d0%b4%d0%be%d0%b1%d1%80%d0%b0%d1%82%d1%8c%d1%81%d1%8f\/%d0%ba%d0%be%d0%bd%d1%82%d0%b0%d0%ba%d1%82\/#primaryimage\",\"url\":\"https:\/\/visitpeipsi.com\/wp-content\/uploads\/2025\/01\/pohlad.jpg\",\"contentUrl\":\"https:\/\/visitpeipsi.com\/wp-content\/uploads\/2025\/01\/pohlad.jpg\",\"width\":1900,\"height\":500},{\"@type\":\"BreadcrumbList\",\"@id\":\"https:\/\/visitpeipsi.com\/ru\/%d0%ba%d0%b0%d0%ba-%d1%82%d1%83%d0%b4%d0%b0-%d0%b4%d0%be%d0%b1%d1%80%d0%b0%d1%82%d1%8c%d1%81%d1%8f\/%d0%ba%d0%be%d0%bd%d1%82%d0%b0%d0%ba%d1%82\/#breadcrumb\",\"itemListElement\":[{\"@type\":\"ListItem\",\"position\":1,\"name\":\"\u041a\u0430\u043a \u0434\u043e\u0431\u0440\u0430\u0442\u044c\u0441\u044f?\",\"item\":\"https:\/\/visitpeipsi.com\/ru\/%d0%ba%d0%b0%d0%ba-%d1%82%d1%83%d0%b4%d0%b0-%d0%b4%d0%be%d0%b1%d1%80%d0%b0%d1%82%d1%8c%d1%81%d1%8f\/\"},{\"@type\":\"ListItem\",\"position\":2,\"name\":\"\u041a\u043e\u043d\u0442\u0430\u043a\u0442\"}]},{\"@type\":\"WebSite\",\"@id\":\"https:\/\/visitpeipsi.com\/#website\",\"url\":\"https:\/\/visitpeipsi.com\/\",\"name\":\"Visitpeipsi\",\"description\":\"turism, peipsi, vanausulised, kultuur, culture, onion, fish, kala, sibul\",\"publisher\":{\"@id\":\"https:\/\/visitpeipsi.com\/#organization\"},\"potentialAction\":[{\"@type\":\"SearchAction\",\"target\":{\"@type\":\"EntryPoint\",\"urlTemplate\":\"https:\/\/visitpeipsi.com\/?s={search_term_string}\"},\"query-input\":{\"@type\":\"PropertyValueSpecification\",\"valueRequired\":true,\"valueName\":\"search_term_string\"}}],\"inLanguage\":\"ru-RU\"},{\"@type\":\"Organization\",\"@id\":\"https:\/\/visitpeipsi.com\/#organization\",\"name\":\"Peipsimaa turism\",\"url\":\"https:\/\/visitpeipsi.com\/\",\"logo\":{\"@type\":\"ImageObject\",\"inLanguage\":\"ru-RU\",\"@id\":\"https:\/\/visitpeipsi.com\/#\/schema\/logo\/image\/\",\"url\":\"https:\/\/visitpeipsi.com\/wp-content\/uploads\/2020\/12\/favicon-3.png\",\"contentUrl\":\"https:\/\/visitpeipsi.com\/wp-content\/uploads\/2020\/12\/favicon-3.png\",\"width\":512,\"height\":512,\"caption\":\"Peipsimaa turism\"},\"image\":{\"@id\":\"https:\/\/visitpeipsi.com\/#\/schema\/logo\/image\/\"},\"sameAs\":[\"https:\/\/www.facebook.com\/visitpeipsi\",\"https:\/\/www.instagram.com\/visitpeipsi\/\"]}]}<\/script>\n<!-- \/ Yoast SEO plugin. -->","yoast_head_json":{"title":"\u041a\u043e\u043d\u0442\u0430\u043a\u0442 - Visitpeipsi","robots":{"index":"index","follow":"follow","max-snippet":"max-snippet:-1","max-image-preview":"max-image-preview:large","max-video-preview":"max-video-preview:-1"},"og_locale":"ru_RU","og_type":"article","og_title":"\u041a\u043e\u043d\u0442\u0430\u043a\u0442 - Visitpeipsi","og_description":"MT\u00dc Peipsimaa Turism &nbsp; \u00dchingu p\u00f5hieesm\u00e4rk MT\u00dc Peipsimaa Turism p\u00f5hieesm\u00e4rk on koordineerida Peipsi regiooni (Peipsimaa) turismialast arendust\u00f6\u00f6d, sh \u00a0tegeleda regiooni turunduse ja turismitoodete arendusega ning piirkonna maine kujundamise ja turismialase informatsiooni kogumise, anal\u00fc\u00fcsi ja levitamisega ning toetada igati Peipsimaa regiooni tasakaalustatud arengut. Peipsimaa Turismi juhatus Kadi Ploom, juhataja, kadi@visitpeipsi.com, +372 56964686 MT\u00dc Peipsimaa Turism kontaktid [&hellip;]","og_url":"https:\/\/visitpeipsi.com\/ru\/\u043a\u0430\u043a-\u0442\u0443\u0434\u0430-\u0434\u043e\u0431\u0440\u0430\u0442\u044c\u0441\u044f\/\u043a\u043e\u043d\u0442\u0430\u043a\u0442\/","og_site_name":"Visitpeipsi","article_publisher":"https:\/\/www.facebook.com\/visitpeipsi","article_modified_time":"2017-04-28T06:23:33+00:00","og_image":[{"width":1400,"height":610,"url":"https:\/\/visitpeipsi.com\/wp-content\/uploads\/2017\/04\/pohlad.jpg","type":"image\/jpeg"}],"twitter_card":"summary_large_image","schema":{"@context":"https:\/\/schema.org","@graph":[{"@type":"WebPage","@id":"https:\/\/visitpeipsi.com\/ru\/%d0%ba%d0%b0%d0%ba-%d1%82%d1%83%d0%b4%d0%b0-%d0%b4%d0%be%d0%b1%d1%80%d0%b0%d1%82%d1%8c%d1%81%d1%8f\/%d0%ba%d0%be%d0%bd%d1%82%d0%b0%d0%ba%d1%82\/","url":"https:\/\/visitpeipsi.com\/ru\/%d0%ba%d0%b0%d0%ba-%d1%82%d1%83%d0%b4%d0%b0-%d0%b4%d0%be%d0%b1%d1%80%d0%b0%d1%82%d1%8c%d1%81%d1%8f\/%d0%ba%d0%be%d0%bd%d1%82%d0%b0%d0%ba%d1%82\/","name":"\u041a\u043e\u043d\u0442\u0430\u043a\u0442 - Visitpeipsi","isPartOf":{"@id":"https:\/\/visitpeipsi.com\/#website"},"primaryImageOfPage":{"@id":"https:\/\/visitpeipsi.com\/ru\/%d0%ba%d0%b0%d0%ba-%d1%82%d1%83%d0%b4%d0%b0-%d0%b4%d0%be%d0%b1%d1%80%d0%b0%d1%82%d1%8c%d1%81%d1%8f\/%d0%ba%d0%be%d0%bd%d1%82%d0%b0%d0%ba%d1%82\/#primaryimage"},"image":{"@id":"https:\/\/visitpeipsi.com\/ru\/%d0%ba%d0%b0%d0%ba-%d1%82%d1%83%d0%b4%d0%b0-%d0%b4%d0%be%d0%b1%d1%80%d0%b0%d1%82%d1%8c%d1%81%d1%8f\/%d0%ba%d0%be%d0%bd%d1%82%d0%b0%d0%ba%d1%82\/#primaryimage"},"thumbnailUrl":"https:\/\/visitpeipsi.com\/wp-content\/uploads\/2025\/01\/pohlad.jpg","datePublished":"2017-04-27T09:06:23+00:00","dateModified":"2017-04-28T06:23:33+00:00","breadcrumb":{"@id":"https:\/\/visitpeipsi.com\/ru\/%d0%ba%d0%b0%d0%ba-%d1%82%d1%83%d0%b4%d0%b0-%d0%b4%d0%be%d0%b1%d1%80%d0%b0%d1%82%d1%8c%d1%81%d1%8f\/%d0%ba%d0%be%d0%bd%d1%82%d0%b0%d0%ba%d1%82\/#breadcrumb"},"inLanguage":"ru-RU","potentialAction":[{"@type":"ReadAction","target":["https:\/\/visitpeipsi.com\/ru\/%d0%ba%d0%b0%d0%ba-%d1%82%d1%83%d0%b4%d0%b0-%d0%b4%d0%be%d0%b1%d1%80%d0%b0%d1%82%d1%8c%d1%81%d1%8f\/%d0%ba%d0%be%d0%bd%d1%82%d0%b0%d0%ba%d1%82\/"]}]},{"@type":"ImageObject","inLanguage":"ru-RU","@id":"https:\/\/visitpeipsi.com\/ru\/%d0%ba%d0%b0%d0%ba-%d1%82%d1%83%d0%b4%d0%b0-%d0%b4%d0%be%d0%b1%d1%80%d0%b0%d1%82%d1%8c%d1%81%d1%8f\/%d0%ba%d0%be%d0%bd%d1%82%d0%b0%d0%ba%d1%82\/#primaryimage","url":"https:\/\/visitpeipsi.com\/wp-content\/uploads\/2025\/01\/pohlad.jpg","contentUrl":"https:\/\/visitpeipsi.com\/wp-content\/uploads\/2025\/01\/pohlad.jpg","width":1900,"height":500},{"@type":"BreadcrumbList","@id":"https:\/\/visitpeipsi.com\/ru\/%d0%ba%d0%b0%d0%ba-%d1%82%d1%83%d0%b4%d0%b0-%d0%b4%d0%be%d0%b1%d1%80%d0%b0%d1%82%d1%8c%d1%81%d1%8f\/%d0%ba%d0%be%d0%bd%d1%82%d0%b0%d0%ba%d1%82\/#breadcrumb","itemListElement":[{"@type":"ListItem","position":1,"name":"\u041a\u0430\u043a \u0434\u043e\u0431\u0440\u0430\u0442\u044c\u0441\u044f?","item":"https:\/\/visitpeipsi.com\/ru\/%d0%ba%d0%b0%d0%ba-%d1%82%d1%83%d0%b4%d0%b0-%d0%b4%d0%be%d0%b1%d1%80%d0%b0%d1%82%d1%8c%d1%81%d1%8f\/"},{"@type":"ListItem","position":2,"name":"\u041a\u043e\u043d\u0442\u0430\u043a\u0442"}]},{"@type":"WebSite","@id":"https:\/\/visitpeipsi.com\/#website","url":"https:\/\/visitpeipsi.com\/","name":"Visitpeipsi","description":"turism, peipsi, vanausulised, kultuur, culture, onion, fish, kala, sibul","publisher":{"@id":"https:\/\/visitpeipsi.com\/#organization"},"potentialAction":[{"@type":"SearchAction","target":{"@type":"EntryPoint","urlTemplate":"https:\/\/visitpeipsi.com\/?s={search_term_string}"},"query-input":{"@type":"PropertyValueSpecification","valueRequired":true,"valueName":"search_term_string"}}],"inLanguage":"ru-RU"},{"@type":"Organization","@id":"https:\/\/visitpeipsi.com\/#organization","name":"Peipsimaa turism","url":"https:\/\/visitpeipsi.com\/","logo":{"@type":"ImageObject","inLanguage":"ru-RU","@id":"https:\/\/visitpeipsi.com\/#\/schema\/logo\/image\/","url":"https:\/\/visitpeipsi.com\/wp-content\/uploads\/2020\/12\/favicon-3.png","contentUrl":"https:\/\/visitpeipsi.com\/wp-content\/uploads\/2020\/12\/favicon-3.png","width":512,"height":512,"caption":"Peipsimaa turism"},"image":{"@id":"https:\/\/visitpeipsi.com\/#\/schema\/logo\/image\/"},"sameAs":["https:\/\/www.facebook.com\/visitpeipsi","https:\/\/www.instagram.com\/visitpeipsi\/"]}]}},"_links":{"self":[{"href":"https:\/\/visitpeipsi.com\/ru\/wp-json\/wp\/v2\/pages\/493","targetHints":{"allow":["GET"]}}],"collection":[{"href":"https:\/\/visitpeipsi.com\/ru\/wp-json\/wp\/v2\/pages"}],"about":[{"href":"https:\/\/visitpeipsi.com\/ru\/wp-json\/wp\/v2\/types\/page"}],"author":[{"embeddable":true,"href":"https:\/\/visitpeipsi.com\/ru\/wp-json\/wp\/v2\/users\/5"}],"replies":[{"embeddable":true,"href":"https:\/\/visitpeipsi.com\/ru\/wp-json\/wp\/v2\/comments?post=493"}],"version-history":[{"count":0,"href":"https:\/\/visitpeipsi.com\/ru\/wp-json\/wp\/v2\/pages\/493\/revisions"}],"up":[{"embeddable":true,"href":"https:\/\/visitpeipsi.com\/ru\/wp-json\/wp\/v2\/pages\/480"}],"wp:featuredmedia":[{"embeddable":true,"href":"https:\/\/visitpeipsi.com\/ru\/wp-json\/wp\/v2\/media\/2959"}],"wp:attachment":[{"href":"https:\/\/visitpeipsi.com\/ru\/wp-json\/wp\/v2\/media?parent=493"}],"curies":[{"name":"wp","href":"https:\/\/api.w.org\/{rel}","templated":true}]}}