{"id":502,"date":"2017-04-27T11:10:29","date_gmt":"2017-04-27T09:10:29","guid":{"rendered":"https:\/\/visitpeipsi.com\/?page_id=502\/"},"modified":"2017-04-28T08:25:42","modified_gmt":"2017-04-28T06:25:42","slug":"%d0%bf%d1%80%d0%b8%d0%b1%d1%8b%d1%82%d0%b8%d0%b5","status":"publish","type":"page","link":"https:\/\/visitpeipsi.com\/ru\/%d0%ba%d0%b0%d0%ba-%d1%82%d1%83%d0%b4%d0%b0-%d0%b4%d0%be%d0%b1%d1%80%d0%b0%d1%82%d1%8c%d1%81%d1%8f\/%d0%bf%d1%80%d0%b8%d0%b1%d1%8b%d1%82%d0%b8%d0%b5\/","title":{"rendered":"\u041f\u0440\u0438\u0431\u044b\u0442\u0438\u0435"},"content":{"rendered":"<p>Peipsimaa asub Eesti ida osas. K\u00f5ige mugavam on siia tulla oma transpordiga, nii saab piirkonnas oma soovi j\u00e4rgi ringi s\u00f5ita. Kindlasti tuleb arvestada bensiinijaamade asukohtadega.<\/p>\n<p>Bussi\u00fchendus on hea Peipsimaa suuremate asulatega. Bussi ajagraafikuid saab j\u00e4lgida aadressidel<br \/>\n<a href=\"http:\/\/www.tpilet.ee\" target=\"_blank\" rel=\"noopener noreferrer\">www.tpilet.ee<\/a><\/p>\n<p>Rongi\u00fchendus v\u00f5imaldab jalgratturitel mugavalt Peipsimaale kohale tulla. Aastaringselt saab rongiga s\u00f5ita Tartussse ja siis juba edasi Peipsi \u00e4\u00e4rde. Rongiplaani saab j\u00e4lgida aadressil<br \/>\n<a href=\"http:\/\/www.elron.ee\" target=\"_blank\" rel=\"noopener noreferrer\">www.elron.ee<\/a><\/p>\n<p>&nbsp;<\/p>\n<h2><strong>V\u00e4ikesadamad<\/strong><\/h2>\n","protected":false},"excerpt":{"rendered":"<p>Peipsimaa asub Eesti ida osas. K\u00f5ige mugavam on siia tulla oma transpordiga, nii saab piirkonnas oma soovi j\u00e4rgi ringi s\u00f5ita. Kindlasti tuleb arvestada bensiinijaamade asukohtadega. Bussi\u00fchendus on hea Peipsimaa suuremate asulatega. Bussi ajagraafikuid saab j\u00e4lgida aadressidel www.tpilet.ee Rongi\u00fchendus v\u00f5imaldab jalgratturitel mugavalt Peipsimaale kohale tulla. Aastaringselt saab rongiga s\u00f5ita Tartussse ja siis juba edasi Peipsi \u00e4\u00e4rde. [&hellip;]<\/p>\n","protected":false},"author":5,"featured_media":2946,"parent":480,"menu_order":0,"comment_status":"closed","ping_status":"closed","template":"","meta":{"footnotes":""},"class_list":["post-502","page","type-page","status-publish","has-post-thumbnail","hentry"],"yoast_head":"<!-- This site is optimized with the Yoast SEO plugin v26.7 - https:\/\/yoast.com\/wordpress\/plugins\/seo\/ -->\n<title>\u041f\u0440\u0438\u0431\u044b\u0442\u0438\u0435 - Visitpeipsi<\/title>\n<meta name=\"robots\" content=\"index, follow, max-snippet:-1, max-image-preview:large, max-video-preview:-1\" \/>\n<meta property=\"og:locale\" content=\"ru_RU\" \/>\n<meta property=\"og:type\" content=\"article\" \/>\n<meta property=\"og:title\" content=\"\u041f\u0440\u0438\u0431\u044b\u0442\u0438\u0435 - Visitpeipsi\" \/>\n<meta property=\"og:description\" content=\"Peipsimaa asub Eesti ida osas. K\u00f5ige mugavam on siia tulla oma transpordiga, nii saab piirkonnas oma soovi j\u00e4rgi ringi s\u00f5ita. Kindlasti tuleb arvestada bensiinijaamade asukohtadega. Bussi\u00fchendus on hea Peipsimaa suuremate asulatega. Bussi ajagraafikuid saab j\u00e4lgida aadressidel www.tpilet.ee Rongi\u00fchendus v\u00f5imaldab jalgratturitel mugavalt Peipsimaale kohale tulla. Aastaringselt saab rongiga s\u00f5ita Tartussse ja siis juba edasi Peipsi \u00e4\u00e4rde. [&hellip;]\" \/>\n<meta property=\"og:url\" content=\"https:\/\/visitpeipsi.com\/ru\/\u043a\u0430\u043a-\u0442\u0443\u0434\u0430-\u0434\u043e\u0431\u0440\u0430\u0442\u044c\u0441\u044f\/\u043f\u0440\u0438\u0431\u044b\u0442\u0438\u0435\/\" \/>\n<meta property=\"og:site_name\" content=\"Visitpeipsi\" \/>\n<meta property=\"article:publisher\" content=\"https:\/\/www.facebook.com\/visitpeipsi\" \/>\n<meta property=\"article:modified_time\" content=\"2017-04-28T06:25:42+00:00\" \/>\n<meta property=\"og:image\" content=\"https:\/\/visitpeipsi.com\/wp-content\/uploads\/2017\/03\/kahe-maailma-piiril.jpg\" \/>\n\t<meta property=\"og:image:width\" content=\"1400\" \/>\n\t<meta property=\"og:image:height\" content=\"610\" \/>\n\t<meta property=\"og:image:type\" content=\"image\/jpeg\" \/>\n<meta name=\"twitter:card\" content=\"summary_large_image\" \/>\n<script type=\"application\/ld+json\" class=\"yoast-schema-graph\">{\"@context\":\"https:\/\/schema.org\",\"@graph\":[{\"@type\":\"WebPage\",\"@id\":\"https:\/\/visitpeipsi.com\/ru\/%d0%ba%d0%b0%d0%ba-%d1%82%d1%83%d0%b4%d0%b0-%d0%b4%d0%be%d0%b1%d1%80%d0%b0%d1%82%d1%8c%d1%81%d1%8f\/%d0%bf%d1%80%d0%b8%d0%b1%d1%8b%d1%82%d0%b8%d0%b5\/\",\"url\":\"https:\/\/visitpeipsi.com\/ru\/%d0%ba%d0%b0%d0%ba-%d1%82%d1%83%d0%b4%d0%b0-%d0%b4%d0%be%d0%b1%d1%80%d0%b0%d1%82%d1%8c%d1%81%d1%8f\/%d0%bf%d1%80%d0%b8%d0%b1%d1%8b%d1%82%d0%b8%d0%b5\/\",\"name\":\"\u041f\u0440\u0438\u0431\u044b\u0442\u0438\u0435 - Visitpeipsi\",\"isPartOf\":{\"@id\":\"https:\/\/visitpeipsi.com\/#website\"},\"primaryImageOfPage\":{\"@id\":\"https:\/\/visitpeipsi.com\/ru\/%d0%ba%d0%b0%d0%ba-%d1%82%d1%83%d0%b4%d0%b0-%d0%b4%d0%be%d0%b1%d1%80%d0%b0%d1%82%d1%8c%d1%81%d1%8f\/%d0%bf%d1%80%d0%b8%d0%b1%d1%8b%d1%82%d0%b8%d0%b5\/#primaryimage\"},\"image\":{\"@id\":\"https:\/\/visitpeipsi.com\/ru\/%d0%ba%d0%b0%d0%ba-%d1%82%d1%83%d0%b4%d0%b0-%d0%b4%d0%be%d0%b1%d1%80%d0%b0%d1%82%d1%8c%d1%81%d1%8f\/%d0%bf%d1%80%d0%b8%d0%b1%d1%8b%d1%82%d0%b8%d0%b5\/#primaryimage\"},\"thumbnailUrl\":\"https:\/\/visitpeipsi.com\/wp-content\/uploads\/2025\/01\/kahe-maailma-piiril.jpg\",\"datePublished\":\"2017-04-27T09:10:29+00:00\",\"dateModified\":\"2017-04-28T06:25:42+00:00\",\"breadcrumb\":{\"@id\":\"https:\/\/visitpeipsi.com\/ru\/%d0%ba%d0%b0%d0%ba-%d1%82%d1%83%d0%b4%d0%b0-%d0%b4%d0%be%d0%b1%d1%80%d0%b0%d1%82%d1%8c%d1%81%d1%8f\/%d0%bf%d1%80%d0%b8%d0%b1%d1%8b%d1%82%d0%b8%d0%b5\/#breadcrumb\"},\"inLanguage\":\"ru-RU\",\"potentialAction\":[{\"@type\":\"ReadAction\",\"target\":[\"https:\/\/visitpeipsi.com\/ru\/%d0%ba%d0%b0%d0%ba-%d1%82%d1%83%d0%b4%d0%b0-%d0%b4%d0%be%d0%b1%d1%80%d0%b0%d1%82%d1%8c%d1%81%d1%8f\/%d0%bf%d1%80%d0%b8%d0%b1%d1%8b%d1%82%d0%b8%d0%b5\/\"]}]},{\"@type\":\"ImageObject\",\"inLanguage\":\"ru-RU\",\"@id\":\"https:\/\/visitpeipsi.com\/ru\/%d0%ba%d0%b0%d0%ba-%d1%82%d1%83%d0%b4%d0%b0-%d0%b4%d0%be%d0%b1%d1%80%d0%b0%d1%82%d1%8c%d1%81%d1%8f\/%d0%bf%d1%80%d0%b8%d0%b1%d1%8b%d1%82%d0%b8%d0%b5\/#primaryimage\",\"url\":\"https:\/\/visitpeipsi.com\/wp-content\/uploads\/2025\/01\/kahe-maailma-piiril.jpg\",\"contentUrl\":\"https:\/\/visitpeipsi.com\/wp-content\/uploads\/2025\/01\/kahe-maailma-piiril.jpg\",\"width\":1900,\"height\":500},{\"@type\":\"BreadcrumbList\",\"@id\":\"https:\/\/visitpeipsi.com\/ru\/%d0%ba%d0%b0%d0%ba-%d1%82%d1%83%d0%b4%d0%b0-%d0%b4%d0%be%d0%b1%d1%80%d0%b0%d1%82%d1%8c%d1%81%d1%8f\/%d0%bf%d1%80%d0%b8%d0%b1%d1%8b%d1%82%d0%b8%d0%b5\/#breadcrumb\",\"itemListElement\":[{\"@type\":\"ListItem\",\"position\":1,\"name\":\"\u041a\u0430\u043a \u0434\u043e\u0431\u0440\u0430\u0442\u044c\u0441\u044f?\",\"item\":\"https:\/\/visitpeipsi.com\/ru\/%d0%ba%d0%b0%d0%ba-%d1%82%d1%83%d0%b4%d0%b0-%d0%b4%d0%be%d0%b1%d1%80%d0%b0%d1%82%d1%8c%d1%81%d1%8f\/\"},{\"@type\":\"ListItem\",\"position\":2,\"name\":\"\u041f\u0440\u0438\u0431\u044b\u0442\u0438\u0435\"}]},{\"@type\":\"WebSite\",\"@id\":\"https:\/\/visitpeipsi.com\/#website\",\"url\":\"https:\/\/visitpeipsi.com\/\",\"name\":\"Visitpeipsi\",\"description\":\"turism, peipsi, vanausulised, kultuur, culture, onion, fish, kala, sibul\",\"publisher\":{\"@id\":\"https:\/\/visitpeipsi.com\/#organization\"},\"potentialAction\":[{\"@type\":\"SearchAction\",\"target\":{\"@type\":\"EntryPoint\",\"urlTemplate\":\"https:\/\/visitpeipsi.com\/?s={search_term_string}\"},\"query-input\":{\"@type\":\"PropertyValueSpecification\",\"valueRequired\":true,\"valueName\":\"search_term_string\"}}],\"inLanguage\":\"ru-RU\"},{\"@type\":\"Organization\",\"@id\":\"https:\/\/visitpeipsi.com\/#organization\",\"name\":\"Peipsimaa turism\",\"url\":\"https:\/\/visitpeipsi.com\/\",\"logo\":{\"@type\":\"ImageObject\",\"inLanguage\":\"ru-RU\",\"@id\":\"https:\/\/visitpeipsi.com\/#\/schema\/logo\/image\/\",\"url\":\"https:\/\/visitpeipsi.com\/wp-content\/uploads\/2020\/12\/favicon-3.png\",\"contentUrl\":\"https:\/\/visitpeipsi.com\/wp-content\/uploads\/2020\/12\/favicon-3.png\",\"width\":512,\"height\":512,\"caption\":\"Peipsimaa turism\"},\"image\":{\"@id\":\"https:\/\/visitpeipsi.com\/#\/schema\/logo\/image\/\"},\"sameAs\":[\"https:\/\/www.facebook.com\/visitpeipsi\",\"https:\/\/www.instagram.com\/visitpeipsi\/\"]}]}<\/script>\n<!-- \/ Yoast SEO plugin. -->","yoast_head_json":{"title":"\u041f\u0440\u0438\u0431\u044b\u0442\u0438\u0435 - Visitpeipsi","robots":{"index":"index","follow":"follow","max-snippet":"max-snippet:-1","max-image-preview":"max-image-preview:large","max-video-preview":"max-video-preview:-1"},"og_locale":"ru_RU","og_type":"article","og_title":"\u041f\u0440\u0438\u0431\u044b\u0442\u0438\u0435 - Visitpeipsi","og_description":"Peipsimaa asub Eesti ida osas. K\u00f5ige mugavam on siia tulla oma transpordiga, nii saab piirkonnas oma soovi j\u00e4rgi ringi s\u00f5ita. Kindlasti tuleb arvestada bensiinijaamade asukohtadega. Bussi\u00fchendus on hea Peipsimaa suuremate asulatega. Bussi ajagraafikuid saab j\u00e4lgida aadressidel www.tpilet.ee Rongi\u00fchendus v\u00f5imaldab jalgratturitel mugavalt Peipsimaale kohale tulla. Aastaringselt saab rongiga s\u00f5ita Tartussse ja siis juba edasi Peipsi \u00e4\u00e4rde. [&hellip;]","og_url":"https:\/\/visitpeipsi.com\/ru\/\u043a\u0430\u043a-\u0442\u0443\u0434\u0430-\u0434\u043e\u0431\u0440\u0430\u0442\u044c\u0441\u044f\/\u043f\u0440\u0438\u0431\u044b\u0442\u0438\u0435\/","og_site_name":"Visitpeipsi","article_publisher":"https:\/\/www.facebook.com\/visitpeipsi","article_modified_time":"2017-04-28T06:25:42+00:00","og_image":[{"width":1400,"height":610,"url":"https:\/\/visitpeipsi.com\/wp-content\/uploads\/2017\/03\/kahe-maailma-piiril.jpg","type":"image\/jpeg"}],"twitter_card":"summary_large_image","schema":{"@context":"https:\/\/schema.org","@graph":[{"@type":"WebPage","@id":"https:\/\/visitpeipsi.com\/ru\/%d0%ba%d0%b0%d0%ba-%d1%82%d1%83%d0%b4%d0%b0-%d0%b4%d0%be%d0%b1%d1%80%d0%b0%d1%82%d1%8c%d1%81%d1%8f\/%d0%bf%d1%80%d0%b8%d0%b1%d1%8b%d1%82%d0%b8%d0%b5\/","url":"https:\/\/visitpeipsi.com\/ru\/%d0%ba%d0%b0%d0%ba-%d1%82%d1%83%d0%b4%d0%b0-%d0%b4%d0%be%d0%b1%d1%80%d0%b0%d1%82%d1%8c%d1%81%d1%8f\/%d0%bf%d1%80%d0%b8%d0%b1%d1%8b%d1%82%d0%b8%d0%b5\/","name":"\u041f\u0440\u0438\u0431\u044b\u0442\u0438\u0435 - Visitpeipsi","isPartOf":{"@id":"https:\/\/visitpeipsi.com\/#website"},"primaryImageOfPage":{"@id":"https:\/\/visitpeipsi.com\/ru\/%d0%ba%d0%b0%d0%ba-%d1%82%d1%83%d0%b4%d0%b0-%d0%b4%d0%be%d0%b1%d1%80%d0%b0%d1%82%d1%8c%d1%81%d1%8f\/%d0%bf%d1%80%d0%b8%d0%b1%d1%8b%d1%82%d0%b8%d0%b5\/#primaryimage"},"image":{"@id":"https:\/\/visitpeipsi.com\/ru\/%d0%ba%d0%b0%d0%ba-%d1%82%d1%83%d0%b4%d0%b0-%d0%b4%d0%be%d0%b1%d1%80%d0%b0%d1%82%d1%8c%d1%81%d1%8f\/%d0%bf%d1%80%d0%b8%d0%b1%d1%8b%d1%82%d0%b8%d0%b5\/#primaryimage"},"thumbnailUrl":"https:\/\/visitpeipsi.com\/wp-content\/uploads\/2025\/01\/kahe-maailma-piiril.jpg","datePublished":"2017-04-27T09:10:29+00:00","dateModified":"2017-04-28T06:25:42+00:00","breadcrumb":{"@id":"https:\/\/visitpeipsi.com\/ru\/%d0%ba%d0%b0%d0%ba-%d1%82%d1%83%d0%b4%d0%b0-%d0%b4%d0%be%d0%b1%d1%80%d0%b0%d1%82%d1%8c%d1%81%d1%8f\/%d0%bf%d1%80%d0%b8%d0%b1%d1%8b%d1%82%d0%b8%d0%b5\/#breadcrumb"},"inLanguage":"ru-RU","potentialAction":[{"@type":"ReadAction","target":["https:\/\/visitpeipsi.com\/ru\/%d0%ba%d0%b0%d0%ba-%d1%82%d1%83%d0%b4%d0%b0-%d0%b4%d0%be%d0%b1%d1%80%d0%b0%d1%82%d1%8c%d1%81%d1%8f\/%d0%bf%d1%80%d0%b8%d0%b1%d1%8b%d1%82%d0%b8%d0%b5\/"]}]},{"@type":"ImageObject","inLanguage":"ru-RU","@id":"https:\/\/visitpeipsi.com\/ru\/%d0%ba%d0%b0%d0%ba-%d1%82%d1%83%d0%b4%d0%b0-%d0%b4%d0%be%d0%b1%d1%80%d0%b0%d1%82%d1%8c%d1%81%d1%8f\/%d0%bf%d1%80%d0%b8%d0%b1%d1%8b%d1%82%d0%b8%d0%b5\/#primaryimage","url":"https:\/\/visitpeipsi.com\/wp-content\/uploads\/2025\/01\/kahe-maailma-piiril.jpg","contentUrl":"https:\/\/visitpeipsi.com\/wp-content\/uploads\/2025\/01\/kahe-maailma-piiril.jpg","width":1900,"height":500},{"@type":"BreadcrumbList","@id":"https:\/\/visitpeipsi.com\/ru\/%d0%ba%d0%b0%d0%ba-%d1%82%d1%83%d0%b4%d0%b0-%d0%b4%d0%be%d0%b1%d1%80%d0%b0%d1%82%d1%8c%d1%81%d1%8f\/%d0%bf%d1%80%d0%b8%d0%b1%d1%8b%d1%82%d0%b8%d0%b5\/#breadcrumb","itemListElement":[{"@type":"ListItem","position":1,"name":"\u041a\u0430\u043a \u0434\u043e\u0431\u0440\u0430\u0442\u044c\u0441\u044f?","item":"https:\/\/visitpeipsi.com\/ru\/%d0%ba%d0%b0%d0%ba-%d1%82%d1%83%d0%b4%d0%b0-%d0%b4%d0%be%d0%b1%d1%80%d0%b0%d1%82%d1%8c%d1%81%d1%8f\/"},{"@type":"ListItem","position":2,"name":"\u041f\u0440\u0438\u0431\u044b\u0442\u0438\u0435"}]},{"@type":"WebSite","@id":"https:\/\/visitpeipsi.com\/#website","url":"https:\/\/visitpeipsi.com\/","name":"Visitpeipsi","description":"turism, peipsi, vanausulised, kultuur, culture, onion, fish, kala, sibul","publisher":{"@id":"https:\/\/visitpeipsi.com\/#organization"},"potentialAction":[{"@type":"SearchAction","target":{"@type":"EntryPoint","urlTemplate":"https:\/\/visitpeipsi.com\/?s={search_term_string}"},"query-input":{"@type":"PropertyValueSpecification","valueRequired":true,"valueName":"search_term_string"}}],"inLanguage":"ru-RU"},{"@type":"Organization","@id":"https:\/\/visitpeipsi.com\/#organization","name":"Peipsimaa turism","url":"https:\/\/visitpeipsi.com\/","logo":{"@type":"ImageObject","inLanguage":"ru-RU","@id":"https:\/\/visitpeipsi.com\/#\/schema\/logo\/image\/","url":"https:\/\/visitpeipsi.com\/wp-content\/uploads\/2020\/12\/favicon-3.png","contentUrl":"https:\/\/visitpeipsi.com\/wp-content\/uploads\/2020\/12\/favicon-3.png","width":512,"height":512,"caption":"Peipsimaa turism"},"image":{"@id":"https:\/\/visitpeipsi.com\/#\/schema\/logo\/image\/"},"sameAs":["https:\/\/www.facebook.com\/visitpeipsi","https:\/\/www.instagram.com\/visitpeipsi\/"]}]}},"_links":{"self":[{"href":"https:\/\/visitpeipsi.com\/ru\/wp-json\/wp\/v2\/pages\/502","targetHints":{"allow":["GET"]}}],"collection":[{"href":"https:\/\/visitpeipsi.com\/ru\/wp-json\/wp\/v2\/pages"}],"about":[{"href":"https:\/\/visitpeipsi.com\/ru\/wp-json\/wp\/v2\/types\/page"}],"author":[{"embeddable":true,"href":"https:\/\/visitpeipsi.com\/ru\/wp-json\/wp\/v2\/users\/5"}],"replies":[{"embeddable":true,"href":"https:\/\/visitpeipsi.com\/ru\/wp-json\/wp\/v2\/comments?post=502"}],"version-history":[{"count":0,"href":"https:\/\/visitpeipsi.com\/ru\/wp-json\/wp\/v2\/pages\/502\/revisions"}],"up":[{"embeddable":true,"href":"https:\/\/visitpeipsi.com\/ru\/wp-json\/wp\/v2\/pages\/480"}],"wp:featuredmedia":[{"embeddable":true,"href":"https:\/\/visitpeipsi.com\/ru\/wp-json\/wp\/v2\/media\/2946"}],"wp:attachment":[{"href":"https:\/\/visitpeipsi.com\/ru\/wp-json\/wp\/v2\/media?parent=502"}],"curies":[{"name":"wp","href":"https:\/\/api.w.org\/{rel}","templated":true}]}}