{"id":554,"date":"2017-04-27T21:59:16","date_gmt":"2017-04-27T19:59:16","guid":{"rendered":"https:\/\/visitpeipsi.com\/?page_id=554\/"},"modified":"2017-04-27T21:59:16","modified_gmt":"2017-04-27T19:59:16","slug":"peipsi-toit-vorgustik-rus","status":"publish","type":"page","link":"https:\/\/visitpeipsi.com\/ru\/%d0%ba%d1%83%d1%85%d0%bd%d1%8f\/peipsi-toit-vorgustik-rus\/","title":{"rendered":"Peipsi Toit v\u00f5rgustik RUS"},"content":{"rendered":"<p><img loading=\"lazy\" decoding=\"async\" class=\"wp-image-367 size-medium alignleft\" src=\"https:\/\/visitpeipsi.com\/wp-content\/uploads\/2017\/03\/PeipsiToit_originaalEST-300x196.png\" alt=\"\" width=\"300\" height=\"196\" \/><strong>PEIPSI TOIDU MANIFEST<\/strong><\/p>\n<p>Peipsi, Euroopas suuruselt neljas j\u00e4rv, seob j\u00e4rve\u00e4\u00e4rse rahva \u00fchtseks ja oman\u00e4oliseks piirkonnaks. Peipsi Toidu v\u00f5rgustiku liikmed v\u00e4\u00e4rtustavad seda erip\u00e4ra ja eristumist Eesti toidumaastikul, et muuta Eesti toidukultuuri rikkamaks.<\/p>\n<p>Viimane j\u00e4\u00e4aeg on vorminud oman\u00e4olise piirkonna Peipsi j\u00e4rve ja selle madalike n\u00e4ol. \u00dcrg-Peipsi taandudes ja j\u00e4rve\u00e4\u00e4rse asustuse tekkides on lisaks j\u00e4rveandidele j\u00e4\u00e4nud meile kasutada maa, mis sobib h\u00e4sti sibula, porgandi ja muu k\u00f6\u00f6givilja kasvatamiseks. Just \u00dcrg-Peipsi \u00fcrgsest v\u00e4est j\u00f5udu ammutades on meie esiemad ja -isad kujundanud oman\u00e4olise toidukultuuri. T\u00e4na leiab siin kilde eesti talupoegade, h\u00f5imurahva vadjalaste, setode, vene vanausuliste ja balti-saksa aadlike k\u00f6\u00f6gist.<\/p>\n<p>Meie, Peipsi Toidu v\u00f5rgustiku liikmed, tunneme suurt \u00fchisosa Uue P\u00f5hjala k\u00f6\u00f6gi v\u00e4\u00e4rtustega ja toetame Uue P\u00f5hjala k\u00f6\u00f6gi manifesti p\u00f5him\u00f5tteid. Oleme uhked, et kasutame ja v\u00e4\u00e4rindame Peipsimaa piirkonna ressursse ning toorainet. V\u00e4\u00e4rtustame oma piirkonna kultuurilist erip\u00e4ra, tootjaid, puhast loodust ning toome esile selle v\u00f5imalused ja kvaliteedi. Meie toit on tuntud p\u00e4ritolu, tootja n\u00e4o ja looga.<\/p>\n<p><em><strong>R\u00e4\u00e4kides Peipsi toidust, peame oluliseks j\u00e4rgmisi p\u00f5him\u00f5tteid:<\/strong><\/em><\/p>\n<p>1. L\u00e4htume hooajalisest ja aastaaegu arvestavast toidulauast.<\/p>\n<p>2. Propageerime ja kasutame v\u00f5imalikult palju s\u00e4ilitusainete- ja keemiavabu tooraineid, eelistades kohalikku tootjat kaugetest maadest tarnijatele. Suurendame seel\u00e4bi Peipsimaa piirkonna tootjate motivatsiooni oma tegevust j\u00e4tkata ning j\u00e4\u00e4da puhta toidu tootjateks ja tarbijateks.<\/p>\n<p>3. Kasutame toidupakkujate men\u00fc\u00fcdes v\u00f5imalikult palju Peipsimaalt p\u00e4rit puhast ja kvaliteetset toorainet ning need toidud on eraldi t\u00e4histatud.<\/p>\n<p>4. P\u00f6\u00f6rame t\u00e4helepanu Peipsimaale iseloomulikule k\u00f6\u00f6giviljakasvatusele ja v\u00e4\u00e4rtustame Peipsi sibulat kui kohaliku kultuuri osa.<\/p>\n<p>5. V\u00e4\u00e4rtustame Peipsi j\u00e4rve elukeskkonnana, kalureid Peipsimaa piirkonna kultuurikandjate ning \u00fchendajatena, samuti kohalikku kala- ja kalastuskultuuri laiemalt. Toetame kalureid, kasutades kohalikku kala imporditud kala asemel, maksame kalurile \u00f5iglast tasu, v\u00e4\u00e4rindame kala kui toorainet ja oskame p\u00f5hjendada ka tema hinda l\u00f5pptarbija jaoks.<\/p>\n<p>6. P\u00f6\u00f6rame suuremat t\u00e4helepanu Peipsi kalaliikidele ja nende v\u00e4\u00e4rindamisele (soolamine, suitsutamine, k\u00fclmsuitsutamine, marineerimine, konservimine jne). Kasutame toidupakkujate men\u00fc\u00fcdes rohkem v\u00e4rsket hooajalist kala.<\/p>\n<p>7. Kasutame v\u00f5imalikult palju meie metsade, rabade ja soode saadusi, mis on tervislikud, vitamiinirohked ning eristuvad. L\u00e4htume s\u00e4\u00e4stva majandamise p\u00f5him\u00f5tetest.<\/p>\n<p>8. Kogume piirkonna toidup\u00e4randit, kaasates nii kohalikke elanikke kui m\u00e4luasutusi, inspireerimaks ettev\u00f5tjaid tooma turule kohalikul omap\u00e4ral p\u00f5hinevaid uusi tooteid, pakkuda temaatilisi men\u00fc\u00fcsid jne.<\/p>\n<p>9. Teavitame oma v\u00f5rgustikust, v\u00e4\u00e4rtustest ja tegemistest oma kogukondi ja kohalikke omavalitsusi ning meedia kaudu avalikkust. Kaasame oma piirkonna tootjaid, toidupakkujaid, loomakasvatajaid, kalureid, memmesid-taate, koole, lasteaedu jt, et oleksime mitmekesisemad, laiema liikmeskonnaga, avatuma silmaringiga.<\/p>\n<p>10. Teeme koost\u00f6\u00f6d teiste toiduv\u00f5rgustikega, et toetada regionaalset identiteeti, hoida ja n\u00e4idata piirkonna kultuuritraditsioone ning t\u00f5sta seel\u00e4bi tarbijate teadlikkust.<\/p>\n<p>11. Seome Peipsimaa toidu \u00fchtseks tervikuks, v\u00e4\u00e4rtustades paikkondade omap\u00e4ra ja \u00fchtset kultuuriruumi.<\/p>\n","protected":false},"excerpt":{"rendered":"<p>PEIPSI TOIDU MANIFEST Peipsi, Euroopas suuruselt neljas j\u00e4rv, seob j\u00e4rve\u00e4\u00e4rse rahva \u00fchtseks ja oman\u00e4oliseks piirkonnaks. Peipsi Toidu v\u00f5rgustiku liikmed v\u00e4\u00e4rtustavad seda erip\u00e4ra ja eristumist Eesti toidumaastikul, et muuta Eesti toidukultuuri rikkamaks. Viimane j\u00e4\u00e4aeg on vorminud oman\u00e4olise piirkonna Peipsi j\u00e4rve ja selle madalike n\u00e4ol. \u00dcrg-Peipsi taandudes ja j\u00e4rve\u00e4\u00e4rse asustuse tekkides on lisaks j\u00e4rveandidele j\u00e4\u00e4nud meile kasutada [&hellip;]<\/p>\n","protected":false},"author":5,"featured_media":3008,"parent":546,"menu_order":0,"comment_status":"closed","ping_status":"closed","template":"","meta":{"footnotes":""},"class_list":["post-554","page","type-page","status-publish","has-post-thumbnail","hentry"],"yoast_head":"<!-- This site is optimized with the Yoast SEO plugin v26.7 - https:\/\/yoast.com\/wordpress\/plugins\/seo\/ -->\n<title>Peipsi Toit v\u00f5rgustik RUS - Visitpeipsi<\/title>\n<meta name=\"robots\" content=\"index, follow, max-snippet:-1, max-image-preview:large, max-video-preview:-1\" \/>\n<meta property=\"og:locale\" content=\"ru_RU\" \/>\n<meta property=\"og:type\" content=\"article\" \/>\n<meta property=\"og:title\" content=\"Peipsi Toit v\u00f5rgustik RUS - Visitpeipsi\" \/>\n<meta property=\"og:description\" content=\"PEIPSI TOIDU MANIFEST Peipsi, Euroopas suuruselt neljas j\u00e4rv, seob j\u00e4rve\u00e4\u00e4rse rahva \u00fchtseks ja oman\u00e4oliseks piirkonnaks. Peipsi Toidu v\u00f5rgustiku liikmed v\u00e4\u00e4rtustavad seda erip\u00e4ra ja eristumist Eesti toidumaastikul, et muuta Eesti toidukultuuri rikkamaks. Viimane j\u00e4\u00e4aeg on vorminud oman\u00e4olise piirkonna Peipsi j\u00e4rve ja selle madalike n\u00e4ol. \u00dcrg-Peipsi taandudes ja j\u00e4rve\u00e4\u00e4rse asustuse tekkides on lisaks j\u00e4rveandidele j\u00e4\u00e4nud meile kasutada [&hellip;]\" \/>\n<meta property=\"og:url\" content=\"https:\/\/visitpeipsi.com\/ru\/\u043a\u0443\u0445\u043d\u044f\/peipsi-toit-vorgustik-rus\/\" \/>\n<meta property=\"og:site_name\" content=\"Visitpeipsi\" \/>\n<meta property=\"article:publisher\" content=\"https:\/\/www.facebook.com\/visitpeipsi\" \/>\n<meta property=\"og:image\" content=\"https:\/\/visitpeipsi.com\/wp-content\/uploads\/2017\/03\/peipsi-toit-3.jpg\" \/>\n\t<meta property=\"og:image:width\" content=\"1400\" \/>\n\t<meta property=\"og:image:height\" content=\"610\" \/>\n\t<meta property=\"og:image:type\" content=\"image\/jpeg\" \/>\n<meta name=\"twitter:card\" content=\"summary_large_image\" \/>\n<meta name=\"twitter:label1\" content=\"\u041f\u0440\u0438\u043c\u0435\u0440\u043d\u043e\u0435 \u0432\u0440\u0435\u043c\u044f \u0434\u043b\u044f \u0447\u0442\u0435\u043d\u0438\u044f\" \/>\n\t<meta name=\"twitter:data1\" content=\"2 \u043c\u0438\u043d\u0443\u0442\u044b\" \/>\n<script type=\"application\/ld+json\" class=\"yoast-schema-graph\">{\"@context\":\"https:\/\/schema.org\",\"@graph\":[{\"@type\":\"WebPage\",\"@id\":\"https:\/\/visitpeipsi.com\/ru\/%d0%ba%d1%83%d1%85%d0%bd%d1%8f\/peipsi-toit-vorgustik-rus\/\",\"url\":\"https:\/\/visitpeipsi.com\/ru\/%d0%ba%d1%83%d1%85%d0%bd%d1%8f\/peipsi-toit-vorgustik-rus\/\",\"name\":\"Peipsi Toit v\u00f5rgustik RUS - Visitpeipsi\",\"isPartOf\":{\"@id\":\"https:\/\/visitpeipsi.com\/#website\"},\"primaryImageOfPage\":{\"@id\":\"https:\/\/visitpeipsi.com\/ru\/%d0%ba%d1%83%d1%85%d0%bd%d1%8f\/peipsi-toit-vorgustik-rus\/#primaryimage\"},\"image\":{\"@id\":\"https:\/\/visitpeipsi.com\/ru\/%d0%ba%d1%83%d1%85%d0%bd%d1%8f\/peipsi-toit-vorgustik-rus\/#primaryimage\"},\"thumbnailUrl\":\"https:\/\/visitpeipsi.com\/wp-content\/uploads\/2025\/01\/peipsi-toit-3.jpg\",\"datePublished\":\"2017-04-27T19:59:16+00:00\",\"breadcrumb\":{\"@id\":\"https:\/\/visitpeipsi.com\/ru\/%d0%ba%d1%83%d1%85%d0%bd%d1%8f\/peipsi-toit-vorgustik-rus\/#breadcrumb\"},\"inLanguage\":\"ru-RU\",\"potentialAction\":[{\"@type\":\"ReadAction\",\"target\":[\"https:\/\/visitpeipsi.com\/ru\/%d0%ba%d1%83%d1%85%d0%bd%d1%8f\/peipsi-toit-vorgustik-rus\/\"]}]},{\"@type\":\"ImageObject\",\"inLanguage\":\"ru-RU\",\"@id\":\"https:\/\/visitpeipsi.com\/ru\/%d0%ba%d1%83%d1%85%d0%bd%d1%8f\/peipsi-toit-vorgustik-rus\/#primaryimage\",\"url\":\"https:\/\/visitpeipsi.com\/wp-content\/uploads\/2025\/01\/peipsi-toit-3.jpg\",\"contentUrl\":\"https:\/\/visitpeipsi.com\/wp-content\/uploads\/2025\/01\/peipsi-toit-3.jpg\",\"width\":1900,\"height\":500},{\"@type\":\"BreadcrumbList\",\"@id\":\"https:\/\/visitpeipsi.com\/ru\/%d0%ba%d1%83%d1%85%d0%bd%d1%8f\/peipsi-toit-vorgustik-rus\/#breadcrumb\",\"itemListElement\":[{\"@type\":\"ListItem\",\"position\":1,\"name\":\"\u0412\u043a\u0443\u0441\u044b \u041f\u0440\u0438\u0447\u0443\u0434\u044c\u044f\",\"item\":\"https:\/\/visitpeipsi.com\/ru\/%d0%ba%d1%83%d1%85%d0%bd%d1%8f\/\"},{\"@type\":\"ListItem\",\"position\":2,\"name\":\"Peipsi Toit v\u00f5rgustik RUS\"}]},{\"@type\":\"WebSite\",\"@id\":\"https:\/\/visitpeipsi.com\/#website\",\"url\":\"https:\/\/visitpeipsi.com\/\",\"name\":\"Visitpeipsi\",\"description\":\"turism, peipsi, vanausulised, kultuur, culture, onion, fish, kala, sibul\",\"publisher\":{\"@id\":\"https:\/\/visitpeipsi.com\/#organization\"},\"potentialAction\":[{\"@type\":\"SearchAction\",\"target\":{\"@type\":\"EntryPoint\",\"urlTemplate\":\"https:\/\/visitpeipsi.com\/?s={search_term_string}\"},\"query-input\":{\"@type\":\"PropertyValueSpecification\",\"valueRequired\":true,\"valueName\":\"search_term_string\"}}],\"inLanguage\":\"ru-RU\"},{\"@type\":\"Organization\",\"@id\":\"https:\/\/visitpeipsi.com\/#organization\",\"name\":\"Peipsimaa turism\",\"url\":\"https:\/\/visitpeipsi.com\/\",\"logo\":{\"@type\":\"ImageObject\",\"inLanguage\":\"ru-RU\",\"@id\":\"https:\/\/visitpeipsi.com\/#\/schema\/logo\/image\/\",\"url\":\"https:\/\/visitpeipsi.com\/wp-content\/uploads\/2020\/12\/favicon-3.png\",\"contentUrl\":\"https:\/\/visitpeipsi.com\/wp-content\/uploads\/2020\/12\/favicon-3.png\",\"width\":512,\"height\":512,\"caption\":\"Peipsimaa turism\"},\"image\":{\"@id\":\"https:\/\/visitpeipsi.com\/#\/schema\/logo\/image\/\"},\"sameAs\":[\"https:\/\/www.facebook.com\/visitpeipsi\",\"https:\/\/www.instagram.com\/visitpeipsi\/\"]}]}<\/script>\n<!-- \/ Yoast SEO plugin. -->","yoast_head_json":{"title":"Peipsi Toit v\u00f5rgustik RUS - Visitpeipsi","robots":{"index":"index","follow":"follow","max-snippet":"max-snippet:-1","max-image-preview":"max-image-preview:large","max-video-preview":"max-video-preview:-1"},"og_locale":"ru_RU","og_type":"article","og_title":"Peipsi Toit v\u00f5rgustik RUS - Visitpeipsi","og_description":"PEIPSI TOIDU MANIFEST Peipsi, Euroopas suuruselt neljas j\u00e4rv, seob j\u00e4rve\u00e4\u00e4rse rahva \u00fchtseks ja oman\u00e4oliseks piirkonnaks. Peipsi Toidu v\u00f5rgustiku liikmed v\u00e4\u00e4rtustavad seda erip\u00e4ra ja eristumist Eesti toidumaastikul, et muuta Eesti toidukultuuri rikkamaks. Viimane j\u00e4\u00e4aeg on vorminud oman\u00e4olise piirkonna Peipsi j\u00e4rve ja selle madalike n\u00e4ol. \u00dcrg-Peipsi taandudes ja j\u00e4rve\u00e4\u00e4rse asustuse tekkides on lisaks j\u00e4rveandidele j\u00e4\u00e4nud meile kasutada [&hellip;]","og_url":"https:\/\/visitpeipsi.com\/ru\/\u043a\u0443\u0445\u043d\u044f\/peipsi-toit-vorgustik-rus\/","og_site_name":"Visitpeipsi","article_publisher":"https:\/\/www.facebook.com\/visitpeipsi","og_image":[{"width":1400,"height":610,"url":"https:\/\/visitpeipsi.com\/wp-content\/uploads\/2017\/03\/peipsi-toit-3.jpg","type":"image\/jpeg"}],"twitter_card":"summary_large_image","twitter_misc":{"\u041f\u0440\u0438\u043c\u0435\u0440\u043d\u043e\u0435 \u0432\u0440\u0435\u043c\u044f \u0434\u043b\u044f \u0447\u0442\u0435\u043d\u0438\u044f":"2 \u043c\u0438\u043d\u0443\u0442\u044b"},"schema":{"@context":"https:\/\/schema.org","@graph":[{"@type":"WebPage","@id":"https:\/\/visitpeipsi.com\/ru\/%d0%ba%d1%83%d1%85%d0%bd%d1%8f\/peipsi-toit-vorgustik-rus\/","url":"https:\/\/visitpeipsi.com\/ru\/%d0%ba%d1%83%d1%85%d0%bd%d1%8f\/peipsi-toit-vorgustik-rus\/","name":"Peipsi Toit v\u00f5rgustik RUS - Visitpeipsi","isPartOf":{"@id":"https:\/\/visitpeipsi.com\/#website"},"primaryImageOfPage":{"@id":"https:\/\/visitpeipsi.com\/ru\/%d0%ba%d1%83%d1%85%d0%bd%d1%8f\/peipsi-toit-vorgustik-rus\/#primaryimage"},"image":{"@id":"https:\/\/visitpeipsi.com\/ru\/%d0%ba%d1%83%d1%85%d0%bd%d1%8f\/peipsi-toit-vorgustik-rus\/#primaryimage"},"thumbnailUrl":"https:\/\/visitpeipsi.com\/wp-content\/uploads\/2025\/01\/peipsi-toit-3.jpg","datePublished":"2017-04-27T19:59:16+00:00","breadcrumb":{"@id":"https:\/\/visitpeipsi.com\/ru\/%d0%ba%d1%83%d1%85%d0%bd%d1%8f\/peipsi-toit-vorgustik-rus\/#breadcrumb"},"inLanguage":"ru-RU","potentialAction":[{"@type":"ReadAction","target":["https:\/\/visitpeipsi.com\/ru\/%d0%ba%d1%83%d1%85%d0%bd%d1%8f\/peipsi-toit-vorgustik-rus\/"]}]},{"@type":"ImageObject","inLanguage":"ru-RU","@id":"https:\/\/visitpeipsi.com\/ru\/%d0%ba%d1%83%d1%85%d0%bd%d1%8f\/peipsi-toit-vorgustik-rus\/#primaryimage","url":"https:\/\/visitpeipsi.com\/wp-content\/uploads\/2025\/01\/peipsi-toit-3.jpg","contentUrl":"https:\/\/visitpeipsi.com\/wp-content\/uploads\/2025\/01\/peipsi-toit-3.jpg","width":1900,"height":500},{"@type":"BreadcrumbList","@id":"https:\/\/visitpeipsi.com\/ru\/%d0%ba%d1%83%d1%85%d0%bd%d1%8f\/peipsi-toit-vorgustik-rus\/#breadcrumb","itemListElement":[{"@type":"ListItem","position":1,"name":"\u0412\u043a\u0443\u0441\u044b \u041f\u0440\u0438\u0447\u0443\u0434\u044c\u044f","item":"https:\/\/visitpeipsi.com\/ru\/%d0%ba%d1%83%d1%85%d0%bd%d1%8f\/"},{"@type":"ListItem","position":2,"name":"Peipsi Toit v\u00f5rgustik RUS"}]},{"@type":"WebSite","@id":"https:\/\/visitpeipsi.com\/#website","url":"https:\/\/visitpeipsi.com\/","name":"Visitpeipsi","description":"turism, peipsi, vanausulised, kultuur, culture, onion, fish, kala, sibul","publisher":{"@id":"https:\/\/visitpeipsi.com\/#organization"},"potentialAction":[{"@type":"SearchAction","target":{"@type":"EntryPoint","urlTemplate":"https:\/\/visitpeipsi.com\/?s={search_term_string}"},"query-input":{"@type":"PropertyValueSpecification","valueRequired":true,"valueName":"search_term_string"}}],"inLanguage":"ru-RU"},{"@type":"Organization","@id":"https:\/\/visitpeipsi.com\/#organization","name":"Peipsimaa turism","url":"https:\/\/visitpeipsi.com\/","logo":{"@type":"ImageObject","inLanguage":"ru-RU","@id":"https:\/\/visitpeipsi.com\/#\/schema\/logo\/image\/","url":"https:\/\/visitpeipsi.com\/wp-content\/uploads\/2020\/12\/favicon-3.png","contentUrl":"https:\/\/visitpeipsi.com\/wp-content\/uploads\/2020\/12\/favicon-3.png","width":512,"height":512,"caption":"Peipsimaa turism"},"image":{"@id":"https:\/\/visitpeipsi.com\/#\/schema\/logo\/image\/"},"sameAs":["https:\/\/www.facebook.com\/visitpeipsi","https:\/\/www.instagram.com\/visitpeipsi\/"]}]}},"_links":{"self":[{"href":"https:\/\/visitpeipsi.com\/ru\/wp-json\/wp\/v2\/pages\/554","targetHints":{"allow":["GET"]}}],"collection":[{"href":"https:\/\/visitpeipsi.com\/ru\/wp-json\/wp\/v2\/pages"}],"about":[{"href":"https:\/\/visitpeipsi.com\/ru\/wp-json\/wp\/v2\/types\/page"}],"author":[{"embeddable":true,"href":"https:\/\/visitpeipsi.com\/ru\/wp-json\/wp\/v2\/users\/5"}],"replies":[{"embeddable":true,"href":"https:\/\/visitpeipsi.com\/ru\/wp-json\/wp\/v2\/comments?post=554"}],"version-history":[{"count":0,"href":"https:\/\/visitpeipsi.com\/ru\/wp-json\/wp\/v2\/pages\/554\/revisions"}],"up":[{"embeddable":true,"href":"https:\/\/visitpeipsi.com\/ru\/wp-json\/wp\/v2\/pages\/546"}],"wp:featuredmedia":[{"embeddable":true,"href":"https:\/\/visitpeipsi.com\/ru\/wp-json\/wp\/v2\/media\/3008"}],"wp:attachment":[{"href":"https:\/\/visitpeipsi.com\/ru\/wp-json\/wp\/v2\/media?parent=554"}],"curies":[{"name":"wp","href":"https:\/\/api.w.org\/{rel}","templated":true}]}}