{"id":578,"date":"2017-04-27T22:13:29","date_gmt":"2017-04-27T20:13:29","guid":{"rendered":"https:\/\/visitpeipsi.com\/?page_id=578\/"},"modified":"2017-04-27T22:13:29","modified_gmt":"2017-04-27T20:13:29","slug":"mtu-peipsimaa-turismist","status":"publish","type":"page","link":"https:\/\/visitpeipsi.com\/ru\/%d0%b4%d0%bb%d1%8f-%d0%bf%d1%80%d0%be%d1%84%d0%b5%d1%81%d1%81%d0%b8%d0%be%d0%bd%d0%b0%d0%bb%d0%be%d0%b2\/mtu-peipsimaa-turismist\/","title":{"rendered":"MT\u00dc Peipsimaa Turismist"},"content":{"rendered":"<p>MT\u00dc Peipsimaa Turism p\u00f5hieesm\u00e4rgiks on koordineerida Peipsi regiooni (Peipsimaa) turismialast arendust\u00f6\u00f6d, sh tegeleda regiooni turunduse ja turismitoodete arendusega ning piirkonna maine kujundamise ja turismialase informatsiooni kogumise, anal\u00fc\u00fcsi ja levitamisega ning toetada igati Peipsimaa regiooni tasakaalustatud arengut.<\/p>\n<p><a href=\"https:\/\/visitpeipsi.com\/wp-content\/uploads\/2017\/03\/mittetulundusuhingu-pohikiri.pdf\" target=\"_blank\" rel=\"noopener noreferrer\">Peipsimaa Turismi p\u00f5hikiri<\/a><\/p>\n","protected":false},"excerpt":{"rendered":"<p>MT\u00dc Peipsimaa Turism p\u00f5hieesm\u00e4rgiks on koordineerida Peipsi regiooni (Peipsimaa) turismialast arendust\u00f6\u00f6d, sh tegeleda regiooni turunduse ja turismitoodete arendusega ning piirkonna maine kujundamise ja turismialase informatsiooni kogumise, anal\u00fc\u00fcsi ja levitamisega ning toetada igati Peipsimaa regiooni tasakaalustatud arengut. Peipsimaa Turismi p\u00f5hikiri<\/p>\n","protected":false},"author":5,"featured_media":8741,"parent":570,"menu_order":0,"comment_status":"closed","ping_status":"closed","template":"","meta":{"footnotes":""},"class_list":["post-578","page","type-page","status-publish","has-post-thumbnail","hentry"],"yoast_head":"<!-- This site is optimized with the Yoast SEO plugin v26.7 - https:\/\/yoast.com\/wordpress\/plugins\/seo\/ -->\n<title>MT\u00dc Peipsimaa Turismist - Visitpeipsi<\/title>\n<meta name=\"robots\" content=\"index, follow, max-snippet:-1, max-image-preview:large, max-video-preview:-1\" \/>\n<meta property=\"og:locale\" content=\"ru_RU\" \/>\n<meta property=\"og:type\" content=\"article\" \/>\n<meta property=\"og:title\" content=\"MT\u00dc Peipsimaa Turismist - Visitpeipsi\" \/>\n<meta property=\"og:description\" content=\"MT\u00dc Peipsimaa Turism p\u00f5hieesm\u00e4rgiks on koordineerida Peipsi regiooni (Peipsimaa) turismialast arendust\u00f6\u00f6d, sh tegeleda regiooni turunduse ja turismitoodete arendusega ning piirkonna maine kujundamise ja turismialase informatsiooni kogumise, anal\u00fc\u00fcsi ja levitamisega ning toetada igati Peipsimaa regiooni tasakaalustatud arengut. Peipsimaa Turismi p\u00f5hikiri\" \/>\n<meta property=\"og:url\" content=\"https:\/\/visitpeipsi.com\/ru\/\u0434\u043b\u044f-\u043f\u0440\u043e\u0444\u0435\u0441\u0441\u0438\u043e\u043d\u0430\u043b\u043e\u0432\/mtu-peipsimaa-turismist\/\" \/>\n<meta property=\"og:site_name\" content=\"Visitpeipsi\" \/>\n<meta property=\"article:publisher\" content=\"https:\/\/www.facebook.com\/visitpeipsi\" \/>\n<meta property=\"og:image\" content=\"https:\/\/visitpeipsi.com\/wp-content\/uploads\/2017\/04\/maasikad.jpg\" \/>\n\t<meta property=\"og:image:width\" content=\"1400\" \/>\n\t<meta property=\"og:image:height\" content=\"610\" \/>\n\t<meta property=\"og:image:type\" content=\"image\/jpeg\" \/>\n<meta name=\"twitter:card\" content=\"summary_large_image\" \/>\n<script type=\"application\/ld+json\" class=\"yoast-schema-graph\">{\"@context\":\"https:\/\/schema.org\",\"@graph\":[{\"@type\":\"WebPage\",\"@id\":\"https:\/\/visitpeipsi.com\/ru\/%d0%b4%d0%bb%d1%8f-%d0%bf%d1%80%d0%be%d1%84%d0%b5%d1%81%d1%81%d0%b8%d0%be%d0%bd%d0%b0%d0%bb%d0%be%d0%b2\/mtu-peipsimaa-turismist\/\",\"url\":\"https:\/\/visitpeipsi.com\/ru\/%d0%b4%d0%bb%d1%8f-%d0%bf%d1%80%d0%be%d1%84%d0%b5%d1%81%d1%81%d0%b8%d0%be%d0%bd%d0%b0%d0%bb%d0%be%d0%b2\/mtu-peipsimaa-turismist\/\",\"name\":\"MT\u00dc Peipsimaa Turismist - Visitpeipsi\",\"isPartOf\":{\"@id\":\"https:\/\/visitpeipsi.com\/#website\"},\"primaryImageOfPage\":{\"@id\":\"https:\/\/visitpeipsi.com\/ru\/%d0%b4%d0%bb%d1%8f-%d0%bf%d1%80%d0%be%d1%84%d0%b5%d1%81%d1%81%d0%b8%d0%be%d0%bd%d0%b0%d0%bb%d0%be%d0%b2\/mtu-peipsimaa-turismist\/#primaryimage\"},\"image\":{\"@id\":\"https:\/\/visitpeipsi.com\/ru\/%d0%b4%d0%bb%d1%8f-%d0%bf%d1%80%d0%be%d1%84%d0%b5%d1%81%d1%81%d0%b8%d0%be%d0%bd%d0%b0%d0%bb%d0%be%d0%b2\/mtu-peipsimaa-turismist\/#primaryimage\"},\"thumbnailUrl\":\"https:\/\/visitpeipsi.com\/wp-content\/uploads\/2017\/04\/maasikad.jpg\",\"datePublished\":\"2017-04-27T20:13:29+00:00\",\"breadcrumb\":{\"@id\":\"https:\/\/visitpeipsi.com\/ru\/%d0%b4%d0%bb%d1%8f-%d0%bf%d1%80%d0%be%d1%84%d0%b5%d1%81%d1%81%d0%b8%d0%be%d0%bd%d0%b0%d0%bb%d0%be%d0%b2\/mtu-peipsimaa-turismist\/#breadcrumb\"},\"inLanguage\":\"ru-RU\",\"potentialAction\":[{\"@type\":\"ReadAction\",\"target\":[\"https:\/\/visitpeipsi.com\/ru\/%d0%b4%d0%bb%d1%8f-%d0%bf%d1%80%d0%be%d1%84%d0%b5%d1%81%d1%81%d0%b8%d0%be%d0%bd%d0%b0%d0%bb%d0%be%d0%b2\/mtu-peipsimaa-turismist\/\"]}]},{\"@type\":\"ImageObject\",\"inLanguage\":\"ru-RU\",\"@id\":\"https:\/\/visitpeipsi.com\/ru\/%d0%b4%d0%bb%d1%8f-%d0%bf%d1%80%d0%be%d1%84%d0%b5%d1%81%d1%81%d0%b8%d0%be%d0%bd%d0%b0%d0%bb%d0%be%d0%b2\/mtu-peipsimaa-turismist\/#primaryimage\",\"url\":\"https:\/\/visitpeipsi.com\/wp-content\/uploads\/2017\/04\/maasikad.jpg\",\"contentUrl\":\"https:\/\/visitpeipsi.com\/wp-content\/uploads\/2017\/04\/maasikad.jpg\",\"width\":1400,\"height\":610,\"caption\":\"Ilusad punased maasikad inimese k\u00e4tes, mis illustreerivad Peipsi projekte ja tegevuskavasid ning turundusmaterjale ja turismi\"},{\"@type\":\"BreadcrumbList\",\"@id\":\"https:\/\/visitpeipsi.com\/ru\/%d0%b4%d0%bb%d1%8f-%d0%bf%d1%80%d0%be%d1%84%d0%b5%d1%81%d1%81%d0%b8%d0%be%d0%bd%d0%b0%d0%bb%d0%be%d0%b2\/mtu-peipsimaa-turismist\/#breadcrumb\",\"itemListElement\":[{\"@type\":\"ListItem\",\"position\":1,\"name\":\"\u0414\u043b\u044f \u043f\u0440\u043e\u0444\u0435\u0441\u0441\u0438\u043e\u043d\u0430\u043b\u043e\u0432\",\"item\":\"https:\/\/visitpeipsi.com\/ru\/%d0%b4%d0%bb%d1%8f-%d0%bf%d1%80%d0%be%d1%84%d0%b5%d1%81%d1%81%d0%b8%d0%be%d0%bd%d0%b0%d0%bb%d0%be%d0%b2\/\"},{\"@type\":\"ListItem\",\"position\":2,\"name\":\"MT\u00dc Peipsimaa Turismist\"}]},{\"@type\":\"WebSite\",\"@id\":\"https:\/\/visitpeipsi.com\/#website\",\"url\":\"https:\/\/visitpeipsi.com\/\",\"name\":\"Visitpeipsi\",\"description\":\"turism, peipsi, vanausulised, kultuur, culture, onion, fish, kala, sibul\",\"publisher\":{\"@id\":\"https:\/\/visitpeipsi.com\/#organization\"},\"potentialAction\":[{\"@type\":\"SearchAction\",\"target\":{\"@type\":\"EntryPoint\",\"urlTemplate\":\"https:\/\/visitpeipsi.com\/?s={search_term_string}\"},\"query-input\":{\"@type\":\"PropertyValueSpecification\",\"valueRequired\":true,\"valueName\":\"search_term_string\"}}],\"inLanguage\":\"ru-RU\"},{\"@type\":\"Organization\",\"@id\":\"https:\/\/visitpeipsi.com\/#organization\",\"name\":\"Peipsimaa turism\",\"url\":\"https:\/\/visitpeipsi.com\/\",\"logo\":{\"@type\":\"ImageObject\",\"inLanguage\":\"ru-RU\",\"@id\":\"https:\/\/visitpeipsi.com\/#\/schema\/logo\/image\/\",\"url\":\"https:\/\/visitpeipsi.com\/wp-content\/uploads\/2020\/12\/favicon-3.png\",\"contentUrl\":\"https:\/\/visitpeipsi.com\/wp-content\/uploads\/2020\/12\/favicon-3.png\",\"width\":512,\"height\":512,\"caption\":\"Peipsimaa turism\"},\"image\":{\"@id\":\"https:\/\/visitpeipsi.com\/#\/schema\/logo\/image\/\"},\"sameAs\":[\"https:\/\/www.facebook.com\/visitpeipsi\",\"https:\/\/www.instagram.com\/visitpeipsi\/\"]}]}<\/script>\n<!-- \/ Yoast SEO plugin. -->","yoast_head_json":{"title":"MT\u00dc Peipsimaa Turismist - Visitpeipsi","robots":{"index":"index","follow":"follow","max-snippet":"max-snippet:-1","max-image-preview":"max-image-preview:large","max-video-preview":"max-video-preview:-1"},"og_locale":"ru_RU","og_type":"article","og_title":"MT\u00dc Peipsimaa Turismist - Visitpeipsi","og_description":"MT\u00dc Peipsimaa Turism p\u00f5hieesm\u00e4rgiks on koordineerida Peipsi regiooni (Peipsimaa) turismialast arendust\u00f6\u00f6d, sh tegeleda regiooni turunduse ja turismitoodete arendusega ning piirkonna maine kujundamise ja turismialase informatsiooni kogumise, anal\u00fc\u00fcsi ja levitamisega ning toetada igati Peipsimaa regiooni tasakaalustatud arengut. Peipsimaa Turismi p\u00f5hikiri","og_url":"https:\/\/visitpeipsi.com\/ru\/\u0434\u043b\u044f-\u043f\u0440\u043e\u0444\u0435\u0441\u0441\u0438\u043e\u043d\u0430\u043b\u043e\u0432\/mtu-peipsimaa-turismist\/","og_site_name":"Visitpeipsi","article_publisher":"https:\/\/www.facebook.com\/visitpeipsi","og_image":[{"width":1400,"height":610,"url":"https:\/\/visitpeipsi.com\/wp-content\/uploads\/2017\/04\/maasikad.jpg","type":"image\/jpeg"}],"twitter_card":"summary_large_image","schema":{"@context":"https:\/\/schema.org","@graph":[{"@type":"WebPage","@id":"https:\/\/visitpeipsi.com\/ru\/%d0%b4%d0%bb%d1%8f-%d0%bf%d1%80%d0%be%d1%84%d0%b5%d1%81%d1%81%d0%b8%d0%be%d0%bd%d0%b0%d0%bb%d0%be%d0%b2\/mtu-peipsimaa-turismist\/","url":"https:\/\/visitpeipsi.com\/ru\/%d0%b4%d0%bb%d1%8f-%d0%bf%d1%80%d0%be%d1%84%d0%b5%d1%81%d1%81%d0%b8%d0%be%d0%bd%d0%b0%d0%bb%d0%be%d0%b2\/mtu-peipsimaa-turismist\/","name":"MT\u00dc Peipsimaa Turismist - Visitpeipsi","isPartOf":{"@id":"https:\/\/visitpeipsi.com\/#website"},"primaryImageOfPage":{"@id":"https:\/\/visitpeipsi.com\/ru\/%d0%b4%d0%bb%d1%8f-%d0%bf%d1%80%d0%be%d1%84%d0%b5%d1%81%d1%81%d0%b8%d0%be%d0%bd%d0%b0%d0%bb%d0%be%d0%b2\/mtu-peipsimaa-turismist\/#primaryimage"},"image":{"@id":"https:\/\/visitpeipsi.com\/ru\/%d0%b4%d0%bb%d1%8f-%d0%bf%d1%80%d0%be%d1%84%d0%b5%d1%81%d1%81%d0%b8%d0%be%d0%bd%d0%b0%d0%bb%d0%be%d0%b2\/mtu-peipsimaa-turismist\/#primaryimage"},"thumbnailUrl":"https:\/\/visitpeipsi.com\/wp-content\/uploads\/2017\/04\/maasikad.jpg","datePublished":"2017-04-27T20:13:29+00:00","breadcrumb":{"@id":"https:\/\/visitpeipsi.com\/ru\/%d0%b4%d0%bb%d1%8f-%d0%bf%d1%80%d0%be%d1%84%d0%b5%d1%81%d1%81%d0%b8%d0%be%d0%bd%d0%b0%d0%bb%d0%be%d0%b2\/mtu-peipsimaa-turismist\/#breadcrumb"},"inLanguage":"ru-RU","potentialAction":[{"@type":"ReadAction","target":["https:\/\/visitpeipsi.com\/ru\/%d0%b4%d0%bb%d1%8f-%d0%bf%d1%80%d0%be%d1%84%d0%b5%d1%81%d1%81%d0%b8%d0%be%d0%bd%d0%b0%d0%bb%d0%be%d0%b2\/mtu-peipsimaa-turismist\/"]}]},{"@type":"ImageObject","inLanguage":"ru-RU","@id":"https:\/\/visitpeipsi.com\/ru\/%d0%b4%d0%bb%d1%8f-%d0%bf%d1%80%d0%be%d1%84%d0%b5%d1%81%d1%81%d0%b8%d0%be%d0%bd%d0%b0%d0%bb%d0%be%d0%b2\/mtu-peipsimaa-turismist\/#primaryimage","url":"https:\/\/visitpeipsi.com\/wp-content\/uploads\/2017\/04\/maasikad.jpg","contentUrl":"https:\/\/visitpeipsi.com\/wp-content\/uploads\/2017\/04\/maasikad.jpg","width":1400,"height":610,"caption":"Ilusad punased maasikad inimese k\u00e4tes, mis illustreerivad Peipsi projekte ja tegevuskavasid ning turundusmaterjale ja turismi"},{"@type":"BreadcrumbList","@id":"https:\/\/visitpeipsi.com\/ru\/%d0%b4%d0%bb%d1%8f-%d0%bf%d1%80%d0%be%d1%84%d0%b5%d1%81%d1%81%d0%b8%d0%be%d0%bd%d0%b0%d0%bb%d0%be%d0%b2\/mtu-peipsimaa-turismist\/#breadcrumb","itemListElement":[{"@type":"ListItem","position":1,"name":"\u0414\u043b\u044f \u043f\u0440\u043e\u0444\u0435\u0441\u0441\u0438\u043e\u043d\u0430\u043b\u043e\u0432","item":"https:\/\/visitpeipsi.com\/ru\/%d0%b4%d0%bb%d1%8f-%d0%bf%d1%80%d0%be%d1%84%d0%b5%d1%81%d1%81%d0%b8%d0%be%d0%bd%d0%b0%d0%bb%d0%be%d0%b2\/"},{"@type":"ListItem","position":2,"name":"MT\u00dc Peipsimaa Turismist"}]},{"@type":"WebSite","@id":"https:\/\/visitpeipsi.com\/#website","url":"https:\/\/visitpeipsi.com\/","name":"Visitpeipsi","description":"turism, peipsi, vanausulised, kultuur, culture, onion, fish, kala, sibul","publisher":{"@id":"https:\/\/visitpeipsi.com\/#organization"},"potentialAction":[{"@type":"SearchAction","target":{"@type":"EntryPoint","urlTemplate":"https:\/\/visitpeipsi.com\/?s={search_term_string}"},"query-input":{"@type":"PropertyValueSpecification","valueRequired":true,"valueName":"search_term_string"}}],"inLanguage":"ru-RU"},{"@type":"Organization","@id":"https:\/\/visitpeipsi.com\/#organization","name":"Peipsimaa turism","url":"https:\/\/visitpeipsi.com\/","logo":{"@type":"ImageObject","inLanguage":"ru-RU","@id":"https:\/\/visitpeipsi.com\/#\/schema\/logo\/image\/","url":"https:\/\/visitpeipsi.com\/wp-content\/uploads\/2020\/12\/favicon-3.png","contentUrl":"https:\/\/visitpeipsi.com\/wp-content\/uploads\/2020\/12\/favicon-3.png","width":512,"height":512,"caption":"Peipsimaa turism"},"image":{"@id":"https:\/\/visitpeipsi.com\/#\/schema\/logo\/image\/"},"sameAs":["https:\/\/www.facebook.com\/visitpeipsi","https:\/\/www.instagram.com\/visitpeipsi\/"]}]}},"_links":{"self":[{"href":"https:\/\/visitpeipsi.com\/ru\/wp-json\/wp\/v2\/pages\/578","targetHints":{"allow":["GET"]}}],"collection":[{"href":"https:\/\/visitpeipsi.com\/ru\/wp-json\/wp\/v2\/pages"}],"about":[{"href":"https:\/\/visitpeipsi.com\/ru\/wp-json\/wp\/v2\/types\/page"}],"author":[{"embeddable":true,"href":"https:\/\/visitpeipsi.com\/ru\/wp-json\/wp\/v2\/users\/5"}],"replies":[{"embeddable":true,"href":"https:\/\/visitpeipsi.com\/ru\/wp-json\/wp\/v2\/comments?post=578"}],"version-history":[{"count":0,"href":"https:\/\/visitpeipsi.com\/ru\/wp-json\/wp\/v2\/pages\/578\/revisions"}],"up":[{"embeddable":true,"href":"https:\/\/visitpeipsi.com\/ru\/wp-json\/wp\/v2\/pages\/570"}],"wp:featuredmedia":[{"embeddable":true,"href":"https:\/\/visitpeipsi.com\/ru\/wp-json\/wp\/v2\/media\/8741"}],"wp:attachment":[{"href":"https:\/\/visitpeipsi.com\/ru\/wp-json\/wp\/v2\/media?parent=578"}],"curies":[{"name":"wp","href":"https:\/\/api.w.org\/{rel}","templated":true}]}}