{"id":602,"date":"2017-04-27T22:29:07","date_gmt":"2017-04-27T20:29:07","guid":{"rendered":"https:\/\/visitpeipsi.com\/?page_id=602\/"},"modified":"2017-04-27T22:29:07","modified_gmt":"2017-04-27T20:29:07","slug":"%d0%bf%d1%80%d0%b8%d1%80%d0%be%d0%b4%d0%b0-peipsimaa","status":"publish","type":"page","link":"https:\/\/visitpeipsi.com\/ru\/%d0%bf%d1%80%d0%b8%d0%ba%d0%bb%d1%8e%d1%87%d0%b5%d0%bd%d0%b8%d0%b5\/%d0%bf%d1%80%d0%b8%d1%80%d0%be%d0%b4%d0%b0-peipsimaa\/","title":{"rendered":"\u041f\u0440\u0438\u0440\u043e\u0434\u0430 Peipsimaa"},"content":{"rendered":"<p>Peipsimaa s\u00fcda on Peipsi j\u00e4rv. See Eesti idapiiril lainetav merem\u00f5\u00f5tu j\u00e4rv on pindalalt Euroopa neljas ja Eesti suurim. Peaaegu j\u00e4rve keskelt kulgeb Eesti ja Venemaa vaheline kontrolljoon, mis j\u00e4tab 44% j\u00e4rve pindalast Eestile.<br \/>\nPeipsisse toovad vett umbes 240 j\u00f5ge ja oja, ent v\u00e4lja voolab ainult Narva j\u00f5gi, mis kannab aastas Soome lahte peaaegu poole kogu j\u00e4rve veemahust. Peipsi vetev\u00e4li ja elupaikade mitmekesisus paneb aluse siinsele elurikkusele. P\u00f5hja-Euroopa \u00fche kalarikkama j\u00e4rvena v\u00f5ib siin kohata 35 kalaliiki ja s\u00f5\u00f5rsuu liiki.<\/p>\n","protected":false},"excerpt":{"rendered":"<p>Peipsimaa s\u00fcda on Peipsi j\u00e4rv. See Eesti idapiiril lainetav merem\u00f5\u00f5tu j\u00e4rv on pindalalt Euroopa neljas ja Eesti suurim. Peaaegu j\u00e4rve keskelt kulgeb Eesti ja Venemaa vaheline kontrolljoon, mis j\u00e4tab 44% j\u00e4rve pindalast Eestile. Peipsisse toovad vett umbes 240 j\u00f5ge ja oja, ent v\u00e4lja voolab ainult Narva j\u00f5gi, mis kannab aastas Soome lahte peaaegu poole kogu [&hellip;]<\/p>\n","protected":false},"author":5,"featured_media":2918,"parent":590,"menu_order":0,"comment_status":"closed","ping_status":"closed","template":"","meta":{"footnotes":""},"class_list":["post-602","page","type-page","status-publish","has-post-thumbnail","hentry"],"yoast_head":"<!-- This site is optimized with the Yoast SEO plugin v26.7 - https:\/\/yoast.com\/wordpress\/plugins\/seo\/ -->\n<title>\u041f\u0440\u0438\u0440\u043e\u0434\u0430 Peipsimaa - Visitpeipsi<\/title>\n<meta name=\"robots\" content=\"index, follow, max-snippet:-1, max-image-preview:large, max-video-preview:-1\" \/>\n<meta property=\"og:locale\" content=\"ru_RU\" \/>\n<meta property=\"og:type\" content=\"article\" \/>\n<meta property=\"og:title\" content=\"\u041f\u0440\u0438\u0440\u043e\u0434\u0430 Peipsimaa - Visitpeipsi\" \/>\n<meta property=\"og:description\" content=\"Peipsimaa s\u00fcda on Peipsi j\u00e4rv. See Eesti idapiiril lainetav merem\u00f5\u00f5tu j\u00e4rv on pindalalt Euroopa neljas ja Eesti suurim. Peaaegu j\u00e4rve keskelt kulgeb Eesti ja Venemaa vaheline kontrolljoon, mis j\u00e4tab 44% j\u00e4rve pindalast Eestile. Peipsisse toovad vett umbes 240 j\u00f5ge ja oja, ent v\u00e4lja voolab ainult Narva j\u00f5gi, mis kannab aastas Soome lahte peaaegu poole kogu [&hellip;]\" \/>\n<meta property=\"og:url\" content=\"https:\/\/visitpeipsi.com\/ru\/\u043f\u0440\u0438\u043a\u043b\u044e\u0447\u0435\u043d\u0438\u0435\/\u043f\u0440\u0438\u0440\u043e\u0434\u0430-peipsimaa\/\" \/>\n<meta property=\"og:site_name\" content=\"Visitpeipsi\" \/>\n<meta property=\"article:publisher\" content=\"https:\/\/www.facebook.com\/visitpeipsi\" \/>\n<meta property=\"og:image\" content=\"https:\/\/visitpeipsi.com\/wp-content\/uploads\/2017\/03\/samovar.jpg\" \/>\n\t<meta property=\"og:image:width\" content=\"1400\" \/>\n\t<meta property=\"og:image:height\" content=\"610\" \/>\n\t<meta property=\"og:image:type\" content=\"image\/jpeg\" \/>\n<meta name=\"twitter:card\" content=\"summary_large_image\" \/>\n<script type=\"application\/ld+json\" class=\"yoast-schema-graph\">{\"@context\":\"https:\/\/schema.org\",\"@graph\":[{\"@type\":\"WebPage\",\"@id\":\"https:\/\/visitpeipsi.com\/ru\/%d0%bf%d1%80%d0%b8%d0%ba%d0%bb%d1%8e%d1%87%d0%b5%d0%bd%d0%b8%d0%b5\/%d0%bf%d1%80%d0%b8%d1%80%d0%be%d0%b4%d0%b0-peipsimaa\/\",\"url\":\"https:\/\/visitpeipsi.com\/ru\/%d0%bf%d1%80%d0%b8%d0%ba%d0%bb%d1%8e%d1%87%d0%b5%d0%bd%d0%b8%d0%b5\/%d0%bf%d1%80%d0%b8%d1%80%d0%be%d0%b4%d0%b0-peipsimaa\/\",\"name\":\"\u041f\u0440\u0438\u0440\u043e\u0434\u0430 Peipsimaa - Visitpeipsi\",\"isPartOf\":{\"@id\":\"https:\/\/visitpeipsi.com\/#website\"},\"primaryImageOfPage\":{\"@id\":\"https:\/\/visitpeipsi.com\/ru\/%d0%bf%d1%80%d0%b8%d0%ba%d0%bb%d1%8e%d1%87%d0%b5%d0%bd%d0%b8%d0%b5\/%d0%bf%d1%80%d0%b8%d1%80%d0%be%d0%b4%d0%b0-peipsimaa\/#primaryimage\"},\"image\":{\"@id\":\"https:\/\/visitpeipsi.com\/ru\/%d0%bf%d1%80%d0%b8%d0%ba%d0%bb%d1%8e%d1%87%d0%b5%d0%bd%d0%b8%d0%b5\/%d0%bf%d1%80%d0%b8%d1%80%d0%be%d0%b4%d0%b0-peipsimaa\/#primaryimage\"},\"thumbnailUrl\":\"https:\/\/visitpeipsi.com\/wp-content\/uploads\/2025\/01\/samovar.jpg\",\"datePublished\":\"2017-04-27T20:29:07+00:00\",\"breadcrumb\":{\"@id\":\"https:\/\/visitpeipsi.com\/ru\/%d0%bf%d1%80%d0%b8%d0%ba%d0%bb%d1%8e%d1%87%d0%b5%d0%bd%d0%b8%d0%b5\/%d0%bf%d1%80%d0%b8%d1%80%d0%be%d0%b4%d0%b0-peipsimaa\/#breadcrumb\"},\"inLanguage\":\"ru-RU\",\"potentialAction\":[{\"@type\":\"ReadAction\",\"target\":[\"https:\/\/visitpeipsi.com\/ru\/%d0%bf%d1%80%d0%b8%d0%ba%d0%bb%d1%8e%d1%87%d0%b5%d0%bd%d0%b8%d0%b5\/%d0%bf%d1%80%d0%b8%d1%80%d0%be%d0%b4%d0%b0-peipsimaa\/\"]}]},{\"@type\":\"ImageObject\",\"inLanguage\":\"ru-RU\",\"@id\":\"https:\/\/visitpeipsi.com\/ru\/%d0%bf%d1%80%d0%b8%d0%ba%d0%bb%d1%8e%d1%87%d0%b5%d0%bd%d0%b8%d0%b5\/%d0%bf%d1%80%d0%b8%d1%80%d0%be%d0%b4%d0%b0-peipsimaa\/#primaryimage\",\"url\":\"https:\/\/visitpeipsi.com\/wp-content\/uploads\/2025\/01\/samovar.jpg\",\"contentUrl\":\"https:\/\/visitpeipsi.com\/wp-content\/uploads\/2025\/01\/samovar.jpg\",\"width\":1900,\"height\":500},{\"@type\":\"BreadcrumbList\",\"@id\":\"https:\/\/visitpeipsi.com\/ru\/%d0%bf%d1%80%d0%b8%d0%ba%d0%bb%d1%8e%d1%87%d0%b5%d0%bd%d0%b8%d0%b5\/%d0%bf%d1%80%d0%b8%d1%80%d0%be%d0%b4%d0%b0-peipsimaa\/#breadcrumb\",\"itemListElement\":[{\"@type\":\"ListItem\",\"position\":1,\"name\":\"\u041f\u0443\u0442\u0435\u0448\u0435\u0441\u0442\u0432\u0438\u044f\",\"item\":\"https:\/\/visitpeipsi.com\/ru\/%d0%bf%d1%80%d0%b8%d0%ba%d0%bb%d1%8e%d1%87%d0%b5%d0%bd%d0%b8%d0%b5\/\"},{\"@type\":\"ListItem\",\"position\":2,\"name\":\"\u041f\u0440\u0438\u0440\u043e\u0434\u0430 Peipsimaa\"}]},{\"@type\":\"WebSite\",\"@id\":\"https:\/\/visitpeipsi.com\/#website\",\"url\":\"https:\/\/visitpeipsi.com\/\",\"name\":\"Visitpeipsi\",\"description\":\"turism, peipsi, vanausulised, kultuur, culture, onion, fish, kala, sibul\",\"publisher\":{\"@id\":\"https:\/\/visitpeipsi.com\/#organization\"},\"potentialAction\":[{\"@type\":\"SearchAction\",\"target\":{\"@type\":\"EntryPoint\",\"urlTemplate\":\"https:\/\/visitpeipsi.com\/?s={search_term_string}\"},\"query-input\":{\"@type\":\"PropertyValueSpecification\",\"valueRequired\":true,\"valueName\":\"search_term_string\"}}],\"inLanguage\":\"ru-RU\"},{\"@type\":\"Organization\",\"@id\":\"https:\/\/visitpeipsi.com\/#organization\",\"name\":\"Peipsimaa turism\",\"url\":\"https:\/\/visitpeipsi.com\/\",\"logo\":{\"@type\":\"ImageObject\",\"inLanguage\":\"ru-RU\",\"@id\":\"https:\/\/visitpeipsi.com\/#\/schema\/logo\/image\/\",\"url\":\"https:\/\/visitpeipsi.com\/wp-content\/uploads\/2020\/12\/favicon-3.png\",\"contentUrl\":\"https:\/\/visitpeipsi.com\/wp-content\/uploads\/2020\/12\/favicon-3.png\",\"width\":512,\"height\":512,\"caption\":\"Peipsimaa turism\"},\"image\":{\"@id\":\"https:\/\/visitpeipsi.com\/#\/schema\/logo\/image\/\"},\"sameAs\":[\"https:\/\/www.facebook.com\/visitpeipsi\",\"https:\/\/www.instagram.com\/visitpeipsi\/\"]}]}<\/script>\n<!-- \/ Yoast SEO plugin. -->","yoast_head_json":{"title":"\u041f\u0440\u0438\u0440\u043e\u0434\u0430 Peipsimaa - Visitpeipsi","robots":{"index":"index","follow":"follow","max-snippet":"max-snippet:-1","max-image-preview":"max-image-preview:large","max-video-preview":"max-video-preview:-1"},"og_locale":"ru_RU","og_type":"article","og_title":"\u041f\u0440\u0438\u0440\u043e\u0434\u0430 Peipsimaa - Visitpeipsi","og_description":"Peipsimaa s\u00fcda on Peipsi j\u00e4rv. See Eesti idapiiril lainetav merem\u00f5\u00f5tu j\u00e4rv on pindalalt Euroopa neljas ja Eesti suurim. Peaaegu j\u00e4rve keskelt kulgeb Eesti ja Venemaa vaheline kontrolljoon, mis j\u00e4tab 44% j\u00e4rve pindalast Eestile. Peipsisse toovad vett umbes 240 j\u00f5ge ja oja, ent v\u00e4lja voolab ainult Narva j\u00f5gi, mis kannab aastas Soome lahte peaaegu poole kogu [&hellip;]","og_url":"https:\/\/visitpeipsi.com\/ru\/\u043f\u0440\u0438\u043a\u043b\u044e\u0447\u0435\u043d\u0438\u0435\/\u043f\u0440\u0438\u0440\u043e\u0434\u0430-peipsimaa\/","og_site_name":"Visitpeipsi","article_publisher":"https:\/\/www.facebook.com\/visitpeipsi","og_image":[{"width":1400,"height":610,"url":"https:\/\/visitpeipsi.com\/wp-content\/uploads\/2017\/03\/samovar.jpg","type":"image\/jpeg"}],"twitter_card":"summary_large_image","schema":{"@context":"https:\/\/schema.org","@graph":[{"@type":"WebPage","@id":"https:\/\/visitpeipsi.com\/ru\/%d0%bf%d1%80%d0%b8%d0%ba%d0%bb%d1%8e%d1%87%d0%b5%d0%bd%d0%b8%d0%b5\/%d0%bf%d1%80%d0%b8%d1%80%d0%be%d0%b4%d0%b0-peipsimaa\/","url":"https:\/\/visitpeipsi.com\/ru\/%d0%bf%d1%80%d0%b8%d0%ba%d0%bb%d1%8e%d1%87%d0%b5%d0%bd%d0%b8%d0%b5\/%d0%bf%d1%80%d0%b8%d1%80%d0%be%d0%b4%d0%b0-peipsimaa\/","name":"\u041f\u0440\u0438\u0440\u043e\u0434\u0430 Peipsimaa - Visitpeipsi","isPartOf":{"@id":"https:\/\/visitpeipsi.com\/#website"},"primaryImageOfPage":{"@id":"https:\/\/visitpeipsi.com\/ru\/%d0%bf%d1%80%d0%b8%d0%ba%d0%bb%d1%8e%d1%87%d0%b5%d0%bd%d0%b8%d0%b5\/%d0%bf%d1%80%d0%b8%d1%80%d0%be%d0%b4%d0%b0-peipsimaa\/#primaryimage"},"image":{"@id":"https:\/\/visitpeipsi.com\/ru\/%d0%bf%d1%80%d0%b8%d0%ba%d0%bb%d1%8e%d1%87%d0%b5%d0%bd%d0%b8%d0%b5\/%d0%bf%d1%80%d0%b8%d1%80%d0%be%d0%b4%d0%b0-peipsimaa\/#primaryimage"},"thumbnailUrl":"https:\/\/visitpeipsi.com\/wp-content\/uploads\/2025\/01\/samovar.jpg","datePublished":"2017-04-27T20:29:07+00:00","breadcrumb":{"@id":"https:\/\/visitpeipsi.com\/ru\/%d0%bf%d1%80%d0%b8%d0%ba%d0%bb%d1%8e%d1%87%d0%b5%d0%bd%d0%b8%d0%b5\/%d0%bf%d1%80%d0%b8%d1%80%d0%be%d0%b4%d0%b0-peipsimaa\/#breadcrumb"},"inLanguage":"ru-RU","potentialAction":[{"@type":"ReadAction","target":["https:\/\/visitpeipsi.com\/ru\/%d0%bf%d1%80%d0%b8%d0%ba%d0%bb%d1%8e%d1%87%d0%b5%d0%bd%d0%b8%d0%b5\/%d0%bf%d1%80%d0%b8%d1%80%d0%be%d0%b4%d0%b0-peipsimaa\/"]}]},{"@type":"ImageObject","inLanguage":"ru-RU","@id":"https:\/\/visitpeipsi.com\/ru\/%d0%bf%d1%80%d0%b8%d0%ba%d0%bb%d1%8e%d1%87%d0%b5%d0%bd%d0%b8%d0%b5\/%d0%bf%d1%80%d0%b8%d1%80%d0%be%d0%b4%d0%b0-peipsimaa\/#primaryimage","url":"https:\/\/visitpeipsi.com\/wp-content\/uploads\/2025\/01\/samovar.jpg","contentUrl":"https:\/\/visitpeipsi.com\/wp-content\/uploads\/2025\/01\/samovar.jpg","width":1900,"height":500},{"@type":"BreadcrumbList","@id":"https:\/\/visitpeipsi.com\/ru\/%d0%bf%d1%80%d0%b8%d0%ba%d0%bb%d1%8e%d1%87%d0%b5%d0%bd%d0%b8%d0%b5\/%d0%bf%d1%80%d0%b8%d1%80%d0%be%d0%b4%d0%b0-peipsimaa\/#breadcrumb","itemListElement":[{"@type":"ListItem","position":1,"name":"\u041f\u0443\u0442\u0435\u0448\u0435\u0441\u0442\u0432\u0438\u044f","item":"https:\/\/visitpeipsi.com\/ru\/%d0%bf%d1%80%d0%b8%d0%ba%d0%bb%d1%8e%d1%87%d0%b5%d0%bd%d0%b8%d0%b5\/"},{"@type":"ListItem","position":2,"name":"\u041f\u0440\u0438\u0440\u043e\u0434\u0430 Peipsimaa"}]},{"@type":"WebSite","@id":"https:\/\/visitpeipsi.com\/#website","url":"https:\/\/visitpeipsi.com\/","name":"Visitpeipsi","description":"turism, peipsi, vanausulised, kultuur, culture, onion, fish, kala, sibul","publisher":{"@id":"https:\/\/visitpeipsi.com\/#organization"},"potentialAction":[{"@type":"SearchAction","target":{"@type":"EntryPoint","urlTemplate":"https:\/\/visitpeipsi.com\/?s={search_term_string}"},"query-input":{"@type":"PropertyValueSpecification","valueRequired":true,"valueName":"search_term_string"}}],"inLanguage":"ru-RU"},{"@type":"Organization","@id":"https:\/\/visitpeipsi.com\/#organization","name":"Peipsimaa turism","url":"https:\/\/visitpeipsi.com\/","logo":{"@type":"ImageObject","inLanguage":"ru-RU","@id":"https:\/\/visitpeipsi.com\/#\/schema\/logo\/image\/","url":"https:\/\/visitpeipsi.com\/wp-content\/uploads\/2020\/12\/favicon-3.png","contentUrl":"https:\/\/visitpeipsi.com\/wp-content\/uploads\/2020\/12\/favicon-3.png","width":512,"height":512,"caption":"Peipsimaa turism"},"image":{"@id":"https:\/\/visitpeipsi.com\/#\/schema\/logo\/image\/"},"sameAs":["https:\/\/www.facebook.com\/visitpeipsi","https:\/\/www.instagram.com\/visitpeipsi\/"]}]}},"_links":{"self":[{"href":"https:\/\/visitpeipsi.com\/ru\/wp-json\/wp\/v2\/pages\/602","targetHints":{"allow":["GET"]}}],"collection":[{"href":"https:\/\/visitpeipsi.com\/ru\/wp-json\/wp\/v2\/pages"}],"about":[{"href":"https:\/\/visitpeipsi.com\/ru\/wp-json\/wp\/v2\/types\/page"}],"author":[{"embeddable":true,"href":"https:\/\/visitpeipsi.com\/ru\/wp-json\/wp\/v2\/users\/5"}],"replies":[{"embeddable":true,"href":"https:\/\/visitpeipsi.com\/ru\/wp-json\/wp\/v2\/comments?post=602"}],"version-history":[{"count":0,"href":"https:\/\/visitpeipsi.com\/ru\/wp-json\/wp\/v2\/pages\/602\/revisions"}],"up":[{"embeddable":true,"href":"https:\/\/visitpeipsi.com\/ru\/wp-json\/wp\/v2\/pages\/590"}],"wp:featuredmedia":[{"embeddable":true,"href":"https:\/\/visitpeipsi.com\/ru\/wp-json\/wp\/v2\/media\/2918"}],"wp:attachment":[{"href":"https:\/\/visitpeipsi.com\/ru\/wp-json\/wp\/v2\/media?parent=602"}],"curies":[{"name":"wp","href":"https:\/\/api.w.org\/{rel}","templated":true}]}}