{"id":606,"date":"2017-04-27T22:32:45","date_gmt":"2017-04-27T20:32:45","guid":{"rendered":"https:\/\/visitpeipsi.com\/?page_id=606\/"},"modified":"2017-04-27T22:32:45","modified_gmt":"2017-04-27T20:32:45","slug":"setomaa","status":"publish","type":"page","link":"https:\/\/visitpeipsi.com\/ru\/%d0%bf%d1%80%d0%b8%d0%ba%d0%bb%d1%8e%d1%87%d0%b5%d0%bd%d0%b8%d0%b5\/setomaa\/","title":{"rendered":"Setomaa"},"content":{"rendered":"<p><strong>Kuula arhailise keele k\u00f5la, naudi p\u00f5nevaid traditsioonidega seotud s\u00fcndmusi ja erilist toidukultuuri! Setomaale minek tasub s\u00e4ttida m\u00f5nele pidup\u00e4evale: Seto Kuningriigi p\u00e4evale, Seto Leelo p\u00e4evadele, kirikup\u00fchadele, kirmaskile ehk simmanile. Kindlasti on imetlemist v\u00e4\u00e4rt ka Setomaa ilus loodus.<\/strong><\/p>\n<p><img loading=\"lazy\" decoding=\"async\" class=\"alignleft wp-image-447 size-medium\" src=\"https:\/\/visitpeipsi.com\/wp-content\/uploads\/2017\/03\/IMG_3075-300x200.jpg\" alt=\"\" width=\"300\" height=\"200\" \/>Setode etniline ja lingvistiline r\u00fchm asustab Kagu-Eesti ja Loode-Venemaa ala ja nende kultuur arenes v\u00e4lja seguna ida- ja l\u00e4\u00e4nepoolsetest kultuuridest (kat\u00f5 ilma veere p\u00e4\u00e4l). Piiriala staatus on andnud v\u00f5imaluse s\u00e4ilitada oma keel, elustiil, toit ja rahvar\u00f5ivad. Kindlasti otsi kohapeal v\u00f5imalust kuulata seto leelot, mis on kantud ka UNESCO vaimse p\u00e4randi nimekirja.<\/p>\n<p>Regiv\u00e4rsilise rahvalaulu eeslaulja improviseerib s\u00f5nad, mida koor kordab. Kuulsaimad lauljad on v\u00f5imelised \u00fcles \u00fctlema tuhandeid v\u00e4rsse ja teeninud lauluema aunimetuse. T\u00e4nap\u00e4eva inimesele on seto muusika vast k\u00f5ige paremini k\u00f5rva j\u00e4\u00e4nud noorte muusikute kollektiivist Zetod. Esilaulja Jalmar Vabarna on Eesti muusikamaastikku rikastanud ka kollektiivides Curly Strings ja Trad.Attack!.<\/p>\n<p>Samuti on setude elus olnud t\u00e4htis osa usulistel kombetalitustel: igas majapidamises oli ikooninurk (p\u00fch\u00e4senulk) ja igas k\u00fclas v\u00e4ike p\u00fchakoda (ts\u00e4sson vene keele mugandusest ts\u00e4s, st peeti tunnipalvusi). Ka t\u00e4nap\u00e4eval iseloomustavad need v\u00e4ikesed puust ehitised Seto maastikku ja k\u00fclaelu.<\/p>\n<p><img loading=\"lazy\" decoding=\"async\" class=\"alignright wp-image-444 size-medium\" src=\"https:\/\/visitpeipsi.com\/wp-content\/uploads\/2017\/03\/BEDU5872-300x131.jpg\" alt=\"\" width=\"300\" height=\"131\" \/>Pidulik \u00f5hkkond, mille tekitab rahvakogunemine ja eriline kombestik, valitseb Setomaal kirikup\u00fchade ajal \u2013 jumalateenistuse j\u00e4rel minnakse omaste haudadele, kus suheldakse, kinnitatakse keha ja j\u00e4etakse toitu ka lahkunute hingedele.<\/p>\n<p>Pane t\u00e4hele ka kindlustalusid, mis on rajatud nii, et naabri aeda piiluda ei saa: kinnist sisehoovi \u00fcmbritsevad majad, k\u00f5rged aiad ja v\u00e4ravad.<\/p>\n<p><a href=\"http:\/\/www.visitsetomaa.ee\" target=\"_blank\" rel=\"noopener noreferrer\">www.visitsetomaa.ee<\/a><\/p>\n<p><a href=\"http:\/\/www.facebook.com\/visitsetomaa\">www.facebook.com\/visitsetomaa<\/a><\/p>\n","protected":false},"excerpt":{"rendered":"<p>Kuula arhailise keele k\u00f5la, naudi p\u00f5nevaid traditsioonidega seotud s\u00fcndmusi ja erilist toidukultuuri! Setomaale minek tasub s\u00e4ttida m\u00f5nele pidup\u00e4evale: Seto Kuningriigi p\u00e4evale, Seto Leelo p\u00e4evadele, kirikup\u00fchadele, kirmaskile ehk simmanile. Kindlasti on imetlemist v\u00e4\u00e4rt ka Setomaa ilus loodus. Setode etniline ja lingvistiline r\u00fchm asustab Kagu-Eesti ja Loode-Venemaa ala ja nende kultuur arenes v\u00e4lja seguna ida- ja l\u00e4\u00e4nepoolsetest [&hellip;]<\/p>\n","protected":false},"author":5,"featured_media":2941,"parent":590,"menu_order":0,"comment_status":"closed","ping_status":"closed","template":"","meta":{"footnotes":""},"class_list":["post-606","page","type-page","status-publish","has-post-thumbnail","hentry"],"yoast_head":"<!-- This site is optimized with the Yoast SEO plugin v26.7 - https:\/\/yoast.com\/wordpress\/plugins\/seo\/ -->\n<title>Setomaa - Visitpeipsi<\/title>\n<meta name=\"robots\" content=\"index, follow, max-snippet:-1, max-image-preview:large, max-video-preview:-1\" \/>\n<meta property=\"og:locale\" content=\"ru_RU\" \/>\n<meta property=\"og:type\" content=\"article\" \/>\n<meta property=\"og:title\" content=\"Setomaa - Visitpeipsi\" \/>\n<meta property=\"og:description\" content=\"Kuula arhailise keele k\u00f5la, naudi p\u00f5nevaid traditsioonidega seotud s\u00fcndmusi ja erilist toidukultuuri! Setomaale minek tasub s\u00e4ttida m\u00f5nele pidup\u00e4evale: Seto Kuningriigi p\u00e4evale, Seto Leelo p\u00e4evadele, kirikup\u00fchadele, kirmaskile ehk simmanile. Kindlasti on imetlemist v\u00e4\u00e4rt ka Setomaa ilus loodus. Setode etniline ja lingvistiline r\u00fchm asustab Kagu-Eesti ja Loode-Venemaa ala ja nende kultuur arenes v\u00e4lja seguna ida- ja l\u00e4\u00e4nepoolsetest [&hellip;]\" \/>\n<meta property=\"og:url\" content=\"https:\/\/visitpeipsi.com\/ru\/\u043f\u0440\u0438\u043a\u043b\u044e\u0447\u0435\u043d\u0438\u0435\/setomaa\/\" \/>\n<meta property=\"og:site_name\" content=\"Visitpeipsi\" \/>\n<meta property=\"article:publisher\" content=\"https:\/\/www.facebook.com\/visitpeipsi\" \/>\n<meta property=\"og:image\" content=\"https:\/\/visitpeipsi.com\/wp-content\/uploads\/2017\/03\/BEDU6019.jpg\" \/>\n\t<meta property=\"og:image:width\" content=\"1400\" \/>\n\t<meta property=\"og:image:height\" content=\"611\" \/>\n\t<meta property=\"og:image:type\" content=\"image\/jpeg\" \/>\n<meta name=\"twitter:card\" content=\"summary_large_image\" \/>\n<meta name=\"twitter:label1\" content=\"\u041f\u0440\u0438\u043c\u0435\u0440\u043d\u043e\u0435 \u0432\u0440\u0435\u043c\u044f \u0434\u043b\u044f \u0447\u0442\u0435\u043d\u0438\u044f\" \/>\n\t<meta name=\"twitter:data1\" content=\"1 \u043c\u0438\u043d\u0443\u0442\u0430\" \/>\n<script type=\"application\/ld+json\" class=\"yoast-schema-graph\">{\"@context\":\"https:\/\/schema.org\",\"@graph\":[{\"@type\":\"WebPage\",\"@id\":\"https:\/\/visitpeipsi.com\/ru\/%d0%bf%d1%80%d0%b8%d0%ba%d0%bb%d1%8e%d1%87%d0%b5%d0%bd%d0%b8%d0%b5\/setomaa\/\",\"url\":\"https:\/\/visitpeipsi.com\/ru\/%d0%bf%d1%80%d0%b8%d0%ba%d0%bb%d1%8e%d1%87%d0%b5%d0%bd%d0%b8%d0%b5\/setomaa\/\",\"name\":\"Setomaa - Visitpeipsi\",\"isPartOf\":{\"@id\":\"https:\/\/visitpeipsi.com\/#website\"},\"primaryImageOfPage\":{\"@id\":\"https:\/\/visitpeipsi.com\/ru\/%d0%bf%d1%80%d0%b8%d0%ba%d0%bb%d1%8e%d1%87%d0%b5%d0%bd%d0%b8%d0%b5\/setomaa\/#primaryimage\"},\"image\":{\"@id\":\"https:\/\/visitpeipsi.com\/ru\/%d0%bf%d1%80%d0%b8%d0%ba%d0%bb%d1%8e%d1%87%d0%b5%d0%bd%d0%b8%d0%b5\/setomaa\/#primaryimage\"},\"thumbnailUrl\":\"https:\/\/visitpeipsi.com\/wp-content\/uploads\/2025\/01\/BEDU6019.jpg\",\"datePublished\":\"2017-04-27T20:32:45+00:00\",\"breadcrumb\":{\"@id\":\"https:\/\/visitpeipsi.com\/ru\/%d0%bf%d1%80%d0%b8%d0%ba%d0%bb%d1%8e%d1%87%d0%b5%d0%bd%d0%b8%d0%b5\/setomaa\/#breadcrumb\"},\"inLanguage\":\"ru-RU\",\"potentialAction\":[{\"@type\":\"ReadAction\",\"target\":[\"https:\/\/visitpeipsi.com\/ru\/%d0%bf%d1%80%d0%b8%d0%ba%d0%bb%d1%8e%d1%87%d0%b5%d0%bd%d0%b8%d0%b5\/setomaa\/\"]}]},{\"@type\":\"ImageObject\",\"inLanguage\":\"ru-RU\",\"@id\":\"https:\/\/visitpeipsi.com\/ru\/%d0%bf%d1%80%d0%b8%d0%ba%d0%bb%d1%8e%d1%87%d0%b5%d0%bd%d0%b8%d0%b5\/setomaa\/#primaryimage\",\"url\":\"https:\/\/visitpeipsi.com\/wp-content\/uploads\/2025\/01\/BEDU6019.jpg\",\"contentUrl\":\"https:\/\/visitpeipsi.com\/wp-content\/uploads\/2025\/01\/BEDU6019.jpg\",\"width\":1900,\"height\":500},{\"@type\":\"BreadcrumbList\",\"@id\":\"https:\/\/visitpeipsi.com\/ru\/%d0%bf%d1%80%d0%b8%d0%ba%d0%bb%d1%8e%d1%87%d0%b5%d0%bd%d0%b8%d0%b5\/setomaa\/#breadcrumb\",\"itemListElement\":[{\"@type\":\"ListItem\",\"position\":1,\"name\":\"\u041f\u0443\u0442\u0435\u0448\u0435\u0441\u0442\u0432\u0438\u044f\",\"item\":\"https:\/\/visitpeipsi.com\/ru\/%d0%bf%d1%80%d0%b8%d0%ba%d0%bb%d1%8e%d1%87%d0%b5%d0%bd%d0%b8%d0%b5\/\"},{\"@type\":\"ListItem\",\"position\":2,\"name\":\"Setomaa\"}]},{\"@type\":\"WebSite\",\"@id\":\"https:\/\/visitpeipsi.com\/#website\",\"url\":\"https:\/\/visitpeipsi.com\/\",\"name\":\"Visitpeipsi\",\"description\":\"turism, peipsi, vanausulised, kultuur, culture, onion, fish, kala, sibul\",\"publisher\":{\"@id\":\"https:\/\/visitpeipsi.com\/#organization\"},\"potentialAction\":[{\"@type\":\"SearchAction\",\"target\":{\"@type\":\"EntryPoint\",\"urlTemplate\":\"https:\/\/visitpeipsi.com\/?s={search_term_string}\"},\"query-input\":{\"@type\":\"PropertyValueSpecification\",\"valueRequired\":true,\"valueName\":\"search_term_string\"}}],\"inLanguage\":\"ru-RU\"},{\"@type\":\"Organization\",\"@id\":\"https:\/\/visitpeipsi.com\/#organization\",\"name\":\"Peipsimaa turism\",\"url\":\"https:\/\/visitpeipsi.com\/\",\"logo\":{\"@type\":\"ImageObject\",\"inLanguage\":\"ru-RU\",\"@id\":\"https:\/\/visitpeipsi.com\/#\/schema\/logo\/image\/\",\"url\":\"https:\/\/visitpeipsi.com\/wp-content\/uploads\/2020\/12\/favicon-3.png\",\"contentUrl\":\"https:\/\/visitpeipsi.com\/wp-content\/uploads\/2020\/12\/favicon-3.png\",\"width\":512,\"height\":512,\"caption\":\"Peipsimaa turism\"},\"image\":{\"@id\":\"https:\/\/visitpeipsi.com\/#\/schema\/logo\/image\/\"},\"sameAs\":[\"https:\/\/www.facebook.com\/visitpeipsi\",\"https:\/\/www.instagram.com\/visitpeipsi\/\"]}]}<\/script>\n<!-- \/ Yoast SEO plugin. -->","yoast_head_json":{"title":"Setomaa - Visitpeipsi","robots":{"index":"index","follow":"follow","max-snippet":"max-snippet:-1","max-image-preview":"max-image-preview:large","max-video-preview":"max-video-preview:-1"},"og_locale":"ru_RU","og_type":"article","og_title":"Setomaa - Visitpeipsi","og_description":"Kuula arhailise keele k\u00f5la, naudi p\u00f5nevaid traditsioonidega seotud s\u00fcndmusi ja erilist toidukultuuri! Setomaale minek tasub s\u00e4ttida m\u00f5nele pidup\u00e4evale: Seto Kuningriigi p\u00e4evale, Seto Leelo p\u00e4evadele, kirikup\u00fchadele, kirmaskile ehk simmanile. Kindlasti on imetlemist v\u00e4\u00e4rt ka Setomaa ilus loodus. Setode etniline ja lingvistiline r\u00fchm asustab Kagu-Eesti ja Loode-Venemaa ala ja nende kultuur arenes v\u00e4lja seguna ida- ja l\u00e4\u00e4nepoolsetest [&hellip;]","og_url":"https:\/\/visitpeipsi.com\/ru\/\u043f\u0440\u0438\u043a\u043b\u044e\u0447\u0435\u043d\u0438\u0435\/setomaa\/","og_site_name":"Visitpeipsi","article_publisher":"https:\/\/www.facebook.com\/visitpeipsi","og_image":[{"width":1400,"height":611,"url":"https:\/\/visitpeipsi.com\/wp-content\/uploads\/2017\/03\/BEDU6019.jpg","type":"image\/jpeg"}],"twitter_card":"summary_large_image","twitter_misc":{"\u041f\u0440\u0438\u043c\u0435\u0440\u043d\u043e\u0435 \u0432\u0440\u0435\u043c\u044f \u0434\u043b\u044f \u0447\u0442\u0435\u043d\u0438\u044f":"1 \u043c\u0438\u043d\u0443\u0442\u0430"},"schema":{"@context":"https:\/\/schema.org","@graph":[{"@type":"WebPage","@id":"https:\/\/visitpeipsi.com\/ru\/%d0%bf%d1%80%d0%b8%d0%ba%d0%bb%d1%8e%d1%87%d0%b5%d0%bd%d0%b8%d0%b5\/setomaa\/","url":"https:\/\/visitpeipsi.com\/ru\/%d0%bf%d1%80%d0%b8%d0%ba%d0%bb%d1%8e%d1%87%d0%b5%d0%bd%d0%b8%d0%b5\/setomaa\/","name":"Setomaa - Visitpeipsi","isPartOf":{"@id":"https:\/\/visitpeipsi.com\/#website"},"primaryImageOfPage":{"@id":"https:\/\/visitpeipsi.com\/ru\/%d0%bf%d1%80%d0%b8%d0%ba%d0%bb%d1%8e%d1%87%d0%b5%d0%bd%d0%b8%d0%b5\/setomaa\/#primaryimage"},"image":{"@id":"https:\/\/visitpeipsi.com\/ru\/%d0%bf%d1%80%d0%b8%d0%ba%d0%bb%d1%8e%d1%87%d0%b5%d0%bd%d0%b8%d0%b5\/setomaa\/#primaryimage"},"thumbnailUrl":"https:\/\/visitpeipsi.com\/wp-content\/uploads\/2025\/01\/BEDU6019.jpg","datePublished":"2017-04-27T20:32:45+00:00","breadcrumb":{"@id":"https:\/\/visitpeipsi.com\/ru\/%d0%bf%d1%80%d0%b8%d0%ba%d0%bb%d1%8e%d1%87%d0%b5%d0%bd%d0%b8%d0%b5\/setomaa\/#breadcrumb"},"inLanguage":"ru-RU","potentialAction":[{"@type":"ReadAction","target":["https:\/\/visitpeipsi.com\/ru\/%d0%bf%d1%80%d0%b8%d0%ba%d0%bb%d1%8e%d1%87%d0%b5%d0%bd%d0%b8%d0%b5\/setomaa\/"]}]},{"@type":"ImageObject","inLanguage":"ru-RU","@id":"https:\/\/visitpeipsi.com\/ru\/%d0%bf%d1%80%d0%b8%d0%ba%d0%bb%d1%8e%d1%87%d0%b5%d0%bd%d0%b8%d0%b5\/setomaa\/#primaryimage","url":"https:\/\/visitpeipsi.com\/wp-content\/uploads\/2025\/01\/BEDU6019.jpg","contentUrl":"https:\/\/visitpeipsi.com\/wp-content\/uploads\/2025\/01\/BEDU6019.jpg","width":1900,"height":500},{"@type":"BreadcrumbList","@id":"https:\/\/visitpeipsi.com\/ru\/%d0%bf%d1%80%d0%b8%d0%ba%d0%bb%d1%8e%d1%87%d0%b5%d0%bd%d0%b8%d0%b5\/setomaa\/#breadcrumb","itemListElement":[{"@type":"ListItem","position":1,"name":"\u041f\u0443\u0442\u0435\u0448\u0435\u0441\u0442\u0432\u0438\u044f","item":"https:\/\/visitpeipsi.com\/ru\/%d0%bf%d1%80%d0%b8%d0%ba%d0%bb%d1%8e%d1%87%d0%b5%d0%bd%d0%b8%d0%b5\/"},{"@type":"ListItem","position":2,"name":"Setomaa"}]},{"@type":"WebSite","@id":"https:\/\/visitpeipsi.com\/#website","url":"https:\/\/visitpeipsi.com\/","name":"Visitpeipsi","description":"turism, peipsi, vanausulised, kultuur, culture, onion, fish, kala, sibul","publisher":{"@id":"https:\/\/visitpeipsi.com\/#organization"},"potentialAction":[{"@type":"SearchAction","target":{"@type":"EntryPoint","urlTemplate":"https:\/\/visitpeipsi.com\/?s={search_term_string}"},"query-input":{"@type":"PropertyValueSpecification","valueRequired":true,"valueName":"search_term_string"}}],"inLanguage":"ru-RU"},{"@type":"Organization","@id":"https:\/\/visitpeipsi.com\/#organization","name":"Peipsimaa turism","url":"https:\/\/visitpeipsi.com\/","logo":{"@type":"ImageObject","inLanguage":"ru-RU","@id":"https:\/\/visitpeipsi.com\/#\/schema\/logo\/image\/","url":"https:\/\/visitpeipsi.com\/wp-content\/uploads\/2020\/12\/favicon-3.png","contentUrl":"https:\/\/visitpeipsi.com\/wp-content\/uploads\/2020\/12\/favicon-3.png","width":512,"height":512,"caption":"Peipsimaa turism"},"image":{"@id":"https:\/\/visitpeipsi.com\/#\/schema\/logo\/image\/"},"sameAs":["https:\/\/www.facebook.com\/visitpeipsi","https:\/\/www.instagram.com\/visitpeipsi\/"]}]}},"_links":{"self":[{"href":"https:\/\/visitpeipsi.com\/ru\/wp-json\/wp\/v2\/pages\/606","targetHints":{"allow":["GET"]}}],"collection":[{"href":"https:\/\/visitpeipsi.com\/ru\/wp-json\/wp\/v2\/pages"}],"about":[{"href":"https:\/\/visitpeipsi.com\/ru\/wp-json\/wp\/v2\/types\/page"}],"author":[{"embeddable":true,"href":"https:\/\/visitpeipsi.com\/ru\/wp-json\/wp\/v2\/users\/5"}],"replies":[{"embeddable":true,"href":"https:\/\/visitpeipsi.com\/ru\/wp-json\/wp\/v2\/comments?post=606"}],"version-history":[{"count":0,"href":"https:\/\/visitpeipsi.com\/ru\/wp-json\/wp\/v2\/pages\/606\/revisions"}],"up":[{"embeddable":true,"href":"https:\/\/visitpeipsi.com\/ru\/wp-json\/wp\/v2\/pages\/590"}],"wp:featuredmedia":[{"embeddable":true,"href":"https:\/\/visitpeipsi.com\/ru\/wp-json\/wp\/v2\/media\/2941"}],"wp:attachment":[{"href":"https:\/\/visitpeipsi.com\/ru\/wp-json\/wp\/v2\/media?parent=606"}],"curies":[{"name":"wp","href":"https:\/\/api.w.org\/{rel}","templated":true}]}}