{"id":610,"date":"2017-04-27T22:35:36","date_gmt":"2017-04-27T20:35:36","guid":{"rendered":"https:\/\/visitpeipsi.com\/?page_id=610\/"},"modified":"2017-04-27T22:35:36","modified_gmt":"2017-04-27T20:35:36","slug":"sibulatee","status":"publish","type":"page","link":"https:\/\/visitpeipsi.com\/ru\/%d0%bf%d1%80%d0%b8%d0%ba%d0%bb%d1%8e%d1%87%d0%b5%d0%bd%d0%b8%d0%b5\/sibulatee\/","title":{"rendered":"Sibulatee"},"content":{"rendered":"<p><strong>Peipsi-\u00e4\u00e4rne ala on \u00fcks Eesti traditsioonilise kultuuri piirkondadest. Vene ortodokssest kirikust eraldunud vanausulised saabusid Eestisse 17. sajandil ja elavad praegugi Peipsi j\u00e4rve kaldal.<\/strong><br \/>\n<img loading=\"lazy\" decoding=\"async\" class=\"wp-image-456 size-medium alignright\" src=\"https:\/\/visitpeipsi.com\/wp-content\/uploads\/2017\/03\/28552717594_a36972d6bf_o-200x300.jpg\" alt=\"\" width=\"200\" height=\"300\" \/><\/p>\n<p>Sibulateed k\u00fclastades tutvud nende tavade ja tegevusaladega, mis on t\u00e4naseni elavad ja s\u00e4ilitanud oma erip\u00e4ra.<\/p>\n<p>Eksootiline jalutusk\u00e4ik ootab sind l\u00e4bi kilomeetritepikkuse Kolkja, Kasep\u00e4\u00e4, ja Varnja t\u00e4navk\u00fcla, kus paiknevad tihedalt koos majad, aedviljapeenrad ja kilekasvuhooned ning kust v\u00e4ikesed p\u00f5ikt\u00e4navad viivad j\u00e4rve \u00e4\u00e4rde.<\/p>\n<p>Sibulakasvatajatena tuntud vanausulisi on l\u00e4bi aegade peetud ka headeks kaluriteks ja ehitajateks. Kohaliku ehituskunsti vaatamisv\u00e4\u00e4rsusteks on piirkonna palvemajad, kus saad osaleda jumalateenistusel. N\u00e4iteks kuulub teenistuse juurde rohke kummardamine, ristim\u00e4rki tehakse kahe (reformitud \u00f5igeusu kirikus kolme) s\u00f5rmega, kasutatakse ainult b\u00fctsantsi ikonograafiat ja lauldakse \u00fcheh\u00e4\u00e4lselt.<\/p>\n<p>Vanausuliste ajalugu ja esemeid tutvustavad Kolkja ja Varnja muuseum. Kiika ka Ambulartooriumi, kus p\u00fcsin\u00e4itusena on dokumentaalfotograafiline ekspositsioon vanausuliste eluolust, kuid mis tegeleb ka v\u00e4rske ekperimentaalkunstiga.<\/p>\n<p><img loading=\"lazy\" decoding=\"async\" class=\"wp-image-457 size-medium alignleft\" src=\"https:\/\/visitpeipsi.com\/wp-content\/uploads\/2017\/03\/sibul-300x131.jpg\" alt=\"\" width=\"300\" height=\"131\" \/>Kohalikust kala- ja sibulakultuurist saad osa, einestades Kolkja kala- ja sibularestoranis ning k\u00fclastades kala- ja sibulalaatu.<\/p>\n<p><a href=\"http:\/\/www.sibulatee.ee\" target=\"_blank\" rel=\"noopener noreferrer\">www.sibulatee.ee<\/a><\/p>\n<p><a href=\"http:\/\/www.facebook.com\/sibulatee\" target=\"_blank\" rel=\"noopener noreferrer\">www.facebook.com\/sibulatee<\/a><\/p>\n<p>&nbsp;<\/p>\n<p>&nbsp;<\/p>\n","protected":false},"excerpt":{"rendered":"<p>Peipsi-\u00e4\u00e4rne ala on \u00fcks Eesti traditsioonilise kultuuri piirkondadest. Vene ortodokssest kirikust eraldunud vanausulised saabusid Eestisse 17. sajandil ja elavad praegugi Peipsi j\u00e4rve kaldal. Sibulateed k\u00fclastades tutvud nende tavade ja tegevusaladega, mis on t\u00e4naseni elavad ja s\u00e4ilitanud oma erip\u00e4ra. Eksootiline jalutusk\u00e4ik ootab sind l\u00e4bi kilomeetritepikkuse Kolkja, Kasep\u00e4\u00e4, ja Varnja t\u00e4navk\u00fcla, kus paiknevad tihedalt koos majad, aedviljapeenrad [&hellip;]<\/p>\n","protected":false},"author":5,"featured_media":2934,"parent":590,"menu_order":0,"comment_status":"closed","ping_status":"closed","template":"","meta":{"footnotes":""},"class_list":["post-610","page","type-page","status-publish","has-post-thumbnail","hentry"],"yoast_head":"<!-- This site is optimized with the Yoast SEO plugin v26.7 - https:\/\/yoast.com\/wordpress\/plugins\/seo\/ -->\n<title>Sibulatee - Visitpeipsi<\/title>\n<meta name=\"robots\" content=\"index, follow, max-snippet:-1, max-image-preview:large, max-video-preview:-1\" \/>\n<meta property=\"og:locale\" content=\"ru_RU\" \/>\n<meta property=\"og:type\" content=\"article\" \/>\n<meta property=\"og:title\" content=\"Sibulatee - Visitpeipsi\" \/>\n<meta property=\"og:description\" content=\"Peipsi-\u00e4\u00e4rne ala on \u00fcks Eesti traditsioonilise kultuuri piirkondadest. Vene ortodokssest kirikust eraldunud vanausulised saabusid Eestisse 17. sajandil ja elavad praegugi Peipsi j\u00e4rve kaldal. Sibulateed k\u00fclastades tutvud nende tavade ja tegevusaladega, mis on t\u00e4naseni elavad ja s\u00e4ilitanud oma erip\u00e4ra. Eksootiline jalutusk\u00e4ik ootab sind l\u00e4bi kilomeetritepikkuse Kolkja, Kasep\u00e4\u00e4, ja Varnja t\u00e4navk\u00fcla, kus paiknevad tihedalt koos majad, aedviljapeenrad [&hellip;]\" \/>\n<meta property=\"og:url\" content=\"https:\/\/visitpeipsi.com\/ru\/\u043f\u0440\u0438\u043a\u043b\u044e\u0447\u0435\u043d\u0438\u0435\/sibulatee\/\" \/>\n<meta property=\"og:site_name\" content=\"Visitpeipsi\" \/>\n<meta property=\"article:publisher\" content=\"https:\/\/www.facebook.com\/visitpeipsi\" \/>\n<meta property=\"og:image\" content=\"https:\/\/visitpeipsi.com\/wp-content\/uploads\/2017\/03\/sibulad-2.jpg\" \/>\n\t<meta property=\"og:image:width\" content=\"1400\" \/>\n\t<meta property=\"og:image:height\" content=\"610\" \/>\n\t<meta property=\"og:image:type\" content=\"image\/jpeg\" \/>\n<meta name=\"twitter:card\" content=\"summary_large_image\" \/>\n<meta name=\"twitter:label1\" content=\"\u041f\u0440\u0438\u043c\u0435\u0440\u043d\u043e\u0435 \u0432\u0440\u0435\u043c\u044f \u0434\u043b\u044f \u0447\u0442\u0435\u043d\u0438\u044f\" \/>\n\t<meta name=\"twitter:data1\" content=\"1 \u043c\u0438\u043d\u0443\u0442\u0430\" \/>\n<script type=\"application\/ld+json\" class=\"yoast-schema-graph\">{\"@context\":\"https:\/\/schema.org\",\"@graph\":[{\"@type\":\"WebPage\",\"@id\":\"https:\/\/visitpeipsi.com\/ru\/%d0%bf%d1%80%d0%b8%d0%ba%d0%bb%d1%8e%d1%87%d0%b5%d0%bd%d0%b8%d0%b5\/sibulatee\/\",\"url\":\"https:\/\/visitpeipsi.com\/ru\/%d0%bf%d1%80%d0%b8%d0%ba%d0%bb%d1%8e%d1%87%d0%b5%d0%bd%d0%b8%d0%b5\/sibulatee\/\",\"name\":\"Sibulatee - Visitpeipsi\",\"isPartOf\":{\"@id\":\"https:\/\/visitpeipsi.com\/#website\"},\"primaryImageOfPage\":{\"@id\":\"https:\/\/visitpeipsi.com\/ru\/%d0%bf%d1%80%d0%b8%d0%ba%d0%bb%d1%8e%d1%87%d0%b5%d0%bd%d0%b8%d0%b5\/sibulatee\/#primaryimage\"},\"image\":{\"@id\":\"https:\/\/visitpeipsi.com\/ru\/%d0%bf%d1%80%d0%b8%d0%ba%d0%bb%d1%8e%d1%87%d0%b5%d0%bd%d0%b8%d0%b5\/sibulatee\/#primaryimage\"},\"thumbnailUrl\":\"https:\/\/visitpeipsi.com\/wp-content\/uploads\/2025\/01\/sibulad-2.jpg\",\"datePublished\":\"2017-04-27T20:35:36+00:00\",\"breadcrumb\":{\"@id\":\"https:\/\/visitpeipsi.com\/ru\/%d0%bf%d1%80%d0%b8%d0%ba%d0%bb%d1%8e%d1%87%d0%b5%d0%bd%d0%b8%d0%b5\/sibulatee\/#breadcrumb\"},\"inLanguage\":\"ru-RU\",\"potentialAction\":[{\"@type\":\"ReadAction\",\"target\":[\"https:\/\/visitpeipsi.com\/ru\/%d0%bf%d1%80%d0%b8%d0%ba%d0%bb%d1%8e%d1%87%d0%b5%d0%bd%d0%b8%d0%b5\/sibulatee\/\"]}]},{\"@type\":\"ImageObject\",\"inLanguage\":\"ru-RU\",\"@id\":\"https:\/\/visitpeipsi.com\/ru\/%d0%bf%d1%80%d0%b8%d0%ba%d0%bb%d1%8e%d1%87%d0%b5%d0%bd%d0%b8%d0%b5\/sibulatee\/#primaryimage\",\"url\":\"https:\/\/visitpeipsi.com\/wp-content\/uploads\/2025\/01\/sibulad-2.jpg\",\"contentUrl\":\"https:\/\/visitpeipsi.com\/wp-content\/uploads\/2025\/01\/sibulad-2.jpg\",\"width\":1900,\"height\":500},{\"@type\":\"BreadcrumbList\",\"@id\":\"https:\/\/visitpeipsi.com\/ru\/%d0%bf%d1%80%d0%b8%d0%ba%d0%bb%d1%8e%d1%87%d0%b5%d0%bd%d0%b8%d0%b5\/sibulatee\/#breadcrumb\",\"itemListElement\":[{\"@type\":\"ListItem\",\"position\":1,\"name\":\"\u041f\u0443\u0442\u0435\u0448\u0435\u0441\u0442\u0432\u0438\u044f\",\"item\":\"https:\/\/visitpeipsi.com\/ru\/%d0%bf%d1%80%d0%b8%d0%ba%d0%bb%d1%8e%d1%87%d0%b5%d0%bd%d0%b8%d0%b5\/\"},{\"@type\":\"ListItem\",\"position\":2,\"name\":\"Sibulatee\"}]},{\"@type\":\"WebSite\",\"@id\":\"https:\/\/visitpeipsi.com\/#website\",\"url\":\"https:\/\/visitpeipsi.com\/\",\"name\":\"Visitpeipsi\",\"description\":\"turism, peipsi, vanausulised, kultuur, culture, onion, fish, kala, sibul\",\"publisher\":{\"@id\":\"https:\/\/visitpeipsi.com\/#organization\"},\"potentialAction\":[{\"@type\":\"SearchAction\",\"target\":{\"@type\":\"EntryPoint\",\"urlTemplate\":\"https:\/\/visitpeipsi.com\/?s={search_term_string}\"},\"query-input\":{\"@type\":\"PropertyValueSpecification\",\"valueRequired\":true,\"valueName\":\"search_term_string\"}}],\"inLanguage\":\"ru-RU\"},{\"@type\":\"Organization\",\"@id\":\"https:\/\/visitpeipsi.com\/#organization\",\"name\":\"Peipsimaa turism\",\"url\":\"https:\/\/visitpeipsi.com\/\",\"logo\":{\"@type\":\"ImageObject\",\"inLanguage\":\"ru-RU\",\"@id\":\"https:\/\/visitpeipsi.com\/#\/schema\/logo\/image\/\",\"url\":\"https:\/\/visitpeipsi.com\/wp-content\/uploads\/2020\/12\/favicon-3.png\",\"contentUrl\":\"https:\/\/visitpeipsi.com\/wp-content\/uploads\/2020\/12\/favicon-3.png\",\"width\":512,\"height\":512,\"caption\":\"Peipsimaa turism\"},\"image\":{\"@id\":\"https:\/\/visitpeipsi.com\/#\/schema\/logo\/image\/\"},\"sameAs\":[\"https:\/\/www.facebook.com\/visitpeipsi\",\"https:\/\/www.instagram.com\/visitpeipsi\/\"]}]}<\/script>\n<!-- \/ Yoast SEO plugin. -->","yoast_head_json":{"title":"Sibulatee - Visitpeipsi","robots":{"index":"index","follow":"follow","max-snippet":"max-snippet:-1","max-image-preview":"max-image-preview:large","max-video-preview":"max-video-preview:-1"},"og_locale":"ru_RU","og_type":"article","og_title":"Sibulatee - Visitpeipsi","og_description":"Peipsi-\u00e4\u00e4rne ala on \u00fcks Eesti traditsioonilise kultuuri piirkondadest. Vene ortodokssest kirikust eraldunud vanausulised saabusid Eestisse 17. sajandil ja elavad praegugi Peipsi j\u00e4rve kaldal. Sibulateed k\u00fclastades tutvud nende tavade ja tegevusaladega, mis on t\u00e4naseni elavad ja s\u00e4ilitanud oma erip\u00e4ra. Eksootiline jalutusk\u00e4ik ootab sind l\u00e4bi kilomeetritepikkuse Kolkja, Kasep\u00e4\u00e4, ja Varnja t\u00e4navk\u00fcla, kus paiknevad tihedalt koos majad, aedviljapeenrad [&hellip;]","og_url":"https:\/\/visitpeipsi.com\/ru\/\u043f\u0440\u0438\u043a\u043b\u044e\u0447\u0435\u043d\u0438\u0435\/sibulatee\/","og_site_name":"Visitpeipsi","article_publisher":"https:\/\/www.facebook.com\/visitpeipsi","og_image":[{"width":1400,"height":610,"url":"https:\/\/visitpeipsi.com\/wp-content\/uploads\/2017\/03\/sibulad-2.jpg","type":"image\/jpeg"}],"twitter_card":"summary_large_image","twitter_misc":{"\u041f\u0440\u0438\u043c\u0435\u0440\u043d\u043e\u0435 \u0432\u0440\u0435\u043c\u044f \u0434\u043b\u044f \u0447\u0442\u0435\u043d\u0438\u044f":"1 \u043c\u0438\u043d\u0443\u0442\u0430"},"schema":{"@context":"https:\/\/schema.org","@graph":[{"@type":"WebPage","@id":"https:\/\/visitpeipsi.com\/ru\/%d0%bf%d1%80%d0%b8%d0%ba%d0%bb%d1%8e%d1%87%d0%b5%d0%bd%d0%b8%d0%b5\/sibulatee\/","url":"https:\/\/visitpeipsi.com\/ru\/%d0%bf%d1%80%d0%b8%d0%ba%d0%bb%d1%8e%d1%87%d0%b5%d0%bd%d0%b8%d0%b5\/sibulatee\/","name":"Sibulatee - Visitpeipsi","isPartOf":{"@id":"https:\/\/visitpeipsi.com\/#website"},"primaryImageOfPage":{"@id":"https:\/\/visitpeipsi.com\/ru\/%d0%bf%d1%80%d0%b8%d0%ba%d0%bb%d1%8e%d1%87%d0%b5%d0%bd%d0%b8%d0%b5\/sibulatee\/#primaryimage"},"image":{"@id":"https:\/\/visitpeipsi.com\/ru\/%d0%bf%d1%80%d0%b8%d0%ba%d0%bb%d1%8e%d1%87%d0%b5%d0%bd%d0%b8%d0%b5\/sibulatee\/#primaryimage"},"thumbnailUrl":"https:\/\/visitpeipsi.com\/wp-content\/uploads\/2025\/01\/sibulad-2.jpg","datePublished":"2017-04-27T20:35:36+00:00","breadcrumb":{"@id":"https:\/\/visitpeipsi.com\/ru\/%d0%bf%d1%80%d0%b8%d0%ba%d0%bb%d1%8e%d1%87%d0%b5%d0%bd%d0%b8%d0%b5\/sibulatee\/#breadcrumb"},"inLanguage":"ru-RU","potentialAction":[{"@type":"ReadAction","target":["https:\/\/visitpeipsi.com\/ru\/%d0%bf%d1%80%d0%b8%d0%ba%d0%bb%d1%8e%d1%87%d0%b5%d0%bd%d0%b8%d0%b5\/sibulatee\/"]}]},{"@type":"ImageObject","inLanguage":"ru-RU","@id":"https:\/\/visitpeipsi.com\/ru\/%d0%bf%d1%80%d0%b8%d0%ba%d0%bb%d1%8e%d1%87%d0%b5%d0%bd%d0%b8%d0%b5\/sibulatee\/#primaryimage","url":"https:\/\/visitpeipsi.com\/wp-content\/uploads\/2025\/01\/sibulad-2.jpg","contentUrl":"https:\/\/visitpeipsi.com\/wp-content\/uploads\/2025\/01\/sibulad-2.jpg","width":1900,"height":500},{"@type":"BreadcrumbList","@id":"https:\/\/visitpeipsi.com\/ru\/%d0%bf%d1%80%d0%b8%d0%ba%d0%bb%d1%8e%d1%87%d0%b5%d0%bd%d0%b8%d0%b5\/sibulatee\/#breadcrumb","itemListElement":[{"@type":"ListItem","position":1,"name":"\u041f\u0443\u0442\u0435\u0448\u0435\u0441\u0442\u0432\u0438\u044f","item":"https:\/\/visitpeipsi.com\/ru\/%d0%bf%d1%80%d0%b8%d0%ba%d0%bb%d1%8e%d1%87%d0%b5%d0%bd%d0%b8%d0%b5\/"},{"@type":"ListItem","position":2,"name":"Sibulatee"}]},{"@type":"WebSite","@id":"https:\/\/visitpeipsi.com\/#website","url":"https:\/\/visitpeipsi.com\/","name":"Visitpeipsi","description":"turism, peipsi, vanausulised, kultuur, culture, onion, fish, kala, sibul","publisher":{"@id":"https:\/\/visitpeipsi.com\/#organization"},"potentialAction":[{"@type":"SearchAction","target":{"@type":"EntryPoint","urlTemplate":"https:\/\/visitpeipsi.com\/?s={search_term_string}"},"query-input":{"@type":"PropertyValueSpecification","valueRequired":true,"valueName":"search_term_string"}}],"inLanguage":"ru-RU"},{"@type":"Organization","@id":"https:\/\/visitpeipsi.com\/#organization","name":"Peipsimaa turism","url":"https:\/\/visitpeipsi.com\/","logo":{"@type":"ImageObject","inLanguage":"ru-RU","@id":"https:\/\/visitpeipsi.com\/#\/schema\/logo\/image\/","url":"https:\/\/visitpeipsi.com\/wp-content\/uploads\/2020\/12\/favicon-3.png","contentUrl":"https:\/\/visitpeipsi.com\/wp-content\/uploads\/2020\/12\/favicon-3.png","width":512,"height":512,"caption":"Peipsimaa turism"},"image":{"@id":"https:\/\/visitpeipsi.com\/#\/schema\/logo\/image\/"},"sameAs":["https:\/\/www.facebook.com\/visitpeipsi","https:\/\/www.instagram.com\/visitpeipsi\/"]}]}},"_links":{"self":[{"href":"https:\/\/visitpeipsi.com\/ru\/wp-json\/wp\/v2\/pages\/610","targetHints":{"allow":["GET"]}}],"collection":[{"href":"https:\/\/visitpeipsi.com\/ru\/wp-json\/wp\/v2\/pages"}],"about":[{"href":"https:\/\/visitpeipsi.com\/ru\/wp-json\/wp\/v2\/types\/page"}],"author":[{"embeddable":true,"href":"https:\/\/visitpeipsi.com\/ru\/wp-json\/wp\/v2\/users\/5"}],"replies":[{"embeddable":true,"href":"https:\/\/visitpeipsi.com\/ru\/wp-json\/wp\/v2\/comments?post=610"}],"version-history":[{"count":0,"href":"https:\/\/visitpeipsi.com\/ru\/wp-json\/wp\/v2\/pages\/610\/revisions"}],"up":[{"embeddable":true,"href":"https:\/\/visitpeipsi.com\/ru\/wp-json\/wp\/v2\/pages\/590"}],"wp:featuredmedia":[{"embeddable":true,"href":"https:\/\/visitpeipsi.com\/ru\/wp-json\/wp\/v2\/media\/2934"}],"wp:attachment":[{"href":"https:\/\/visitpeipsi.com\/ru\/wp-json\/wp\/v2\/media?parent=610"}],"curies":[{"name":"wp","href":"https:\/\/api.w.org\/{rel}","templated":true}]}}