{"id":614,"date":"2017-04-27T22:41:44","date_gmt":"2017-04-27T20:41:44","guid":{"rendered":"https:\/\/visitpeipsi.com\/?page_id=614\/"},"modified":"2017-04-27T22:41:44","modified_gmt":"2017-04-27T20:41:44","slug":"%d0%bb%d0%b5%d1%82%d0%be-%d0%b2-peipsimaa","status":"publish","type":"page","link":"https:\/\/visitpeipsi.com\/ru\/%d0%bf%d1%80%d0%b8%d0%ba%d0%bb%d1%8e%d1%87%d0%b5%d0%bd%d0%b8%d0%b5\/%d0%bb%d0%b5%d1%82%d0%be-%d0%b2-peipsimaa\/","title":{"rendered":"\u041b\u0435\u0442\u043e \u0432 Peipsimaa"},"content":{"rendered":"<p>Peipsi suvi. Juunis on palju s\u00e4\u00e4ski, jahedad \u00f5htud, aga k\u00f5ige \u00e4kilisema p\u00e4ikesega p\u00e4evad. Esimesed metsmaasikad. Suvi on alles ees.<\/p>\n<p>Juuli &#8212; klassikaline suvituskuu. Palju s\u00f5pru, grillimist, jutuvada. Mustikaid ja vaarikaid korjamas k\u00e4ies on \u00f5hk putukate suminat t\u00e4is, rohutirtsud saevad otse p\u00e4evitajatele k\u00f5rva. Magus elu!<br \/>\nTore on Peipsi ilusal juulip\u00e4eval, mis p\u00e4ike ripub pilvitus taevas, puhub hingtasa l\u00f5unatuul ja p\u00f5uavina senendab pauguses. Nagu hiiglapeegel s\u00e4rab siis ta pind ja m\u00f5ni kauge lodjapuri paistab kui valge monument \u00f5rnsinisel pinnal. Juulikuus seob Peipsi j\u00e4rvefestival \u00fcheks pikaks teekonnaks kokku sadamad, kultuurid, inimesed ja maitsed.<\/p>\n<p>Augustis on \u00e4ike. Kaldaservalt saab imetleda valgusem\u00e4ngu j\u00e4rve kohal, mis on nii v\u00f5imas, et isegi hirm m\u00f5ristamise ees kaob \u00e4ra. P\u00e4eval ilmuvad sedav\u00f5rd v\u00f5imsad vikerkaared, et tahaks v\u00e4gisi nendeni ujuda.<\/p>\n","protected":false},"excerpt":{"rendered":"<p>Peipsi suvi. Juunis on palju s\u00e4\u00e4ski, jahedad \u00f5htud, aga k\u00f5ige \u00e4kilisema p\u00e4ikesega p\u00e4evad. Esimesed metsmaasikad. Suvi on alles ees. Juuli &#8212; klassikaline suvituskuu. Palju s\u00f5pru, grillimist, jutuvada. Mustikaid ja vaarikaid korjamas k\u00e4ies on \u00f5hk putukate suminat t\u00e4is, rohutirtsud saevad otse p\u00e4evitajatele k\u00f5rva. Magus elu! Tore on Peipsi ilusal juulip\u00e4eval, mis p\u00e4ike ripub pilvitus taevas, puhub [&hellip;]<\/p>\n","protected":false},"author":5,"featured_media":2923,"parent":590,"menu_order":0,"comment_status":"closed","ping_status":"closed","template":"","meta":{"footnotes":""},"class_list":["post-614","page","type-page","status-publish","has-post-thumbnail","hentry"],"yoast_head":"<!-- This site is optimized with the Yoast SEO plugin v27.4 - https:\/\/yoast.com\/product\/yoast-seo-wordpress\/ -->\n<title>\u041b\u0435\u0442\u043e \u0432 Peipsimaa - Visitpeipsi<\/title>\n<meta name=\"robots\" content=\"index, follow, max-snippet:-1, max-image-preview:large, max-video-preview:-1\" \/>\n<meta property=\"og:locale\" content=\"ru_RU\" \/>\n<meta property=\"og:type\" content=\"article\" \/>\n<meta property=\"og:title\" content=\"\u041b\u0435\u0442\u043e \u0432 Peipsimaa - Visitpeipsi\" \/>\n<meta property=\"og:description\" content=\"Peipsi suvi. Juunis on palju s\u00e4\u00e4ski, jahedad \u00f5htud, aga k\u00f5ige \u00e4kilisema p\u00e4ikesega p\u00e4evad. Esimesed metsmaasikad. Suvi on alles ees. Juuli &#8212; klassikaline suvituskuu. Palju s\u00f5pru, grillimist, jutuvada. Mustikaid ja vaarikaid korjamas k\u00e4ies on \u00f5hk putukate suminat t\u00e4is, rohutirtsud saevad otse p\u00e4evitajatele k\u00f5rva. Magus elu! Tore on Peipsi ilusal juulip\u00e4eval, mis p\u00e4ike ripub pilvitus taevas, puhub [&hellip;]\" \/>\n<meta property=\"og:url\" content=\"https:\/\/visitpeipsi.com\/ru\/\u043f\u0440\u0438\u043a\u043b\u044e\u0447\u0435\u043d\u0438\u0435\/\u043b\u0435\u0442\u043e-\u0432-peipsimaa\/\" \/>\n<meta property=\"og:site_name\" content=\"Visitpeipsi\" \/>\n<meta property=\"article:publisher\" content=\"https:\/\/www.facebook.com\/visitpeipsi\" \/>\n<meta property=\"og:image\" content=\"https:\/\/visitpeipsi.com\/wp-content\/uploads\/2017\/03\/peipsilained.jpg\" \/>\n\t<meta property=\"og:image:width\" content=\"1400\" \/>\n\t<meta property=\"og:image:height\" content=\"609\" \/>\n\t<meta property=\"og:image:type\" content=\"image\/jpeg\" \/>\n<meta name=\"twitter:card\" content=\"summary_large_image\" \/>\n<meta name=\"twitter:label1\" content=\"\u041f\u0440\u0438\u043c\u0435\u0440\u043d\u043e\u0435 \u0432\u0440\u0435\u043c\u044f \u0434\u043b\u044f \u0447\u0442\u0435\u043d\u0438\u044f\" \/>\n\t<meta name=\"twitter:data1\" content=\"1 \u043c\u0438\u043d\u0443\u0442\u0430\" \/>\n<script type=\"application\/ld+json\" class=\"yoast-schema-graph\">{\"@context\":\"https:\\\/\\\/schema.org\",\"@graph\":[{\"@type\":\"WebPage\",\"@id\":\"https:\\\/\\\/visitpeipsi.com\\\/ru\\\/%d0%bf%d1%80%d0%b8%d0%ba%d0%bb%d1%8e%d1%87%d0%b5%d0%bd%d0%b8%d0%b5\\\/%d0%bb%d0%b5%d1%82%d0%be-%d0%b2-peipsimaa\\\/\",\"url\":\"https:\\\/\\\/visitpeipsi.com\\\/ru\\\/%d0%bf%d1%80%d0%b8%d0%ba%d0%bb%d1%8e%d1%87%d0%b5%d0%bd%d0%b8%d0%b5\\\/%d0%bb%d0%b5%d1%82%d0%be-%d0%b2-peipsimaa\\\/\",\"name\":\"\u041b\u0435\u0442\u043e \u0432 Peipsimaa - Visitpeipsi\",\"isPartOf\":{\"@id\":\"https:\\\/\\\/visitpeipsi.com\\\/#website\"},\"primaryImageOfPage\":{\"@id\":\"https:\\\/\\\/visitpeipsi.com\\\/ru\\\/%d0%bf%d1%80%d0%b8%d0%ba%d0%bb%d1%8e%d1%87%d0%b5%d0%bd%d0%b8%d0%b5\\\/%d0%bb%d0%b5%d1%82%d0%be-%d0%b2-peipsimaa\\\/#primaryimage\"},\"image\":{\"@id\":\"https:\\\/\\\/visitpeipsi.com\\\/ru\\\/%d0%bf%d1%80%d0%b8%d0%ba%d0%bb%d1%8e%d1%87%d0%b5%d0%bd%d0%b8%d0%b5\\\/%d0%bb%d0%b5%d1%82%d0%be-%d0%b2-peipsimaa\\\/#primaryimage\"},\"thumbnailUrl\":\"https:\\\/\\\/visitpeipsi.com\\\/wp-content\\\/uploads\\\/2025\\\/01\\\/peipsilained.jpg\",\"datePublished\":\"2017-04-27T20:41:44+00:00\",\"breadcrumb\":{\"@id\":\"https:\\\/\\\/visitpeipsi.com\\\/ru\\\/%d0%bf%d1%80%d0%b8%d0%ba%d0%bb%d1%8e%d1%87%d0%b5%d0%bd%d0%b8%d0%b5\\\/%d0%bb%d0%b5%d1%82%d0%be-%d0%b2-peipsimaa\\\/#breadcrumb\"},\"inLanguage\":\"ru-RU\",\"potentialAction\":[{\"@type\":\"ReadAction\",\"target\":[\"https:\\\/\\\/visitpeipsi.com\\\/ru\\\/%d0%bf%d1%80%d0%b8%d0%ba%d0%bb%d1%8e%d1%87%d0%b5%d0%bd%d0%b8%d0%b5\\\/%d0%bb%d0%b5%d1%82%d0%be-%d0%b2-peipsimaa\\\/\"]}]},{\"@type\":\"ImageObject\",\"inLanguage\":\"ru-RU\",\"@id\":\"https:\\\/\\\/visitpeipsi.com\\\/ru\\\/%d0%bf%d1%80%d0%b8%d0%ba%d0%bb%d1%8e%d1%87%d0%b5%d0%bd%d0%b8%d0%b5\\\/%d0%bb%d0%b5%d1%82%d0%be-%d0%b2-peipsimaa\\\/#primaryimage\",\"url\":\"https:\\\/\\\/visitpeipsi.com\\\/wp-content\\\/uploads\\\/2025\\\/01\\\/peipsilained.jpg\",\"contentUrl\":\"https:\\\/\\\/visitpeipsi.com\\\/wp-content\\\/uploads\\\/2025\\\/01\\\/peipsilained.jpg\",\"width\":1900,\"height\":500},{\"@type\":\"BreadcrumbList\",\"@id\":\"https:\\\/\\\/visitpeipsi.com\\\/ru\\\/%d0%bf%d1%80%d0%b8%d0%ba%d0%bb%d1%8e%d1%87%d0%b5%d0%bd%d0%b8%d0%b5\\\/%d0%bb%d0%b5%d1%82%d0%be-%d0%b2-peipsimaa\\\/#breadcrumb\",\"itemListElement\":[{\"@type\":\"ListItem\",\"position\":1,\"name\":\"\u041f\u0443\u0442\u0435\u0448\u0435\u0441\u0442\u0432\u0438\u044f\",\"item\":\"https:\\\/\\\/visitpeipsi.com\\\/ru\\\/%d0%bf%d1%80%d0%b8%d0%ba%d0%bb%d1%8e%d1%87%d0%b5%d0%bd%d0%b8%d0%b5\\\/\"},{\"@type\":\"ListItem\",\"position\":2,\"name\":\"\u041b\u0435\u0442\u043e \u0432 Peipsimaa\"}]},{\"@type\":\"WebSite\",\"@id\":\"https:\\\/\\\/visitpeipsi.com\\\/#website\",\"url\":\"https:\\\/\\\/visitpeipsi.com\\\/\",\"name\":\"Visitpeipsi\",\"description\":\"turism, peipsi, vanausulised, kultuur, culture, onion, fish, kala, sibul\",\"publisher\":{\"@id\":\"https:\\\/\\\/visitpeipsi.com\\\/#organization\"},\"potentialAction\":[{\"@type\":\"SearchAction\",\"target\":{\"@type\":\"EntryPoint\",\"urlTemplate\":\"https:\\\/\\\/visitpeipsi.com\\\/?s={search_term_string}\"},\"query-input\":{\"@type\":\"PropertyValueSpecification\",\"valueRequired\":true,\"valueName\":\"search_term_string\"}}],\"inLanguage\":\"ru-RU\"},{\"@type\":\"Organization\",\"@id\":\"https:\\\/\\\/visitpeipsi.com\\\/#organization\",\"name\":\"Peipsimaa turism\",\"url\":\"https:\\\/\\\/visitpeipsi.com\\\/\",\"logo\":{\"@type\":\"ImageObject\",\"inLanguage\":\"ru-RU\",\"@id\":\"https:\\\/\\\/visitpeipsi.com\\\/#\\\/schema\\\/logo\\\/image\\\/\",\"url\":\"https:\\\/\\\/visitpeipsi.com\\\/wp-content\\\/uploads\\\/2020\\\/12\\\/favicon-3.png\",\"contentUrl\":\"https:\\\/\\\/visitpeipsi.com\\\/wp-content\\\/uploads\\\/2020\\\/12\\\/favicon-3.png\",\"width\":512,\"height\":512,\"caption\":\"Peipsimaa turism\"},\"image\":{\"@id\":\"https:\\\/\\\/visitpeipsi.com\\\/#\\\/schema\\\/logo\\\/image\\\/\"},\"sameAs\":[\"https:\\\/\\\/www.facebook.com\\\/visitpeipsi\",\"https:\\\/\\\/www.instagram.com\\\/visitpeipsi\\\/\"]}]}<\/script>\n<!-- \/ Yoast SEO plugin. -->","yoast_head_json":{"title":"\u041b\u0435\u0442\u043e \u0432 Peipsimaa - Visitpeipsi","robots":{"index":"index","follow":"follow","max-snippet":"max-snippet:-1","max-image-preview":"max-image-preview:large","max-video-preview":"max-video-preview:-1"},"og_locale":"ru_RU","og_type":"article","og_title":"\u041b\u0435\u0442\u043e \u0432 Peipsimaa - Visitpeipsi","og_description":"Peipsi suvi. Juunis on palju s\u00e4\u00e4ski, jahedad \u00f5htud, aga k\u00f5ige \u00e4kilisema p\u00e4ikesega p\u00e4evad. Esimesed metsmaasikad. Suvi on alles ees. Juuli &#8212; klassikaline suvituskuu. Palju s\u00f5pru, grillimist, jutuvada. Mustikaid ja vaarikaid korjamas k\u00e4ies on \u00f5hk putukate suminat t\u00e4is, rohutirtsud saevad otse p\u00e4evitajatele k\u00f5rva. Magus elu! Tore on Peipsi ilusal juulip\u00e4eval, mis p\u00e4ike ripub pilvitus taevas, puhub [&hellip;]","og_url":"https:\/\/visitpeipsi.com\/ru\/\u043f\u0440\u0438\u043a\u043b\u044e\u0447\u0435\u043d\u0438\u0435\/\u043b\u0435\u0442\u043e-\u0432-peipsimaa\/","og_site_name":"Visitpeipsi","article_publisher":"https:\/\/www.facebook.com\/visitpeipsi","og_image":[{"width":1400,"height":609,"url":"https:\/\/visitpeipsi.com\/wp-content\/uploads\/2017\/03\/peipsilained.jpg","type":"image\/jpeg"}],"twitter_card":"summary_large_image","twitter_misc":{"\u041f\u0440\u0438\u043c\u0435\u0440\u043d\u043e\u0435 \u0432\u0440\u0435\u043c\u044f \u0434\u043b\u044f \u0447\u0442\u0435\u043d\u0438\u044f":"1 \u043c\u0438\u043d\u0443\u0442\u0430"},"schema":{"@context":"https:\/\/schema.org","@graph":[{"@type":"WebPage","@id":"https:\/\/visitpeipsi.com\/ru\/%d0%bf%d1%80%d0%b8%d0%ba%d0%bb%d1%8e%d1%87%d0%b5%d0%bd%d0%b8%d0%b5\/%d0%bb%d0%b5%d1%82%d0%be-%d0%b2-peipsimaa\/","url":"https:\/\/visitpeipsi.com\/ru\/%d0%bf%d1%80%d0%b8%d0%ba%d0%bb%d1%8e%d1%87%d0%b5%d0%bd%d0%b8%d0%b5\/%d0%bb%d0%b5%d1%82%d0%be-%d0%b2-peipsimaa\/","name":"\u041b\u0435\u0442\u043e \u0432 Peipsimaa - Visitpeipsi","isPartOf":{"@id":"https:\/\/visitpeipsi.com\/#website"},"primaryImageOfPage":{"@id":"https:\/\/visitpeipsi.com\/ru\/%d0%bf%d1%80%d0%b8%d0%ba%d0%bb%d1%8e%d1%87%d0%b5%d0%bd%d0%b8%d0%b5\/%d0%bb%d0%b5%d1%82%d0%be-%d0%b2-peipsimaa\/#primaryimage"},"image":{"@id":"https:\/\/visitpeipsi.com\/ru\/%d0%bf%d1%80%d0%b8%d0%ba%d0%bb%d1%8e%d1%87%d0%b5%d0%bd%d0%b8%d0%b5\/%d0%bb%d0%b5%d1%82%d0%be-%d0%b2-peipsimaa\/#primaryimage"},"thumbnailUrl":"https:\/\/visitpeipsi.com\/wp-content\/uploads\/2025\/01\/peipsilained.jpg","datePublished":"2017-04-27T20:41:44+00:00","breadcrumb":{"@id":"https:\/\/visitpeipsi.com\/ru\/%d0%bf%d1%80%d0%b8%d0%ba%d0%bb%d1%8e%d1%87%d0%b5%d0%bd%d0%b8%d0%b5\/%d0%bb%d0%b5%d1%82%d0%be-%d0%b2-peipsimaa\/#breadcrumb"},"inLanguage":"ru-RU","potentialAction":[{"@type":"ReadAction","target":["https:\/\/visitpeipsi.com\/ru\/%d0%bf%d1%80%d0%b8%d0%ba%d0%bb%d1%8e%d1%87%d0%b5%d0%bd%d0%b8%d0%b5\/%d0%bb%d0%b5%d1%82%d0%be-%d0%b2-peipsimaa\/"]}]},{"@type":"ImageObject","inLanguage":"ru-RU","@id":"https:\/\/visitpeipsi.com\/ru\/%d0%bf%d1%80%d0%b8%d0%ba%d0%bb%d1%8e%d1%87%d0%b5%d0%bd%d0%b8%d0%b5\/%d0%bb%d0%b5%d1%82%d0%be-%d0%b2-peipsimaa\/#primaryimage","url":"https:\/\/visitpeipsi.com\/wp-content\/uploads\/2025\/01\/peipsilained.jpg","contentUrl":"https:\/\/visitpeipsi.com\/wp-content\/uploads\/2025\/01\/peipsilained.jpg","width":1900,"height":500},{"@type":"BreadcrumbList","@id":"https:\/\/visitpeipsi.com\/ru\/%d0%bf%d1%80%d0%b8%d0%ba%d0%bb%d1%8e%d1%87%d0%b5%d0%bd%d0%b8%d0%b5\/%d0%bb%d0%b5%d1%82%d0%be-%d0%b2-peipsimaa\/#breadcrumb","itemListElement":[{"@type":"ListItem","position":1,"name":"\u041f\u0443\u0442\u0435\u0448\u0435\u0441\u0442\u0432\u0438\u044f","item":"https:\/\/visitpeipsi.com\/ru\/%d0%bf%d1%80%d0%b8%d0%ba%d0%bb%d1%8e%d1%87%d0%b5%d0%bd%d0%b8%d0%b5\/"},{"@type":"ListItem","position":2,"name":"\u041b\u0435\u0442\u043e \u0432 Peipsimaa"}]},{"@type":"WebSite","@id":"https:\/\/visitpeipsi.com\/#website","url":"https:\/\/visitpeipsi.com\/","name":"Visitpeipsi","description":"turism, peipsi, vanausulised, kultuur, culture, onion, fish, kala, sibul","publisher":{"@id":"https:\/\/visitpeipsi.com\/#organization"},"potentialAction":[{"@type":"SearchAction","target":{"@type":"EntryPoint","urlTemplate":"https:\/\/visitpeipsi.com\/?s={search_term_string}"},"query-input":{"@type":"PropertyValueSpecification","valueRequired":true,"valueName":"search_term_string"}}],"inLanguage":"ru-RU"},{"@type":"Organization","@id":"https:\/\/visitpeipsi.com\/#organization","name":"Peipsimaa turism","url":"https:\/\/visitpeipsi.com\/","logo":{"@type":"ImageObject","inLanguage":"ru-RU","@id":"https:\/\/visitpeipsi.com\/#\/schema\/logo\/image\/","url":"https:\/\/visitpeipsi.com\/wp-content\/uploads\/2020\/12\/favicon-3.png","contentUrl":"https:\/\/visitpeipsi.com\/wp-content\/uploads\/2020\/12\/favicon-3.png","width":512,"height":512,"caption":"Peipsimaa turism"},"image":{"@id":"https:\/\/visitpeipsi.com\/#\/schema\/logo\/image\/"},"sameAs":["https:\/\/www.facebook.com\/visitpeipsi","https:\/\/www.instagram.com\/visitpeipsi\/"]}]}},"_links":{"self":[{"href":"https:\/\/visitpeipsi.com\/ru\/wp-json\/wp\/v2\/pages\/614","targetHints":{"allow":["GET"]}}],"collection":[{"href":"https:\/\/visitpeipsi.com\/ru\/wp-json\/wp\/v2\/pages"}],"about":[{"href":"https:\/\/visitpeipsi.com\/ru\/wp-json\/wp\/v2\/types\/page"}],"author":[{"embeddable":true,"href":"https:\/\/visitpeipsi.com\/ru\/wp-json\/wp\/v2\/users\/5"}],"replies":[{"embeddable":true,"href":"https:\/\/visitpeipsi.com\/ru\/wp-json\/wp\/v2\/comments?post=614"}],"version-history":[{"count":0,"href":"https:\/\/visitpeipsi.com\/ru\/wp-json\/wp\/v2\/pages\/614\/revisions"}],"up":[{"embeddable":true,"href":"https:\/\/visitpeipsi.com\/ru\/wp-json\/wp\/v2\/pages\/590"}],"wp:featuredmedia":[{"embeddable":true,"href":"https:\/\/visitpeipsi.com\/ru\/wp-json\/wp\/v2\/media\/2923"}],"wp:attachment":[{"href":"https:\/\/visitpeipsi.com\/ru\/wp-json\/wp\/v2\/media?parent=614"}],"curies":[{"name":"wp","href":"https:\/\/api.w.org\/{rel}","templated":true}]}}