{"id":619,"date":"2017-04-27T22:47:04","date_gmt":"2017-04-27T20:47:04","guid":{"rendered":"https:\/\/visitpeipsi.com\/?page_id=619\/"},"modified":"2017-04-27T22:47:04","modified_gmt":"2017-04-27T20:47:04","slug":"%d0%b7%d0%b8%d0%bc%d0%b0-%d0%b2-peipsimaa","status":"publish","type":"page","link":"https:\/\/visitpeipsi.com\/ru\/%d0%bf%d1%80%d0%b8%d0%ba%d0%bb%d1%8e%d1%87%d0%b5%d0%bd%d0%b8%d0%b5\/%d0%b7%d0%b8%d0%bc%d0%b0-%d0%b2-peipsimaa\/","title":{"rendered":"\u0417\u0438\u043c\u0430 \u0432 Peipsimaa"},"content":{"rendered":"<p class=\"p1\"><span class=\"s1\">Talvine kalap\u00fc\u00fck Peipsi j\u00e4rvej\u00e4\u00e4lt on k\u00fclastajatele eriti meelik\u00f6itev. Tuhanded huvilised tulevad kala\u00f5nne proovima sikuska ehk sikutip\u00fc\u00fcgiga. Peipsi sikuti on eriline tindikala meenutav talilant, mis kinnitatakse l\u00fchikese taliridva k\u00fclge. Sellega p\u00fc\u00fctakse j\u00e4\u00e4august ahvenat, siiga ja teisi kalu. Toreda talvise elamusretke v\u00f5ib tellida kohalikult kalap\u00fc\u00fcgikorraldajalt, kes s\u00f5idutab soovijad kalakohta erilise uppumatu s\u00f5iduriista karakatitsaga. \u00d5nnestunud kalaretke j\u00e4rel v\u00f5ib juhendaja k\u00e4e all \u00f5ppida kala rooga valmistama, tunda m\u00f5nu kuumast saunast v\u00f5i j\u00e4\u00e4da koguni j\u00e4rvej\u00e4\u00e4le telki \u00f6\u00f6bima, et hommikuh\u00e4maruses taas kala\u00f5nne proovida. <\/span><\/p>\n","protected":false},"excerpt":{"rendered":"<p>Talvine kalap\u00fc\u00fck Peipsi j\u00e4rvej\u00e4\u00e4lt on k\u00fclastajatele eriti meelik\u00f6itev. Tuhanded huvilised tulevad kala\u00f5nne proovima sikuska ehk sikutip\u00fc\u00fcgiga. Peipsi sikuti on eriline tindikala meenutav talilant, mis kinnitatakse l\u00fchikese taliridva k\u00fclge. Sellega p\u00fc\u00fctakse j\u00e4\u00e4august ahvenat, siiga ja teisi kalu. Toreda talvise elamusretke v\u00f5ib tellida kohalikult kalap\u00fc\u00fcgikorraldajalt, kes s\u00f5idutab soovijad kalakohta erilise uppumatu s\u00f5iduriista karakatitsaga. \u00d5nnestunud kalaretke j\u00e4rel v\u00f5ib [&hellip;]<\/p>\n","protected":false},"author":5,"featured_media":432,"parent":590,"menu_order":0,"comment_status":"closed","ping_status":"closed","template":"","meta":{"footnotes":""},"class_list":["post-619","page","type-page","status-publish","has-post-thumbnail","hentry"],"yoast_head":"<!-- This site is optimized with the Yoast SEO plugin v26.7 - https:\/\/yoast.com\/wordpress\/plugins\/seo\/ -->\n<title>\u0417\u0438\u043c\u0430 \u0432 Peipsimaa - Visitpeipsi<\/title>\n<meta name=\"robots\" content=\"index, follow, max-snippet:-1, max-image-preview:large, max-video-preview:-1\" \/>\n<meta property=\"og:locale\" content=\"ru_RU\" \/>\n<meta property=\"og:type\" content=\"article\" \/>\n<meta property=\"og:title\" content=\"\u0417\u0438\u043c\u0430 \u0432 Peipsimaa - Visitpeipsi\" \/>\n<meta property=\"og:description\" content=\"Talvine kalap\u00fc\u00fck Peipsi j\u00e4rvej\u00e4\u00e4lt on k\u00fclastajatele eriti meelik\u00f6itev. Tuhanded huvilised tulevad kala\u00f5nne proovima sikuska ehk sikutip\u00fc\u00fcgiga. Peipsi sikuti on eriline tindikala meenutav talilant, mis kinnitatakse l\u00fchikese taliridva k\u00fclge. Sellega p\u00fc\u00fctakse j\u00e4\u00e4august ahvenat, siiga ja teisi kalu. Toreda talvise elamusretke v\u00f5ib tellida kohalikult kalap\u00fc\u00fcgikorraldajalt, kes s\u00f5idutab soovijad kalakohta erilise uppumatu s\u00f5iduriista karakatitsaga. \u00d5nnestunud kalaretke j\u00e4rel v\u00f5ib [&hellip;]\" \/>\n<meta property=\"og:url\" content=\"https:\/\/visitpeipsi.com\/ru\/\u043f\u0440\u0438\u043a\u043b\u044e\u0447\u0435\u043d\u0438\u0435\/\u0437\u0438\u043c\u0430-\u0432-peipsimaa\/\" \/>\n<meta property=\"og:site_name\" content=\"Visitpeipsi\" \/>\n<meta property=\"article:publisher\" content=\"https:\/\/www.facebook.com\/visitpeipsi\" \/>\n<meta property=\"og:image\" content=\"https:\/\/visitpeipsi.com\/wp-content\/uploads\/2017\/03\/mustvee1.jpg\" \/>\n\t<meta property=\"og:image:width\" content=\"1400\" \/>\n\t<meta property=\"og:image:height\" content=\"549\" \/>\n\t<meta property=\"og:image:type\" content=\"image\/jpeg\" \/>\n<meta name=\"twitter:card\" content=\"summary_large_image\" \/>\n<meta name=\"twitter:label1\" content=\"\u041f\u0440\u0438\u043c\u0435\u0440\u043d\u043e\u0435 \u0432\u0440\u0435\u043c\u044f \u0434\u043b\u044f \u0447\u0442\u0435\u043d\u0438\u044f\" \/>\n\t<meta name=\"twitter:data1\" content=\"1 \u043c\u0438\u043d\u0443\u0442\u0430\" \/>\n<script type=\"application\/ld+json\" class=\"yoast-schema-graph\">{\"@context\":\"https:\/\/schema.org\",\"@graph\":[{\"@type\":\"WebPage\",\"@id\":\"https:\/\/visitpeipsi.com\/ru\/%d0%bf%d1%80%d0%b8%d0%ba%d0%bb%d1%8e%d1%87%d0%b5%d0%bd%d0%b8%d0%b5\/%d0%b7%d0%b8%d0%bc%d0%b0-%d0%b2-peipsimaa\/\",\"url\":\"https:\/\/visitpeipsi.com\/ru\/%d0%bf%d1%80%d0%b8%d0%ba%d0%bb%d1%8e%d1%87%d0%b5%d0%bd%d0%b8%d0%b5\/%d0%b7%d0%b8%d0%bc%d0%b0-%d0%b2-peipsimaa\/\",\"name\":\"\u0417\u0438\u043c\u0430 \u0432 Peipsimaa - Visitpeipsi\",\"isPartOf\":{\"@id\":\"https:\/\/visitpeipsi.com\/#website\"},\"primaryImageOfPage\":{\"@id\":\"https:\/\/visitpeipsi.com\/ru\/%d0%bf%d1%80%d0%b8%d0%ba%d0%bb%d1%8e%d1%87%d0%b5%d0%bd%d0%b8%d0%b5\/%d0%b7%d0%b8%d0%bc%d0%b0-%d0%b2-peipsimaa\/#primaryimage\"},\"image\":{\"@id\":\"https:\/\/visitpeipsi.com\/ru\/%d0%bf%d1%80%d0%b8%d0%ba%d0%bb%d1%8e%d1%87%d0%b5%d0%bd%d0%b8%d0%b5\/%d0%b7%d0%b8%d0%bc%d0%b0-%d0%b2-peipsimaa\/#primaryimage\"},\"thumbnailUrl\":\"https:\/\/visitpeipsi.com\/wp-content\/uploads\/2017\/03\/mustvee1.jpg\",\"datePublished\":\"2017-04-27T20:47:04+00:00\",\"breadcrumb\":{\"@id\":\"https:\/\/visitpeipsi.com\/ru\/%d0%bf%d1%80%d0%b8%d0%ba%d0%bb%d1%8e%d1%87%d0%b5%d0%bd%d0%b8%d0%b5\/%d0%b7%d0%b8%d0%bc%d0%b0-%d0%b2-peipsimaa\/#breadcrumb\"},\"inLanguage\":\"ru-RU\",\"potentialAction\":[{\"@type\":\"ReadAction\",\"target\":[\"https:\/\/visitpeipsi.com\/ru\/%d0%bf%d1%80%d0%b8%d0%ba%d0%bb%d1%8e%d1%87%d0%b5%d0%bd%d0%b8%d0%b5\/%d0%b7%d0%b8%d0%bc%d0%b0-%d0%b2-peipsimaa\/\"]}]},{\"@type\":\"ImageObject\",\"inLanguage\":\"ru-RU\",\"@id\":\"https:\/\/visitpeipsi.com\/ru\/%d0%bf%d1%80%d0%b8%d0%ba%d0%bb%d1%8e%d1%87%d0%b5%d0%bd%d0%b8%d0%b5\/%d0%b7%d0%b8%d0%bc%d0%b0-%d0%b2-peipsimaa\/#primaryimage\",\"url\":\"https:\/\/visitpeipsi.com\/wp-content\/uploads\/2017\/03\/mustvee1.jpg\",\"contentUrl\":\"https:\/\/visitpeipsi.com\/wp-content\/uploads\/2017\/03\/mustvee1.jpg\",\"width\":1400,\"height\":549},{\"@type\":\"BreadcrumbList\",\"@id\":\"https:\/\/visitpeipsi.com\/ru\/%d0%bf%d1%80%d0%b8%d0%ba%d0%bb%d1%8e%d1%87%d0%b5%d0%bd%d0%b8%d0%b5\/%d0%b7%d0%b8%d0%bc%d0%b0-%d0%b2-peipsimaa\/#breadcrumb\",\"itemListElement\":[{\"@type\":\"ListItem\",\"position\":1,\"name\":\"\u041f\u0443\u0442\u0435\u0448\u0435\u0441\u0442\u0432\u0438\u044f\",\"item\":\"https:\/\/visitpeipsi.com\/ru\/%d0%bf%d1%80%d0%b8%d0%ba%d0%bb%d1%8e%d1%87%d0%b5%d0%bd%d0%b8%d0%b5\/\"},{\"@type\":\"ListItem\",\"position\":2,\"name\":\"\u0417\u0438\u043c\u0430 \u0432 Peipsimaa\"}]},{\"@type\":\"WebSite\",\"@id\":\"https:\/\/visitpeipsi.com\/#website\",\"url\":\"https:\/\/visitpeipsi.com\/\",\"name\":\"Visitpeipsi\",\"description\":\"turism, peipsi, vanausulised, kultuur, culture, onion, fish, kala, sibul\",\"publisher\":{\"@id\":\"https:\/\/visitpeipsi.com\/#organization\"},\"potentialAction\":[{\"@type\":\"SearchAction\",\"target\":{\"@type\":\"EntryPoint\",\"urlTemplate\":\"https:\/\/visitpeipsi.com\/?s={search_term_string}\"},\"query-input\":{\"@type\":\"PropertyValueSpecification\",\"valueRequired\":true,\"valueName\":\"search_term_string\"}}],\"inLanguage\":\"ru-RU\"},{\"@type\":\"Organization\",\"@id\":\"https:\/\/visitpeipsi.com\/#organization\",\"name\":\"Peipsimaa turism\",\"url\":\"https:\/\/visitpeipsi.com\/\",\"logo\":{\"@type\":\"ImageObject\",\"inLanguage\":\"ru-RU\",\"@id\":\"https:\/\/visitpeipsi.com\/#\/schema\/logo\/image\/\",\"url\":\"https:\/\/visitpeipsi.com\/wp-content\/uploads\/2020\/12\/favicon-3.png\",\"contentUrl\":\"https:\/\/visitpeipsi.com\/wp-content\/uploads\/2020\/12\/favicon-3.png\",\"width\":512,\"height\":512,\"caption\":\"Peipsimaa turism\"},\"image\":{\"@id\":\"https:\/\/visitpeipsi.com\/#\/schema\/logo\/image\/\"},\"sameAs\":[\"https:\/\/www.facebook.com\/visitpeipsi\",\"https:\/\/www.instagram.com\/visitpeipsi\/\"]}]}<\/script>\n<!-- \/ Yoast SEO plugin. -->","yoast_head_json":{"title":"\u0417\u0438\u043c\u0430 \u0432 Peipsimaa - Visitpeipsi","robots":{"index":"index","follow":"follow","max-snippet":"max-snippet:-1","max-image-preview":"max-image-preview:large","max-video-preview":"max-video-preview:-1"},"og_locale":"ru_RU","og_type":"article","og_title":"\u0417\u0438\u043c\u0430 \u0432 Peipsimaa - Visitpeipsi","og_description":"Talvine kalap\u00fc\u00fck Peipsi j\u00e4rvej\u00e4\u00e4lt on k\u00fclastajatele eriti meelik\u00f6itev. Tuhanded huvilised tulevad kala\u00f5nne proovima sikuska ehk sikutip\u00fc\u00fcgiga. Peipsi sikuti on eriline tindikala meenutav talilant, mis kinnitatakse l\u00fchikese taliridva k\u00fclge. Sellega p\u00fc\u00fctakse j\u00e4\u00e4august ahvenat, siiga ja teisi kalu. Toreda talvise elamusretke v\u00f5ib tellida kohalikult kalap\u00fc\u00fcgikorraldajalt, kes s\u00f5idutab soovijad kalakohta erilise uppumatu s\u00f5iduriista karakatitsaga. \u00d5nnestunud kalaretke j\u00e4rel v\u00f5ib [&hellip;]","og_url":"https:\/\/visitpeipsi.com\/ru\/\u043f\u0440\u0438\u043a\u043b\u044e\u0447\u0435\u043d\u0438\u0435\/\u0437\u0438\u043c\u0430-\u0432-peipsimaa\/","og_site_name":"Visitpeipsi","article_publisher":"https:\/\/www.facebook.com\/visitpeipsi","og_image":[{"width":1400,"height":549,"url":"https:\/\/visitpeipsi.com\/wp-content\/uploads\/2017\/03\/mustvee1.jpg","type":"image\/jpeg"}],"twitter_card":"summary_large_image","twitter_misc":{"\u041f\u0440\u0438\u043c\u0435\u0440\u043d\u043e\u0435 \u0432\u0440\u0435\u043c\u044f \u0434\u043b\u044f \u0447\u0442\u0435\u043d\u0438\u044f":"1 \u043c\u0438\u043d\u0443\u0442\u0430"},"schema":{"@context":"https:\/\/schema.org","@graph":[{"@type":"WebPage","@id":"https:\/\/visitpeipsi.com\/ru\/%d0%bf%d1%80%d0%b8%d0%ba%d0%bb%d1%8e%d1%87%d0%b5%d0%bd%d0%b8%d0%b5\/%d0%b7%d0%b8%d0%bc%d0%b0-%d0%b2-peipsimaa\/","url":"https:\/\/visitpeipsi.com\/ru\/%d0%bf%d1%80%d0%b8%d0%ba%d0%bb%d1%8e%d1%87%d0%b5%d0%bd%d0%b8%d0%b5\/%d0%b7%d0%b8%d0%bc%d0%b0-%d0%b2-peipsimaa\/","name":"\u0417\u0438\u043c\u0430 \u0432 Peipsimaa - Visitpeipsi","isPartOf":{"@id":"https:\/\/visitpeipsi.com\/#website"},"primaryImageOfPage":{"@id":"https:\/\/visitpeipsi.com\/ru\/%d0%bf%d1%80%d0%b8%d0%ba%d0%bb%d1%8e%d1%87%d0%b5%d0%bd%d0%b8%d0%b5\/%d0%b7%d0%b8%d0%bc%d0%b0-%d0%b2-peipsimaa\/#primaryimage"},"image":{"@id":"https:\/\/visitpeipsi.com\/ru\/%d0%bf%d1%80%d0%b8%d0%ba%d0%bb%d1%8e%d1%87%d0%b5%d0%bd%d0%b8%d0%b5\/%d0%b7%d0%b8%d0%bc%d0%b0-%d0%b2-peipsimaa\/#primaryimage"},"thumbnailUrl":"https:\/\/visitpeipsi.com\/wp-content\/uploads\/2017\/03\/mustvee1.jpg","datePublished":"2017-04-27T20:47:04+00:00","breadcrumb":{"@id":"https:\/\/visitpeipsi.com\/ru\/%d0%bf%d1%80%d0%b8%d0%ba%d0%bb%d1%8e%d1%87%d0%b5%d0%bd%d0%b8%d0%b5\/%d0%b7%d0%b8%d0%bc%d0%b0-%d0%b2-peipsimaa\/#breadcrumb"},"inLanguage":"ru-RU","potentialAction":[{"@type":"ReadAction","target":["https:\/\/visitpeipsi.com\/ru\/%d0%bf%d1%80%d0%b8%d0%ba%d0%bb%d1%8e%d1%87%d0%b5%d0%bd%d0%b8%d0%b5\/%d0%b7%d0%b8%d0%bc%d0%b0-%d0%b2-peipsimaa\/"]}]},{"@type":"ImageObject","inLanguage":"ru-RU","@id":"https:\/\/visitpeipsi.com\/ru\/%d0%bf%d1%80%d0%b8%d0%ba%d0%bb%d1%8e%d1%87%d0%b5%d0%bd%d0%b8%d0%b5\/%d0%b7%d0%b8%d0%bc%d0%b0-%d0%b2-peipsimaa\/#primaryimage","url":"https:\/\/visitpeipsi.com\/wp-content\/uploads\/2017\/03\/mustvee1.jpg","contentUrl":"https:\/\/visitpeipsi.com\/wp-content\/uploads\/2017\/03\/mustvee1.jpg","width":1400,"height":549},{"@type":"BreadcrumbList","@id":"https:\/\/visitpeipsi.com\/ru\/%d0%bf%d1%80%d0%b8%d0%ba%d0%bb%d1%8e%d1%87%d0%b5%d0%bd%d0%b8%d0%b5\/%d0%b7%d0%b8%d0%bc%d0%b0-%d0%b2-peipsimaa\/#breadcrumb","itemListElement":[{"@type":"ListItem","position":1,"name":"\u041f\u0443\u0442\u0435\u0448\u0435\u0441\u0442\u0432\u0438\u044f","item":"https:\/\/visitpeipsi.com\/ru\/%d0%bf%d1%80%d0%b8%d0%ba%d0%bb%d1%8e%d1%87%d0%b5%d0%bd%d0%b8%d0%b5\/"},{"@type":"ListItem","position":2,"name":"\u0417\u0438\u043c\u0430 \u0432 Peipsimaa"}]},{"@type":"WebSite","@id":"https:\/\/visitpeipsi.com\/#website","url":"https:\/\/visitpeipsi.com\/","name":"Visitpeipsi","description":"turism, peipsi, vanausulised, kultuur, culture, onion, fish, kala, sibul","publisher":{"@id":"https:\/\/visitpeipsi.com\/#organization"},"potentialAction":[{"@type":"SearchAction","target":{"@type":"EntryPoint","urlTemplate":"https:\/\/visitpeipsi.com\/?s={search_term_string}"},"query-input":{"@type":"PropertyValueSpecification","valueRequired":true,"valueName":"search_term_string"}}],"inLanguage":"ru-RU"},{"@type":"Organization","@id":"https:\/\/visitpeipsi.com\/#organization","name":"Peipsimaa turism","url":"https:\/\/visitpeipsi.com\/","logo":{"@type":"ImageObject","inLanguage":"ru-RU","@id":"https:\/\/visitpeipsi.com\/#\/schema\/logo\/image\/","url":"https:\/\/visitpeipsi.com\/wp-content\/uploads\/2020\/12\/favicon-3.png","contentUrl":"https:\/\/visitpeipsi.com\/wp-content\/uploads\/2020\/12\/favicon-3.png","width":512,"height":512,"caption":"Peipsimaa turism"},"image":{"@id":"https:\/\/visitpeipsi.com\/#\/schema\/logo\/image\/"},"sameAs":["https:\/\/www.facebook.com\/visitpeipsi","https:\/\/www.instagram.com\/visitpeipsi\/"]}]}},"_links":{"self":[{"href":"https:\/\/visitpeipsi.com\/ru\/wp-json\/wp\/v2\/pages\/619","targetHints":{"allow":["GET"]}}],"collection":[{"href":"https:\/\/visitpeipsi.com\/ru\/wp-json\/wp\/v2\/pages"}],"about":[{"href":"https:\/\/visitpeipsi.com\/ru\/wp-json\/wp\/v2\/types\/page"}],"author":[{"embeddable":true,"href":"https:\/\/visitpeipsi.com\/ru\/wp-json\/wp\/v2\/users\/5"}],"replies":[{"embeddable":true,"href":"https:\/\/visitpeipsi.com\/ru\/wp-json\/wp\/v2\/comments?post=619"}],"version-history":[{"count":0,"href":"https:\/\/visitpeipsi.com\/ru\/wp-json\/wp\/v2\/pages\/619\/revisions"}],"up":[{"embeddable":true,"href":"https:\/\/visitpeipsi.com\/ru\/wp-json\/wp\/v2\/pages\/590"}],"wp:featuredmedia":[{"embeddable":true,"href":"https:\/\/visitpeipsi.com\/ru\/wp-json\/wp\/v2\/media\/432"}],"wp:attachment":[{"href":"https:\/\/visitpeipsi.com\/ru\/wp-json\/wp\/v2\/media?parent=619"}],"curies":[{"name":"wp","href":"https:\/\/api.w.org\/{rel}","templated":true}]}}